{"id":75075,"date":"2025-12-10T10:20:12","date_gmt":"2025-12-10T09:20:12","guid":{"rendered":"https:\/\/www.amiblu.com\/?page_id=75075"},"modified":"2026-02-23T11:23:35","modified_gmt":"2026-02-23T10:23:35","slug":"kalkulator-doboru-przepustow-komunikacyjnych","status":"publish","type":"page","link":"https:\/\/www.amiblu.com\/pl\/kalkulator-doboru-przepustow-komunikacyjnych\/","title":{"rendered":"Kalkulator doboru przepust\u00f3w komunikacyjnych"},"content":{"rendered":"<div id='full_slider_1'  class='avia-fullwidth-slider main_color avia-shadow   avia-builder-el-0  el_before_av_section  avia-builder-el-first   container_wrap fullsize'  ><div  class='avia-slideshow av-mj91dru5-80e13922ca8b16653b92d483a7be0a10 avia-slideshow-no scaling av_slideshow_full avia-slide-slider av-slideshow-ui av-control-hidden av-no-slider-navigation av-hide-nav-arrows av-slideshow-manual av-loop-once av-loop-manual-once av-default-height-applied  image_no_stretch avia-slideshow-1' data-slideshow-options=\"{&quot;animation&quot;:&quot;slide&quot;,&quot;autoplay&quot;:false,&quot;loop_autoplay&quot;:&quot;once&quot;,&quot;interval&quot;:5,&quot;loop_manual&quot;:&quot;manual-once&quot;,&quot;autoplay_stopper&quot;:false,&quot;noNavigation&quot;:true,&quot;bg_slider&quot;:false,&quot;keep_padding&quot;:false,&quot;hoverpause&quot;:false,&quot;show_slide_delay&quot;:0}\"  itemprop=\"image\" itemscope=\"itemscope\" itemtype=\"https:\/\/schema.org\/ImageObject\" ><ul class='avia-slideshow-inner ' style='padding-bottom: 26.041666666667%;'><li  class='avia-slideshow-slide av-mj91dru5-80e13922ca8b16653b92d483a7be0a10__0  av-single-slide slide-1 slide-odd'><div data-rel='slideshow-1' class='avia-slide-wrap '   ><img fetchpriority=\"high\" fetchpriority=\"high\" decoding=\"async\" fetchpriority=\"high\" class=\"wp-image-75593 avia-img-lazy-loading-not-75593\"  src=\"https:\/\/www.amiblu.com\/wp-content\/uploads\/Amiblu-subpage-banner-Kalkulator-doboru-przepustow-komunikacyjnych-500px.webp\" width=\"1920\" height=\"500\" title='Amiblu-subpage-banner-Kalkulator-doboru-przepustow-komunikacyjnych-500px' alt='Kalkulator doboru przepust\u00f3w komunikacyjnych'  itemprop=\"thumbnailUrl\" srcset=\"https:\/\/www.amiblu.com\/wp-content\/uploads\/Amiblu-subpage-banner-Kalkulator-doboru-przepustow-komunikacyjnych-500px.webp 1920w, https:\/\/www.amiblu.com\/wp-content\/uploads\/Amiblu-subpage-banner-Kalkulator-doboru-przepustow-komunikacyjnych-500px-300x78.webp 300w, https:\/\/www.amiblu.com\/wp-content\/uploads\/Amiblu-subpage-banner-Kalkulator-doboru-przepustow-komunikacyjnych-500px-1030x268.webp 1030w, https:\/\/www.amiblu.com\/wp-content\/uploads\/Amiblu-subpage-banner-Kalkulator-doboru-przepustow-komunikacyjnych-500px-768x200.webp 768w, https:\/\/www.amiblu.com\/wp-content\/uploads\/Amiblu-subpage-banner-Kalkulator-doboru-przepustow-komunikacyjnych-500px-1536x400.webp 1536w, https:\/\/www.amiblu.com\/wp-content\/uploads\/Amiblu-subpage-banner-Kalkulator-doboru-przepustow-komunikacyjnych-500px-1500x391.webp 1500w, https:\/\/www.amiblu.com\/wp-content\/uploads\/Amiblu-subpage-banner-Kalkulator-doboru-przepustow-komunikacyjnych-500px-705x184.webp 705w\" sizes=\"(max-width: 1920px) 100vw, 1920px\" \/><\/div><\/li><\/ul><\/div><\/div>\n<div id='av_section_1'  class='avia-section av-2ipshc3-3bce80b65a86e29fb0f77ffcf04efd46 main_color avia-section-default avia-no-border-styling  avia-builder-el-1  el_after_av_slideshow_full  el_before_av_section  amiblu-bw-pr amiblu-jk-pp avia-bg-style-scroll container_wrap fullsize'  ><div class='container av-section-cont-open' ><div class='template-page content  av-content-full alpha units'><div class='post-entry post-entry-type-page post-entry-75075'><div class='entry-content-wrapper clearfix'>\n\n<style type=\"text\/css\" data-created_by=\"avia_inline_auto\" id=\"style-css-av-27ke1ab-8f79ce2f7e247a0630ace8ee46762698\">\n.flex_column.av-27ke1ab-8f79ce2f7e247a0630ace8ee46762698{\nborder-radius:0px 0px 0px 0px;\npadding:0px 0px 0px 0px;\n}\n<\/style>\n<div  class='flex_column av-27ke1ab-8f79ce2f7e247a0630ace8ee46762698 av_two_third  avia-builder-el-2  avia-builder-el-no-sibling  first flex_column_div av-zero-column-padding  '     ><style type=\"text\/css\" data-created_by=\"avia_inline_auto\" id=\"style-css-av-mizqwcmz-11ec893f966edb00a0c16c88f0999f9e\">\n#top .av_textblock_section.av-mizqwcmz-11ec893f966edb00a0c16c88f0999f9e .avia_textblock{\nfont-size:20px;\n}\n\n@media only screen and (min-width: 480px) and (max-width: 767px){ \n#top .av_textblock_section.av-mizqwcmz-11ec893f966edb00a0c16c88f0999f9e .avia_textblock{\nfont-size:18px;\n}\n}\n\n@media only screen and (max-width: 479px){ \n#top .av_textblock_section.av-mizqwcmz-11ec893f966edb00a0c16c88f0999f9e .avia_textblock{\nfont-size:16px;\n}\n}\n<\/style>\n<section  class='av_textblock_section av-mizqwcmz-11ec893f966edb00a0c16c88f0999f9e '   itemscope=\"itemscope\" itemtype=\"https:\/\/schema.org\/CreativeWork\" ><div class='avia_textblock'  itemprop=\"text\" ><p>Skorzystaj z kalkulatora Amiblu, kt\u00f3ry u\u0142atwia projektowanie przepust\u00f3w drogowych i kolejowych zgodnie z wytycznymi WR-M-12. W oparciu o dane wej\u015bciowe okre\u015blisz w\u0142a\u015bciw\u0105 \u015brednic\u0119 przepustu hydraulicznego, a wyniki uwzgl\u0119dni\u0105 parametry rur produkowanych w technologiach Hobas i Flowtite. Narz\u0119dzie dostarcza gotowe wymiary oraz kluczowe warunki hydrauliczne, co pozwala projektowa\u0107 szybciej i precyzyjniej, przy pe\u0142nej zgodno\u015bci z wymaganiami technicznymi. To wsparcie, kt\u00f3re zwi\u0119ksza efektywno\u015b\u0107 i komfort pracy projektowej.<\/p>\n<p>Uruchom kalkulator i <strong>zaprojektuj przepust w kilka minut<\/strong> \u2013 zgodnie z normami i bez \u017cmudnych oblicze\u0144.<\/p>\n<\/div><\/section><\/div>\n\n<\/div><\/div><\/div><!-- close content main div --><\/div><\/div>\n<style type=\"text\/css\" data-created_by=\"avia_inline_auto\" id=\"style-css-av-mizr3sf9-73c1feb7015fc6e5a86bbc2b9dd38279\">\n.avia-section.av-mizr3sf9-73c1feb7015fc6e5a86bbc2b9dd38279{\nbackground-color:#f2f4f8;\nbackground-image:unset;\n}\n<\/style>\n<div id='av_section_2'  class='avia-section av-mizr3sf9-73c1feb7015fc6e5a86bbc2b9dd38279 main_color avia-section-default avia-no-border-styling  avia-builder-el-4  el_after_av_section  el_before_av_section  amiblu-rl-pp avia-bg-style-scroll container_wrap fullsize'  ><div class='container av-section-cont-open' ><div class='template-page content  av-content-full alpha units'><div class='post-entry post-entry-type-page post-entry-75075'><div class='entry-content-wrapper clearfix'>\n<div class='flex_column_table av-1r9j2ar-b1319a3c89348ea413341abdd8225955 sc-av_one_half av-equal-height-column-flextable'>\n<style type=\"text\/css\" data-created_by=\"avia_inline_auto\" id=\"style-css-av-1r9j2ar-b1319a3c89348ea413341abdd8225955\">\n.flex_column.av-1r9j2ar-b1319a3c89348ea413341abdd8225955{\nwidth:48.75%;\nmargin-left:0;\nborder-radius:0 0 0 0;\npadding:0 0 0 0;\n}\n#top .flex_column_table.av-equal-height-column-flextable.av-1r9j2ar-b1319a3c89348ea413341abdd8225955 .av-flex-placeholder{\nwidth:2.5%;\n}\n<\/style>\n<div  class='flex_column av-1r9j2ar-b1319a3c89348ea413341abdd8225955 av_one_half  avia-builder-el-5  el_before_av_one_half  avia-builder-el-first  first flex_column_table_cell av-equal-height-column av-align-top av-zero-column-padding  '     ><style type=\"text\/css\" data-created_by=\"avia_inline_auto\" id=\"style-css-av-mizqyepi-eeb459ea76a6edd026a2a35efa92aa3f\">\n.avia-image-container.av-mizqyepi-eeb459ea76a6edd026a2a35efa92aa3f img.avia_image{\nbox-shadow:none;\n}\n.avia-image-container.av-mizqyepi-eeb459ea76a6edd026a2a35efa92aa3f .av-image-caption-overlay-center{\ncolor:#ffffff;\n}\n<\/style>\n<div  class='avia-image-container av-mizqyepi-eeb459ea76a6edd026a2a35efa92aa3f av-styling- avia-align-center  avia-builder-el-6  avia-builder-el-no-sibling '   itemprop=\"image\" itemscope=\"itemscope\" itemtype=\"https:\/\/schema.org\/ImageObject\" ><div class=\"avia-image-container-inner\"><div class=\"avia-image-overlay-wrap\"><img fetchpriority=\"high\" decoding=\"async\" fetchpriority=\"high\" fetchpriority=\"high\" class='wp-image-75077 avia-img-lazy-loading-not-75077 avia_image ' src=\"https:\/\/www.amiblu.com\/wp-content\/uploads\/Amiblu-icon-subpage-Kalkulator-doboru-przepustow-komunikacyjnych.webp\" alt='' title='Amiblu-icon-subpage-Kalkulator-doboru-przepustow-komunikacyjnych'  height=\"900\" width=\"900\"  itemprop=\"thumbnailUrl\" srcset=\"https:\/\/www.amiblu.com\/wp-content\/uploads\/Amiblu-icon-subpage-Kalkulator-doboru-przepustow-komunikacyjnych.webp 900w, https:\/\/www.amiblu.com\/wp-content\/uploads\/Amiblu-icon-subpage-Kalkulator-doboru-przepustow-komunikacyjnych-300x300.webp 300w, https:\/\/www.amiblu.com\/wp-content\/uploads\/Amiblu-icon-subpage-Kalkulator-doboru-przepustow-komunikacyjnych-80x80.webp 80w, https:\/\/www.amiblu.com\/wp-content\/uploads\/Amiblu-icon-subpage-Kalkulator-doboru-przepustow-komunikacyjnych-768x768.webp 768w, https:\/\/www.amiblu.com\/wp-content\/uploads\/Amiblu-icon-subpage-Kalkulator-doboru-przepustow-komunikacyjnych-36x36.webp 36w, https:\/\/www.amiblu.com\/wp-content\/uploads\/Amiblu-icon-subpage-Kalkulator-doboru-przepustow-komunikacyjnych-180x180.webp 180w, https:\/\/www.amiblu.com\/wp-content\/uploads\/Amiblu-icon-subpage-Kalkulator-doboru-przepustow-komunikacyjnych-705x705.webp 705w\" sizes=\"(max-width: 900px) 100vw, 900px\" \/><\/div><\/div><\/div><\/div><div class='av-flex-placeholder'><\/div>\n<style type=\"text\/css\" data-created_by=\"avia_inline_auto\" id=\"style-css-av-1c3ga8z-e1b43fd3d946c470e1e36764d721f7c1\">\n.flex_column.av-1c3ga8z-e1b43fd3d946c470e1e36764d721f7c1{\nwidth:48.75%;\nmargin-left:0;\npadding:40px 50px 50px 50px;\nbackground-color:#ffffff;\n}\n#top .flex_column_table.av-equal-height-column-flextable.av-1c3ga8z-e1b43fd3d946c470e1e36764d721f7c1 .av-flex-placeholder{\nwidth:2.5%;\n}\n<\/style>\n<div  class='flex_column av-1c3ga8z-e1b43fd3d946c470e1e36764d721f7c1 av_one_half  avia-builder-el-7  el_after_av_one_half  avia-builder-el-last  flex_column_table_cell av-equal-height-column av-align-top  '     ><section  class='av_textblock_section av-mizqzrrr-4c38a73f63cf6dedc85880f355390ddc '   itemscope=\"itemscope\" itemtype=\"https:\/\/schema.org\/CreativeWork\" ><div class='avia_textblock'  itemprop=\"text\" ><h2>Kalkulator doboru przepust\u00f3w komunikacyjnych<\/h2>\n<p><br class=\"avia-permanent-lb\" \/><strong>Precyzyjne okre\u015blenie \u015brednicy przepustu<\/strong> \u2013 w oparciu o dane wej\u015bciowe i technologie Hobas\/Flowtite.<\/p>\n<p><strong>Dob\u00f3r zgodny z wytycznymi WR-M-12<\/strong> \u2013 narz\u0119dzie oparte na oficjalnych standardach dla infrastruktury drogowej i kolejowej.<\/p>\n<p><strong>Wyniki uwzgl\u0119dniaj\u0105ce warunki hydrauliczne<\/strong> \u2013 otrzymujesz komplet informacji niezb\u0119dnych do projektowania.<\/p>\n<p><strong>Usprawnienie procesu projektowego<\/strong> \u2013 szybkie, wiarygodne obliczenia bez konieczno\u015bci \u017cmudnych kalkulacji manualnych.<\/p>\n<\/div><\/section><br \/>\n<div  class='avia-button-wrap av-mizr6b6l-c8d7e4a46916afb4ccd1a089c35e8956-wrap avia-button-left  avia-builder-el-9  el_after_av_textblock  avia-builder-el-last '>\n<style type=\"text\/css\" data-created_by=\"avia_inline_auto\" id=\"style-css-av-mizr6b6l-c8d7e4a46916afb4ccd1a089c35e8956\">\n#top #wrap_all .avia-button.av-mizr6b6l-c8d7e4a46916afb4ccd1a089c35e8956{\nbackground-color:#009fe3;\nborder-color:#009fe3;\ntransition:all 0.4s ease-in-out;\n}\n#top #wrap_all .avia-button.av-mizr6b6l-c8d7e4a46916afb4ccd1a089c35e8956:hover{\nbackground-color:#0072c3;\ncolor:white;\ntransition:all 0.4s ease-in-out;\n}\n#top #wrap_all .avia-button.av-mizr6b6l-c8d7e4a46916afb4ccd1a089c35e8956:hover .avia-svg-icon svg:first-child{\nfill:white;\nstroke:white;\n}\n<\/style>\n<a href='https:\/\/app.waterfolder.com\/pl\/app\/przepusty-komunikacyjne\/dane-inwestycji'  class='avia-button av-mizr6b6l-c8d7e4a46916afb4ccd1a089c35e8956 av-link-btn avia-icon_select-no avia-size-large avia-position-left avia-font-color-theme-color'  target=\"_blank\"  rel=\"noopener noreferrer\"  aria-label=\"DOBIERZ PRZEPUST\"><span class='avia_iconbox_title' >DOBIERZ PRZEPUST<\/span><\/a><\/div><\/p><\/div><\/div><!--close column table wrapper. Autoclose: 1 -->\n\n<\/div><\/div><\/div><!-- close content main div --><\/div><\/div><div id='av_section_3'  class='avia-section av-mizrdpky-063096a0f6acced5c9a4fc2e3fa70d48 main_color avia-section-default avia-no-border-styling  avia-builder-el-10  el_after_av_section  avia-builder-el-last  amiblu-bw-pr amiblu-jk-pp amiblu-hw-wk avia-bg-style-scroll container_wrap fullsize'  ><div class='container av-section-cont-open' ><div class='template-page content  av-content-full alpha units'><div class='post-entry post-entry-type-page post-entry-75075'><div class='entry-content-wrapper clearfix'>\n\n<style type=\"text\/css\" data-created_by=\"avia_inline_auto\" id=\"style-css-av-oh9aeb-e1f4d183aae3114e58665f696fec0aec\">\n.flex_column.av-oh9aeb-e1f4d183aae3114e58665f696fec0aec{\nborder-radius:0px 0px 0px 0px;\npadding:0px 0px 0px 0px;\n}\n<\/style>\n<div  class='flex_column av-oh9aeb-e1f4d183aae3114e58665f696fec0aec av_two_third  avia-builder-el-11  avia-builder-el-no-sibling  first flex_column_div av-zero-column-padding  '     ><p>\n<style type=\"text\/css\" data-created_by=\"avia_inline_auto\" id=\"style-css-av-mizr8qkb-024d2e8ece2172345173eef45c0de151\">\n#top .av_textblock_section.av-mizr8qkb-024d2e8ece2172345173eef45c0de151 .avia_textblock{\nfont-size:20px;\n}\n\n@media only screen and (min-width: 480px) and (max-width: 767px){ \n#top .av_textblock_section.av-mizr8qkb-024d2e8ece2172345173eef45c0de151 .avia_textblock{\nfont-size:18px;\n}\n}\n\n@media only screen and (max-width: 479px){ \n#top .av_textblock_section.av-mizr8qkb-024d2e8ece2172345173eef45c0de151 .avia_textblock{\nfont-size:16px;\n}\n}\n<\/style>\n<section  class='av_textblock_section av-mizr8qkb-024d2e8ece2172345173eef45c0de151 '   itemscope=\"itemscope\" itemtype=\"https:\/\/schema.org\/CreativeWork\" ><div class='avia_textblock'  itemprop=\"text\" ><p>\nObejrzyj instrukcj\u0119, jak szybko dobra\u0107 rozwi\u0105zanie i webinar z praktyczn\u0105 wiedz\u0105 od ekspert\u00f3w.<\/p>\n<\/div><\/section><br \/>\n<div  class='avia-button-wrap av-mizra8ig-2bbb0f91a4c5a18552969a66ba458ccc-wrap avia-button-left  avia-builder-el-13  el_after_av_textblock  el_before_av_button  amiblu-outline-button'><a href='https:\/\/www.youtube.com\/watch?v=zH_9eVQcrrc'  class='avia-button av-mizra8ig-2bbb0f91a4c5a18552969a66ba458ccc av-link-btn avia-icon_select-yes-right-icon avia-size-small avia-position-left avia-color-theme-color'  target=\"_blank\"  rel=\"noopener noreferrer\"  aria-label=\"INSTRUKCJA\"><span class='avia_iconbox_title' >INSTRUKCJA<\/span><span class='avia_button_icon avia_button_icon_right avia-iconfont avia-font-amiblu-icons' data-av_icon='\ue800' data-av_iconfont='amiblu-icons' ><\/span><\/a><\/div><br \/>\n<div  class='avia-button-wrap av-mizrcm3a-74dbc7043305ddfa45020deb8bbe5ecd-wrap avia-button-left  avia-builder-el-14  el_after_av_button  avia-builder-el-last  amiblu-outline-button'><a href='https:\/\/www.youtube.com\/watch?v=DleEUkCRcUE'  class='avia-button av-mizrcm3a-74dbc7043305ddfa45020deb8bbe5ecd av-link-btn avia-icon_select-yes-right-icon avia-size-small avia-position-left avia-color-theme-color'  target=\"_blank\"  rel=\"noopener noreferrer\"  aria-label=\"WEBINAR\"><span class='avia_iconbox_title' >WEBINAR<\/span><span class='avia_button_icon avia_button_icon_right avia-iconfont avia-font-amiblu-icons' data-av_icon='\ue800' data-av_iconfont='amiblu-icons' ><\/span><\/a><\/div><\/p><\/div>\n\n","protected":false},"excerpt":{"rendered":"","protected":false},"author":8,"featured_media":75593,"parent":0,"menu_order":24,"comment_status":"closed","ping_status":"closed","template":"","meta":{"_acf_changed":false,"footnotes":""},"class_list":["post-75075","page","type-page","status-publish","has-post-thumbnail","hentry"],"acf":[],"yoast_head":"<!-- This site is optimized with the Yoast SEO Premium plugin v27.4 (Yoast SEO v27.5) - https:\/\/yoast.com\/product\/yoast-seo-premium-wordpress\/ -->\n<title>Kalkulator doboru przepust\u00f3w komunikacyjnych - Amiblu<\/title>\n<meta name=\"description\" content=\"Skorzystaj z kalkulatora Amiblu, kt\u00f3ry u\u0142atwia projektowanie przepust\u00f3w drogowych i kolejowych zgodnie z wytycznymi WR-M-12.\" \/>\n<meta name=\"robots\" content=\"index, follow, max-snippet:-1, max-image-preview:large, max-video-preview:-1\" \/>\n<link rel=\"canonical\" href=\"https:\/\/www.amiblu.com\/pl\/kalkulator-doboru-przepustow-komunikacyjnych\/\" \/>\n<meta property=\"og:locale\" content=\"pl_PL\" \/>\n<meta property=\"og:type\" content=\"article\" \/>\n<meta property=\"og:title\" content=\"Kalkulator doboru przepust\u00f3w komunikacyjnych\" \/>\n<meta property=\"og:description\" content=\"Skorzystaj z kalkulatora Amiblu, kt\u00f3ry u\u0142atwia projektowanie przepust\u00f3w drogowych i kolejowych zgodnie z wytycznymi WR-M-12.\" \/>\n<meta property=\"og:url\" content=\"https:\/\/www.amiblu.com\/pl\/kalkulator-doboru-przepustow-komunikacyjnych\/\" \/>\n<meta property=\"og:site_name\" content=\"Amiblu\" \/>\n<meta property=\"article:publisher\" content=\"https:\/\/www.facebook.com\/amiblupipes\" \/>\n<meta property=\"article:modified_time\" content=\"2026-02-23T10:23:35+00:00\" \/>\n<meta property=\"og:image\" content=\"https:\/\/www.amiblu.com\/wp-content\/uploads\/Amiblu-subpage-banner-Kalkulator-doboru-przepustow-komunikacyjnych-500px.webp\" \/>\n\t<meta property=\"og:image:width\" content=\"1920\" \/>\n\t<meta property=\"og:image:height\" content=\"500\" \/>\n\t<meta property=\"og:image:type\" content=\"image\/webp\" \/>\n<meta name=\"twitter:card\" content=\"summary_large_image\" \/>\n<meta name=\"twitter:label1\" content=\"Szacowany czas czytania\" \/>\n\t<meta name=\"twitter:data1\" content=\"2 minuty\" \/>\n<script type=\"application\/ld+json\" class=\"yoast-schema-graph\">{\"@context\":\"https:\\\/\\\/schema.org\",\"@graph\":[{\"@type\":\"WebPage\",\"@id\":\"https:\\\/\\\/www.amiblu.com\\\/pl\\\/kalkulator-doboru-przepustow-komunikacyjnych\\\/\",\"url\":\"https:\\\/\\\/www.amiblu.com\\\/pl\\\/kalkulator-doboru-przepustow-komunikacyjnych\\\/\",\"name\":\"Kalkulator doboru przepust\u00f3w komunikacyjnych - Amiblu\",\"isPartOf\":{\"@id\":\"https:\\\/\\\/www.amiblu.com\\\/pl\\\/#website\"},\"primaryImageOfPage\":{\"@id\":\"https:\\\/\\\/www.amiblu.com\\\/pl\\\/kalkulator-doboru-przepustow-komunikacyjnych\\\/#primaryimage\"},\"image\":{\"@id\":\"https:\\\/\\\/www.amiblu.com\\\/pl\\\/kalkulator-doboru-przepustow-komunikacyjnych\\\/#primaryimage\"},\"thumbnailUrl\":\"https:\\\/\\\/www.amiblu.com\\\/wp-content\\\/uploads\\\/Amiblu-subpage-banner-Kalkulator-doboru-przepustow-komunikacyjnych-500px.webp\",\"datePublished\":\"2025-12-10T09:20:12+00:00\",\"dateModified\":\"2026-02-23T10:23:35+00:00\",\"description\":\"Skorzystaj z kalkulatora Amiblu, kt\u00f3ry u\u0142atwia projektowanie przepust\u00f3w drogowych i kolejowych zgodnie z wytycznymi WR-M-12.\",\"inLanguage\":\"pl-PL\",\"potentialAction\":[{\"@type\":\"ReadAction\",\"target\":[\"https:\\\/\\\/www.amiblu.com\\\/pl\\\/kalkulator-doboru-przepustow-komunikacyjnych\\\/\"]}]},{\"@type\":\"ImageObject\",\"inLanguage\":\"pl-PL\",\"@id\":\"https:\\\/\\\/www.amiblu.com\\\/pl\\\/kalkulator-doboru-przepustow-komunikacyjnych\\\/#primaryimage\",\"url\":\"https:\\\/\\\/www.amiblu.com\\\/wp-content\\\/uploads\\\/Amiblu-subpage-banner-Kalkulator-doboru-przepustow-komunikacyjnych-500px.webp\",\"contentUrl\":\"https:\\\/\\\/www.amiblu.com\\\/wp-content\\\/uploads\\\/Amiblu-subpage-banner-Kalkulator-doboru-przepustow-komunikacyjnych-500px.webp\",\"width\":1920,\"height\":500,\"caption\":\"Kalkulator doboru przepust\u00f3w komunikacyjnych\"},{\"@type\":\"WebSite\",\"@id\":\"https:\\\/\\\/www.amiblu.com\\\/pl\\\/#website\",\"url\":\"https:\\\/\\\/www.amiblu.com\\\/pl\\\/\",\"name\":\"Amiblu\",\"description\":\"GFK-Rohrsysteme f\u00fcr Generationen\",\"publisher\":{\"@id\":\"https:\\\/\\\/www.amiblu.com\\\/pl\\\/#organization\"},\"potentialAction\":[{\"@type\":\"SearchAction\",\"target\":{\"@type\":\"EntryPoint\",\"urlTemplate\":\"https:\\\/\\\/www.amiblu.com\\\/pl\\\/?s={search_term_string}\"},\"query-input\":{\"@type\":\"PropertyValueSpecification\",\"valueRequired\":true,\"valueName\":\"search_term_string\"}}],\"inLanguage\":\"pl-PL\"},{\"@type\":\"Organization\",\"@id\":\"https:\\\/\\\/www.amiblu.com\\\/pl\\\/#organization\",\"name\":\"Amiblu Group\",\"url\":\"https:\\\/\\\/www.amiblu.com\\\/pl\\\/\",\"logo\":{\"@type\":\"ImageObject\",\"inLanguage\":\"pl-PL\",\"@id\":\"https:\\\/\\\/www.amiblu.com\\\/pl\\\/#\\\/schema\\\/logo\\\/image\\\/\",\"url\":\"https:\\\/\\\/www.amiblu.com\\\/wp-content\\\/uploads\\\/2021\\\/01\\\/Amiblu-logo-website-1.png\",\"contentUrl\":\"https:\\\/\\\/www.amiblu.com\\\/wp-content\\\/uploads\\\/2021\\\/01\\\/Amiblu-logo-website-1.png\",\"width\":201,\"height\":38,\"caption\":\"Amiblu Group\"},\"image\":{\"@id\":\"https:\\\/\\\/www.amiblu.com\\\/pl\\\/#\\\/schema\\\/logo\\\/image\\\/\"},\"sameAs\":[\"https:\\\/\\\/www.facebook.com\\\/amiblupipes\",\"https:\\\/\\\/www.youtube.com\\\/c\\\/Amiblu\",\"https:\\\/\\\/de.wikipedia.org\\\/wiki\\\/Amiblu\",\"https:\\\/\\\/www.linkedin.com\\\/company\\\/amiblupipes\\\/\"]}]}<\/script>\n<!-- \/ Yoast SEO Premium plugin. -->","yoast_head_json":{"title":"Kalkulator doboru przepust\u00f3w komunikacyjnych - Amiblu","description":"Skorzystaj z kalkulatora Amiblu, kt\u00f3ry u\u0142atwia projektowanie przepust\u00f3w drogowych i kolejowych zgodnie z wytycznymi WR-M-12.","robots":{"index":"index","follow":"follow","max-snippet":"max-snippet:-1","max-image-preview":"max-image-preview:large","max-video-preview":"max-video-preview:-1"},"canonical":"https:\/\/www.amiblu.com\/pl\/kalkulator-doboru-przepustow-komunikacyjnych\/","og_locale":"pl_PL","og_type":"article","og_title":"Kalkulator doboru przepust\u00f3w komunikacyjnych","og_description":"Skorzystaj z kalkulatora Amiblu, kt\u00f3ry u\u0142atwia projektowanie przepust\u00f3w drogowych i kolejowych zgodnie z wytycznymi WR-M-12.","og_url":"https:\/\/www.amiblu.com\/pl\/kalkulator-doboru-przepustow-komunikacyjnych\/","og_site_name":"Amiblu","article_publisher":"https:\/\/www.facebook.com\/amiblupipes","article_modified_time":"2026-02-23T10:23:35+00:00","og_image":[{"width":1920,"height":500,"url":"https:\/\/www.amiblu.com\/wp-content\/uploads\/Amiblu-subpage-banner-Kalkulator-doboru-przepustow-komunikacyjnych-500px.webp","type":"image\/webp"}],"twitter_card":"summary_large_image","twitter_misc":{"Szacowany czas czytania":"2 minuty"},"schema":{"@context":"https:\/\/schema.org","@graph":[{"@type":"WebPage","@id":"https:\/\/www.amiblu.com\/pl\/kalkulator-doboru-przepustow-komunikacyjnych\/","url":"https:\/\/www.amiblu.com\/pl\/kalkulator-doboru-przepustow-komunikacyjnych\/","name":"Kalkulator doboru przepust\u00f3w komunikacyjnych - Amiblu","isPartOf":{"@id":"https:\/\/www.amiblu.com\/pl\/#website"},"primaryImageOfPage":{"@id":"https:\/\/www.amiblu.com\/pl\/kalkulator-doboru-przepustow-komunikacyjnych\/#primaryimage"},"image":{"@id":"https:\/\/www.amiblu.com\/pl\/kalkulator-doboru-przepustow-komunikacyjnych\/#primaryimage"},"thumbnailUrl":"https:\/\/www.amiblu.com\/wp-content\/uploads\/Amiblu-subpage-banner-Kalkulator-doboru-przepustow-komunikacyjnych-500px.webp","datePublished":"2025-12-10T09:20:12+00:00","dateModified":"2026-02-23T10:23:35+00:00","description":"Skorzystaj z kalkulatora Amiblu, kt\u00f3ry u\u0142atwia projektowanie przepust\u00f3w drogowych i kolejowych zgodnie z wytycznymi WR-M-12.","inLanguage":"pl-PL","potentialAction":[{"@type":"ReadAction","target":["https:\/\/www.amiblu.com\/pl\/kalkulator-doboru-przepustow-komunikacyjnych\/"]}]},{"@type":"ImageObject","inLanguage":"pl-PL","@id":"https:\/\/www.amiblu.com\/pl\/kalkulator-doboru-przepustow-komunikacyjnych\/#primaryimage","url":"https:\/\/www.amiblu.com\/wp-content\/uploads\/Amiblu-subpage-banner-Kalkulator-doboru-przepustow-komunikacyjnych-500px.webp","contentUrl":"https:\/\/www.amiblu.com\/wp-content\/uploads\/Amiblu-subpage-banner-Kalkulator-doboru-przepustow-komunikacyjnych-500px.webp","width":1920,"height":500,"caption":"Kalkulator doboru przepust\u00f3w komunikacyjnych"},{"@type":"WebSite","@id":"https:\/\/www.amiblu.com\/pl\/#website","url":"https:\/\/www.amiblu.com\/pl\/","name":"Amiblu","description":"GFK-Rohrsysteme f\u00fcr Generationen","publisher":{"@id":"https:\/\/www.amiblu.com\/pl\/#organization"},"potentialAction":[{"@type":"SearchAction","target":{"@type":"EntryPoint","urlTemplate":"https:\/\/www.amiblu.com\/pl\/?s={search_term_string}"},"query-input":{"@type":"PropertyValueSpecification","valueRequired":true,"valueName":"search_term_string"}}],"inLanguage":"pl-PL"},{"@type":"Organization","@id":"https:\/\/www.amiblu.com\/pl\/#organization","name":"Amiblu Group","url":"https:\/\/www.amiblu.com\/pl\/","logo":{"@type":"ImageObject","inLanguage":"pl-PL","@id":"https:\/\/www.amiblu.com\/pl\/#\/schema\/logo\/image\/","url":"https:\/\/www.amiblu.com\/wp-content\/uploads\/2021\/01\/Amiblu-logo-website-1.png","contentUrl":"https:\/\/www.amiblu.com\/wp-content\/uploads\/2021\/01\/Amiblu-logo-website-1.png","width":201,"height":38,"caption":"Amiblu Group"},"image":{"@id":"https:\/\/www.amiblu.com\/pl\/#\/schema\/logo\/image\/"},"sameAs":["https:\/\/www.facebook.com\/amiblupipes","https:\/\/www.youtube.com\/c\/Amiblu","https:\/\/de.wikipedia.org\/wiki\/Amiblu","https:\/\/www.linkedin.com\/company\/amiblupipes\/"]}]}},"_links":{"self":[{"href":"https:\/\/www.amiblu.com\/pl\/wp-json\/wp\/v2\/pages\/75075","targetHints":{"allow":["GET"]}}],"collection":[{"href":"https:\/\/www.amiblu.com\/pl\/wp-json\/wp\/v2\/pages"}],"about":[{"href":"https:\/\/www.amiblu.com\/pl\/wp-json\/wp\/v2\/types\/page"}],"author":[{"embeddable":true,"href":"https:\/\/www.amiblu.com\/pl\/wp-json\/wp\/v2\/users\/8"}],"replies":[{"embeddable":true,"href":"https:\/\/www.amiblu.com\/pl\/wp-json\/wp\/v2\/comments?post=75075"}],"version-history":[{"count":14,"href":"https:\/\/www.amiblu.com\/pl\/wp-json\/wp\/v2\/pages\/75075\/revisions"}],"predecessor-version":[{"id":77928,"href":"https:\/\/www.amiblu.com\/pl\/wp-json\/wp\/v2\/pages\/75075\/revisions\/77928"}],"wp:featuredmedia":[{"embeddable":true,"href":"https:\/\/www.amiblu.com\/pl\/wp-json\/wp\/v2\/media\/75593"}],"wp:attachment":[{"href":"https:\/\/www.amiblu.com\/pl\/wp-json\/wp\/v2\/media?parent=75075"}],"curies":[{"name":"wp","href":"https:\/\/api.w.org\/{rel}","templated":true}]}}