{"id":75082,"date":"2025-12-10T10:20:54","date_gmt":"2025-12-10T09:20:54","guid":{"rendered":"https:\/\/www.amiblu.com\/?page_id=75082"},"modified":"2026-02-23T11:24:20","modified_gmt":"2026-02-23T10:24:20","slug":"kalkulator-doboru-przewodow-grawitacyjnych-grp","status":"publish","type":"page","link":"https:\/\/www.amiblu.com\/pl\/kalkulator-doboru-przewodow-grawitacyjnych-grp\/","title":{"rendered":"Kalkulator doboru przewod\u00f3w grawitacyjnych GRP"},"content":{"rendered":"<div id='full_slider_1'  class='avia-fullwidth-slider main_color avia-shadow   avia-builder-el-0  el_before_av_section  avia-builder-el-first   container_wrap fullsize'  ><div  class='avia-slideshow av-mj91g3a8-2ee7f73f8a3aa22adfea699e13292d10 avia-slideshow-no scaling av_slideshow_full avia-slide-slider av-slideshow-ui av-control-hidden av-no-slider-navigation av-hide-nav-arrows av-slideshow-manual av-loop-once av-loop-manual-once av-default-height-applied  image_no_stretch avia-slideshow-1' data-slideshow-options=\"{&quot;animation&quot;:&quot;slide&quot;,&quot;autoplay&quot;:false,&quot;loop_autoplay&quot;:&quot;once&quot;,&quot;interval&quot;:5,&quot;loop_manual&quot;:&quot;manual-once&quot;,&quot;autoplay_stopper&quot;:false,&quot;noNavigation&quot;:true,&quot;bg_slider&quot;:false,&quot;keep_padding&quot;:false,&quot;hoverpause&quot;:false,&quot;show_slide_delay&quot;:0}\"  itemprop=\"image\" itemscope=\"itemscope\" itemtype=\"https:\/\/schema.org\/ImageObject\" ><ul class='avia-slideshow-inner ' style='padding-bottom: 26.041666666667%;'><li  class='avia-slideshow-slide av-mj91g3a8-2ee7f73f8a3aa22adfea699e13292d10__0  av-single-slide slide-1 slide-odd'><div data-rel='slideshow-1' class='avia-slide-wrap '   ><img fetchpriority=\"high\" fetchpriority=\"high\" decoding=\"async\" fetchpriority=\"high\" class=\"wp-image-75594 avia-img-lazy-loading-not-75594\"  src=\"https:\/\/www.amiblu.com\/wp-content\/uploads\/Amiblu-subpage-banner-Kalkulator-doboru-przewodow-grawitacyjnych-GRP-500px.webp\" width=\"1920\" height=\"500\" title='Amiblu-subpage-banner-Kalkulator-doboru-przewodow-grawitacyjnych-GRP-500px' alt='Amiblu subpage banner Kalkulator doboru przewod\u00f3w grawitacyjnych GRP'  itemprop=\"thumbnailUrl\" srcset=\"https:\/\/www.amiblu.com\/wp-content\/uploads\/Amiblu-subpage-banner-Kalkulator-doboru-przewodow-grawitacyjnych-GRP-500px.webp 1920w, https:\/\/www.amiblu.com\/wp-content\/uploads\/Amiblu-subpage-banner-Kalkulator-doboru-przewodow-grawitacyjnych-GRP-500px-300x78.webp 300w, https:\/\/www.amiblu.com\/wp-content\/uploads\/Amiblu-subpage-banner-Kalkulator-doboru-przewodow-grawitacyjnych-GRP-500px-1030x268.webp 1030w, https:\/\/www.amiblu.com\/wp-content\/uploads\/Amiblu-subpage-banner-Kalkulator-doboru-przewodow-grawitacyjnych-GRP-500px-768x200.webp 768w, https:\/\/www.amiblu.com\/wp-content\/uploads\/Amiblu-subpage-banner-Kalkulator-doboru-przewodow-grawitacyjnych-GRP-500px-1536x400.webp 1536w, https:\/\/www.amiblu.com\/wp-content\/uploads\/Amiblu-subpage-banner-Kalkulator-doboru-przewodow-grawitacyjnych-GRP-500px-1500x391.webp 1500w, https:\/\/www.amiblu.com\/wp-content\/uploads\/Amiblu-subpage-banner-Kalkulator-doboru-przewodow-grawitacyjnych-GRP-500px-705x184.webp 705w\" sizes=\"(max-width: 1920px) 100vw, 1920px\" \/><\/div><\/li><\/ul><\/div><\/div>\n<div id='av_section_1'  class='avia-section av-2iywewa-c21eb4d37137751ce04eeb6e16b2a866 main_color avia-section-default avia-no-border-styling  avia-builder-el-1  el_after_av_slideshow_full  el_before_av_section  amiblu-bw-pr amiblu-jk-pp avia-bg-style-scroll container_wrap fullsize'  ><div class='container av-section-cont-open' ><div class='template-page content  av-content-full alpha units'><div class='post-entry post-entry-type-page post-entry-75082'><div class='entry-content-wrapper clearfix'>\n\n<style type=\"text\/css\" data-created_by=\"avia_inline_auto\" id=\"style-css-av-23nrg7e-47b2719450f3a113451567430535da92\">\n.flex_column.av-23nrg7e-47b2719450f3a113451567430535da92{\nborder-radius:0px 0px 0px 0px;\npadding:0px 0px 0px 0px;\n}\n<\/style>\n<div  class='flex_column av-23nrg7e-47b2719450f3a113451567430535da92 av_two_third  avia-builder-el-2  avia-builder-el-no-sibling  first flex_column_div av-zero-column-padding  '     ><style type=\"text\/css\" data-created_by=\"avia_inline_auto\" id=\"style-css-av-mizqwcmz-11ec893f966edb00a0c16c88f0999f9e\">\n#top .av_textblock_section.av-mizqwcmz-11ec893f966edb00a0c16c88f0999f9e .avia_textblock{\nfont-size:20px;\n}\n\n@media only screen and (min-width: 480px) and (max-width: 767px){ \n#top .av_textblock_section.av-mizqwcmz-11ec893f966edb00a0c16c88f0999f9e .avia_textblock{\nfont-size:18px;\n}\n}\n\n@media only screen and (max-width: 479px){ \n#top .av_textblock_section.av-mizqwcmz-11ec893f966edb00a0c16c88f0999f9e .avia_textblock{\nfont-size:16px;\n}\n}\n<\/style>\n<section  class='av_textblock_section av-mizqwcmz-11ec893f966edb00a0c16c88f0999f9e '   itemscope=\"itemscope\" itemtype=\"https:\/\/schema.org\/CreativeWork\" ><div class='avia_textblock'  itemprop=\"text\" ><p>Skorzystaj z kalkulatora Amiblu, kt\u00f3ry wspiera projektant\u00f3w w doborze rur GRP dla instalacji grawitacyjnych. Narz\u0119dzie pozwala szybko okre\u015bli\u0107 \u015brednic\u0119 przewodu, pr\u0119dko\u015b\u0107 przep\u0142ywu oraz poziom nape\u0142nienia, korzystaj\u0105c z oblicze\u0144 opartych na wzorze Colebrooka-White\u2019a i analiz wytrzyma\u0142o\u015bciowych zgodnych z wytycznymi ATV127. Dzi\u0119ki temu zyskujesz pewno\u015b\u0107, \u017ce dob\u00f3r rur b\u0119dzie zgodny z wymaganiami technicznymi \u2013 niezale\u017cnie od tego, czy projekt dotyczy wykop\u00f3w otwartych, czy metod bezwykopowych.<\/p>\n<p>To niezast\u0105pione wsparcie w pracy in\u017cynierskiej, kt\u00f3re oszcz\u0119dza czas i zwi\u0119ksza precyzj\u0119 doboru. Przetestuj kalkulator i zobacz, <strong>jak \u0142atwo mo\u017cesz zaplanowa\u0107 idealne rozwi\u0105zanie<\/strong> dla swojego projektu.<\/p>\n<\/div><\/section><\/div>\n\n<\/div><\/div><\/div><!-- close content main div --><\/div><\/div>\n<style type=\"text\/css\" data-created_by=\"avia_inline_auto\" id=\"style-css-av-mizr3sf9-73c1feb7015fc6e5a86bbc2b9dd38279\">\n.avia-section.av-mizr3sf9-73c1feb7015fc6e5a86bbc2b9dd38279{\nbackground-color:#f2f4f8;\nbackground-image:unset;\n}\n<\/style>\n<div id='av_section_2'  class='avia-section av-mizr3sf9-73c1feb7015fc6e5a86bbc2b9dd38279 main_color avia-section-default avia-no-border-styling  avia-builder-el-4  el_after_av_section  el_before_av_section  amiblu-rl-pp avia-bg-style-scroll container_wrap fullsize'  ><div class='container av-section-cont-open' ><div class='template-page content  av-content-full alpha units'><div class='post-entry post-entry-type-page post-entry-75082'><div class='entry-content-wrapper clearfix'>\n<div class='flex_column_table av-1gu7eju-85eefc169c0db73a95e890f60ea5248a sc-av_one_half av-equal-height-column-flextable'>\n<style type=\"text\/css\" data-created_by=\"avia_inline_auto\" id=\"style-css-av-1gu7eju-85eefc169c0db73a95e890f60ea5248a\">\n.flex_column.av-1gu7eju-85eefc169c0db73a95e890f60ea5248a{\nwidth:48.75%;\nmargin-left:0;\nborder-radius:0 0 0 0;\npadding:0 0 0 0;\n}\n#top .flex_column_table.av-equal-height-column-flextable.av-1gu7eju-85eefc169c0db73a95e890f60ea5248a .av-flex-placeholder{\nwidth:2.5%;\n}\n<\/style>\n<div  class='flex_column av-1gu7eju-85eefc169c0db73a95e890f60ea5248a av_one_half  avia-builder-el-5  el_before_av_one_half  avia-builder-el-first  first flex_column_table_cell av-equal-height-column av-align-top av-zero-column-padding  '     ><style type=\"text\/css\" data-created_by=\"avia_inline_auto\" id=\"style-css-av-mizqyepi-5d5aeb2d3ccdeacf0bdc7fe804e21f20\">\n.avia-image-container.av-mizqyepi-5d5aeb2d3ccdeacf0bdc7fe804e21f20 img.avia_image{\nbox-shadow:none;\n}\n.avia-image-container.av-mizqyepi-5d5aeb2d3ccdeacf0bdc7fe804e21f20 .av-image-caption-overlay-center{\ncolor:#ffffff;\n}\n<\/style>\n<div  class='avia-image-container av-mizqyepi-5d5aeb2d3ccdeacf0bdc7fe804e21f20 av-styling- avia-align-center  avia-builder-el-6  avia-builder-el-no-sibling '   itemprop=\"image\" itemscope=\"itemscope\" itemtype=\"https:\/\/schema.org\/ImageObject\" ><div class=\"avia-image-container-inner\"><div class=\"avia-image-overlay-wrap\"><img fetchpriority=\"high\" decoding=\"async\" fetchpriority=\"high\" fetchpriority=\"high\" class='wp-image-75085 avia-img-lazy-loading-not-75085 avia_image ' src=\"https:\/\/www.amiblu.com\/wp-content\/uploads\/Amiblu-icon-subpage-Kalkulator-doboru-przewodow-grawitacyjnych-GRP.webp\" alt='' title='Amiblu-icon-subpage-Kalkulator-doboru-przewodow-grawitacyjnych-GRP'  height=\"900\" width=\"900\"  itemprop=\"thumbnailUrl\" srcset=\"https:\/\/www.amiblu.com\/wp-content\/uploads\/Amiblu-icon-subpage-Kalkulator-doboru-przewodow-grawitacyjnych-GRP.webp 900w, https:\/\/www.amiblu.com\/wp-content\/uploads\/Amiblu-icon-subpage-Kalkulator-doboru-przewodow-grawitacyjnych-GRP-300x300.webp 300w, https:\/\/www.amiblu.com\/wp-content\/uploads\/Amiblu-icon-subpage-Kalkulator-doboru-przewodow-grawitacyjnych-GRP-80x80.webp 80w, https:\/\/www.amiblu.com\/wp-content\/uploads\/Amiblu-icon-subpage-Kalkulator-doboru-przewodow-grawitacyjnych-GRP-768x768.webp 768w, https:\/\/www.amiblu.com\/wp-content\/uploads\/Amiblu-icon-subpage-Kalkulator-doboru-przewodow-grawitacyjnych-GRP-36x36.webp 36w, https:\/\/www.amiblu.com\/wp-content\/uploads\/Amiblu-icon-subpage-Kalkulator-doboru-przewodow-grawitacyjnych-GRP-180x180.webp 180w, https:\/\/www.amiblu.com\/wp-content\/uploads\/Amiblu-icon-subpage-Kalkulator-doboru-przewodow-grawitacyjnych-GRP-705x705.webp 705w\" sizes=\"(max-width: 900px) 100vw, 900px\" \/><\/div><\/div><\/div><\/div><div class='av-flex-placeholder'><\/div>\n<style type=\"text\/css\" data-created_by=\"avia_inline_auto\" id=\"style-css-av-163id56-db611ef03449890380630774f8fc40c3\">\n.flex_column.av-163id56-db611ef03449890380630774f8fc40c3{\nwidth:48.75%;\nmargin-left:0;\npadding:40px 50px 50px 50px;\nbackground-color:#ffffff;\n}\n#top .flex_column_table.av-equal-height-column-flextable.av-163id56-db611ef03449890380630774f8fc40c3 .av-flex-placeholder{\nwidth:2.5%;\n}\n<\/style>\n<div  class='flex_column av-163id56-db611ef03449890380630774f8fc40c3 av_one_half  avia-builder-el-7  el_after_av_one_half  avia-builder-el-last  flex_column_table_cell av-equal-height-column av-align-top  '     ><section  class='av_textblock_section av-mizqzrrr-4c38a73f63cf6dedc85880f355390ddc '   itemscope=\"itemscope\" itemtype=\"https:\/\/schema.org\/CreativeWork\" ><div class='avia_textblock'  itemprop=\"text\" ><h2>Kalkulator doboru przewod\u00f3w grawitacyjnych GRP<\/h2>\n<p><br class=\"avia-permanent-lb\" \/><strong>Szybki, optymalny dob\u00f3r rur GRP<\/strong> \u2013 zmniejszenie czasu projektowania i minimalizacja ryzyka b\u0142\u0119d\u00f3w.<\/p>\n<p><strong>Wyszczeg\u00f3lnienie kluczowych parametr\u00f3w hydraulicznych<\/strong> \u2013 \u015brednicy rury, pr\u0119dko\u015bci przep\u0142ywu i stopnia nape\u0142nienia.<\/p>\n<p><strong>Obliczenia oparte na wzorze Colebrooka-White\u2019a<\/strong> \u2013 dok\u0142adno\u015b\u0107 i zgodno\u015b\u0107 z uznanymi modelami hydraulicznymi.<\/p>\n<p><strong>Analiza wytrzyma\u0142o\u015bciowa zgodna z ATV127<\/strong> \u2013 dla wykop\u00f3w otwartych i instalacji bezwykopowych.<\/p>\n<\/div><\/section><br \/>\n<div  class='avia-button-wrap av-mizr6b6l-8aedc32abb8b0baf570a710aa80e6b0e-wrap avia-button-left  avia-builder-el-9  el_after_av_textblock  avia-builder-el-last '>\n<style type=\"text\/css\" data-created_by=\"avia_inline_auto\" id=\"style-css-av-mizr6b6l-8aedc32abb8b0baf570a710aa80e6b0e\">\n#top #wrap_all .avia-button.av-mizr6b6l-8aedc32abb8b0baf570a710aa80e6b0e{\nbackground-color:#009fe3;\nborder-color:#009fe3;\ntransition:all 0.4s ease-in-out;\n}\n#top #wrap_all .avia-button.av-mizr6b6l-8aedc32abb8b0baf570a710aa80e6b0e:hover{\nbackground-color:#0072c3;\ncolor:white;\ntransition:all 0.4s ease-in-out;\n}\n#top #wrap_all .avia-button.av-mizr6b6l-8aedc32abb8b0baf570a710aa80e6b0e:hover .avia-svg-icon svg:first-child{\nfill:white;\nstroke:white;\n}\n<\/style>\n<a href='https:\/\/app.waterfolder.com\/pl\/app\/systemy-grawitacyjne-rur\/dane-inwestycji'  class='avia-button av-mizr6b6l-8aedc32abb8b0baf570a710aa80e6b0e av-link-btn avia-icon_select-no avia-size-large avia-position-left avia-font-color-theme-color'  target=\"_blank\"  rel=\"noopener noreferrer\"  aria-label=\"DOBIERZ PRZEW\u00d3D\"><span class='avia_iconbox_title' >DOBIERZ PRZEW\u00d3D<\/span><\/a><\/div><\/p><\/div><\/div><!--close column table wrapper. Autoclose: 1 -->\n\n<\/div><\/div><\/div><!-- close content main div --><\/div><\/div><div id='av_section_3'  class='avia-section av-mizrdpky-063096a0f6acced5c9a4fc2e3fa70d48 main_color avia-section-default avia-no-border-styling  avia-builder-el-10  el_after_av_section  avia-builder-el-last  amiblu-bw-pr amiblu-jk-pp amiblu-hw-wk avia-bg-style-scroll container_wrap fullsize'  ><div class='container av-section-cont-open' ><div class='template-page content  av-content-full alpha units'><div class='post-entry post-entry-type-page post-entry-75082'><div class='entry-content-wrapper clearfix'>\n\n<style type=\"text\/css\" data-created_by=\"avia_inline_auto\" id=\"style-css-av-qliwzu-7812f1c1f470f5caa35db0e36bbfa71d\">\n.flex_column.av-qliwzu-7812f1c1f470f5caa35db0e36bbfa71d{\nborder-radius:0px 0px 0px 0px;\npadding:0px 0px 0px 0px;\n}\n<\/style>\n<div  class='flex_column av-qliwzu-7812f1c1f470f5caa35db0e36bbfa71d av_two_third  avia-builder-el-11  avia-builder-el-no-sibling  first flex_column_div av-zero-column-padding  '     ><p>\n<style type=\"text\/css\" data-created_by=\"avia_inline_auto\" id=\"style-css-av-mizr8qkb-024d2e8ece2172345173eef45c0de151\">\n#top .av_textblock_section.av-mizr8qkb-024d2e8ece2172345173eef45c0de151 .avia_textblock{\nfont-size:20px;\n}\n\n@media only screen and (min-width: 480px) and (max-width: 767px){ \n#top .av_textblock_section.av-mizr8qkb-024d2e8ece2172345173eef45c0de151 .avia_textblock{\nfont-size:18px;\n}\n}\n\n@media only screen and (max-width: 479px){ \n#top .av_textblock_section.av-mizr8qkb-024d2e8ece2172345173eef45c0de151 .avia_textblock{\nfont-size:16px;\n}\n}\n<\/style>\n<section  class='av_textblock_section av-mizr8qkb-024d2e8ece2172345173eef45c0de151 '   itemscope=\"itemscope\" itemtype=\"https:\/\/schema.org\/CreativeWork\" ><div class='avia_textblock'  itemprop=\"text\" ><p>\nObejrzyj instrukcj\u0119, jak szybko dobra\u0107 rozwi\u0105zanie i webinar z praktyczn\u0105 wiedz\u0105 od ekspert\u00f3w.<\/p>\n<\/div><\/section><br \/>\n<div  class='avia-button-wrap av-mizra8ig-53797ad1de163ee8ac0a23a62aff9296-wrap avia-button-left  avia-builder-el-13  el_after_av_textblock  el_before_av_button  amiblu-outline-button'><a href='https:\/\/www.youtube.com\/watch?v=P--OaOFbuh4'  class='avia-button av-mizra8ig-53797ad1de163ee8ac0a23a62aff9296 av-link-btn avia-icon_select-yes-right-icon avia-size-small avia-position-left avia-color-theme-color'  target=\"_blank\"  rel=\"noopener noreferrer\"  aria-label=\"INSTRUKCJA\"><span class='avia_iconbox_title' >INSTRUKCJA<\/span><span class='avia_button_icon avia_button_icon_right avia-iconfont avia-font-amiblu-icons' data-av_icon='\ue800' data-av_iconfont='amiblu-icons' ><\/span><\/a><\/div><br \/>\n<div  class='avia-button-wrap av-mizrcm3a-d6cd62b6178333a5bab8ce7e7d33d628-wrap avia-button-left  avia-builder-el-14  el_after_av_button  avia-builder-el-last  amiblu-outline-button'><a href='https:\/\/www.youtube.com\/watch?v=1lnDthC_hXU'  class='avia-button av-mizrcm3a-d6cd62b6178333a5bab8ce7e7d33d628 av-link-btn avia-icon_select-yes-right-icon avia-size-small avia-position-left avia-color-theme-color'  target=\"_blank\"  rel=\"noopener noreferrer\"  aria-label=\"WEBINAR\"><span class='avia_iconbox_title' >WEBINAR<\/span><span class='avia_button_icon avia_button_icon_right avia-iconfont avia-font-amiblu-icons' data-av_icon='\ue800' data-av_iconfont='amiblu-icons' ><\/span><\/a><\/div><\/p><\/div>\n\n","protected":false},"excerpt":{"rendered":"","protected":false},"author":8,"featured_media":75594,"parent":0,"menu_order":24,"comment_status":"closed","ping_status":"closed","template":"","meta":{"_acf_changed":false,"footnotes":""},"class_list":["post-75082","page","type-page","status-publish","has-post-thumbnail","hentry"],"acf":[],"yoast_head":"<!-- This site is optimized with the Yoast SEO Premium plugin v27.4 (Yoast SEO v27.5) - https:\/\/yoast.com\/product\/yoast-seo-premium-wordpress\/ -->\n<title>Kalkulator doboru przewod\u00f3w grawitacyjnych GRP - Amiblu<\/title>\n<meta name=\"description\" content=\"Skorzystaj z kalkulatora Amiblu, kt\u00f3ry wspiera projektant\u00f3w w doborze rur GRP dla instalacji grawitacyjnych.\" \/>\n<meta name=\"robots\" content=\"index, follow, max-snippet:-1, max-image-preview:large, max-video-preview:-1\" \/>\n<link rel=\"canonical\" href=\"https:\/\/www.amiblu.com\/pl\/kalkulator-doboru-przewodow-grawitacyjnych-grp\/\" \/>\n<meta property=\"og:locale\" content=\"pl_PL\" \/>\n<meta property=\"og:type\" content=\"article\" \/>\n<meta property=\"og:title\" content=\"Kalkulator doboru przewod\u00f3w grawitacyjnych GRP\" \/>\n<meta property=\"og:description\" content=\"Skorzystaj z kalkulatora Amiblu, kt\u00f3ry wspiera projektant\u00f3w w doborze rur GRP dla instalacji grawitacyjnych.\" \/>\n<meta property=\"og:url\" content=\"https:\/\/www.amiblu.com\/pl\/kalkulator-doboru-przewodow-grawitacyjnych-grp\/\" \/>\n<meta property=\"og:site_name\" content=\"Amiblu\" \/>\n<meta property=\"article:publisher\" content=\"https:\/\/www.facebook.com\/amiblupipes\" \/>\n<meta property=\"article:modified_time\" content=\"2026-02-23T10:24:20+00:00\" \/>\n<meta property=\"og:image\" content=\"https:\/\/www.amiblu.com\/wp-content\/uploads\/Amiblu-subpage-banner-Kalkulator-doboru-przewodow-grawitacyjnych-GRP-500px.webp\" \/>\n\t<meta property=\"og:image:width\" content=\"1920\" \/>\n\t<meta property=\"og:image:height\" content=\"500\" \/>\n\t<meta property=\"og:image:type\" content=\"image\/webp\" \/>\n<meta name=\"twitter:card\" content=\"summary_large_image\" \/>\n<meta name=\"twitter:label1\" content=\"Szacowany czas czytania\" \/>\n\t<meta name=\"twitter:data1\" content=\"2 minuty\" \/>\n<script type=\"application\/ld+json\" class=\"yoast-schema-graph\">{\"@context\":\"https:\\\/\\\/schema.org\",\"@graph\":[{\"@type\":\"WebPage\",\"@id\":\"https:\\\/\\\/www.amiblu.com\\\/pl\\\/kalkulator-doboru-przewodow-grawitacyjnych-grp\\\/\",\"url\":\"https:\\\/\\\/www.amiblu.com\\\/pl\\\/kalkulator-doboru-przewodow-grawitacyjnych-grp\\\/\",\"name\":\"Kalkulator doboru przewod\u00f3w grawitacyjnych GRP - Amiblu\",\"isPartOf\":{\"@id\":\"https:\\\/\\\/www.amiblu.com\\\/pl\\\/#website\"},\"primaryImageOfPage\":{\"@id\":\"https:\\\/\\\/www.amiblu.com\\\/pl\\\/kalkulator-doboru-przewodow-grawitacyjnych-grp\\\/#primaryimage\"},\"image\":{\"@id\":\"https:\\\/\\\/www.amiblu.com\\\/pl\\\/kalkulator-doboru-przewodow-grawitacyjnych-grp\\\/#primaryimage\"},\"thumbnailUrl\":\"https:\\\/\\\/www.amiblu.com\\\/wp-content\\\/uploads\\\/Amiblu-subpage-banner-Kalkulator-doboru-przewodow-grawitacyjnych-GRP-500px.webp\",\"datePublished\":\"2025-12-10T09:20:54+00:00\",\"dateModified\":\"2026-02-23T10:24:20+00:00\",\"description\":\"Skorzystaj z kalkulatora Amiblu, kt\u00f3ry wspiera projektant\u00f3w w doborze rur GRP dla instalacji grawitacyjnych.\",\"inLanguage\":\"pl-PL\",\"potentialAction\":[{\"@type\":\"ReadAction\",\"target\":[\"https:\\\/\\\/www.amiblu.com\\\/pl\\\/kalkulator-doboru-przewodow-grawitacyjnych-grp\\\/\"]}]},{\"@type\":\"ImageObject\",\"inLanguage\":\"pl-PL\",\"@id\":\"https:\\\/\\\/www.amiblu.com\\\/pl\\\/kalkulator-doboru-przewodow-grawitacyjnych-grp\\\/#primaryimage\",\"url\":\"https:\\\/\\\/www.amiblu.com\\\/wp-content\\\/uploads\\\/Amiblu-subpage-banner-Kalkulator-doboru-przewodow-grawitacyjnych-GRP-500px.webp\",\"contentUrl\":\"https:\\\/\\\/www.amiblu.com\\\/wp-content\\\/uploads\\\/Amiblu-subpage-banner-Kalkulator-doboru-przewodow-grawitacyjnych-GRP-500px.webp\",\"width\":1920,\"height\":500,\"caption\":\"Amiblu subpage banner Kalkulator doboru przewod\u00f3w grawitacyjnych GRP\"},{\"@type\":\"WebSite\",\"@id\":\"https:\\\/\\\/www.amiblu.com\\\/pl\\\/#website\",\"url\":\"https:\\\/\\\/www.amiblu.com\\\/pl\\\/\",\"name\":\"Amiblu\",\"description\":\"GFK-Rohrsysteme f\u00fcr Generationen\",\"publisher\":{\"@id\":\"https:\\\/\\\/www.amiblu.com\\\/pl\\\/#organization\"},\"potentialAction\":[{\"@type\":\"SearchAction\",\"target\":{\"@type\":\"EntryPoint\",\"urlTemplate\":\"https:\\\/\\\/www.amiblu.com\\\/pl\\\/?s={search_term_string}\"},\"query-input\":{\"@type\":\"PropertyValueSpecification\",\"valueRequired\":true,\"valueName\":\"search_term_string\"}}],\"inLanguage\":\"pl-PL\"},{\"@type\":\"Organization\",\"@id\":\"https:\\\/\\\/www.amiblu.com\\\/pl\\\/#organization\",\"name\":\"Amiblu Group\",\"url\":\"https:\\\/\\\/www.amiblu.com\\\/pl\\\/\",\"logo\":{\"@type\":\"ImageObject\",\"inLanguage\":\"pl-PL\",\"@id\":\"https:\\\/\\\/www.amiblu.com\\\/pl\\\/#\\\/schema\\\/logo\\\/image\\\/\",\"url\":\"https:\\\/\\\/www.amiblu.com\\\/wp-content\\\/uploads\\\/2021\\\/01\\\/Amiblu-logo-website-1.png\",\"contentUrl\":\"https:\\\/\\\/www.amiblu.com\\\/wp-content\\\/uploads\\\/2021\\\/01\\\/Amiblu-logo-website-1.png\",\"width\":201,\"height\":38,\"caption\":\"Amiblu Group\"},\"image\":{\"@id\":\"https:\\\/\\\/www.amiblu.com\\\/pl\\\/#\\\/schema\\\/logo\\\/image\\\/\"},\"sameAs\":[\"https:\\\/\\\/www.facebook.com\\\/amiblupipes\",\"https:\\\/\\\/www.youtube.com\\\/c\\\/Amiblu\",\"https:\\\/\\\/de.wikipedia.org\\\/wiki\\\/Amiblu\",\"https:\\\/\\\/www.linkedin.com\\\/company\\\/amiblupipes\\\/\"]}]}<\/script>\n<!-- \/ Yoast SEO Premium plugin. -->","yoast_head_json":{"title":"Kalkulator doboru przewod\u00f3w grawitacyjnych GRP - Amiblu","description":"Skorzystaj z kalkulatora Amiblu, kt\u00f3ry wspiera projektant\u00f3w w doborze rur GRP dla instalacji grawitacyjnych.","robots":{"index":"index","follow":"follow","max-snippet":"max-snippet:-1","max-image-preview":"max-image-preview:large","max-video-preview":"max-video-preview:-1"},"canonical":"https:\/\/www.amiblu.com\/pl\/kalkulator-doboru-przewodow-grawitacyjnych-grp\/","og_locale":"pl_PL","og_type":"article","og_title":"Kalkulator doboru przewod\u00f3w grawitacyjnych GRP","og_description":"Skorzystaj z kalkulatora Amiblu, kt\u00f3ry wspiera projektant\u00f3w w doborze rur GRP dla instalacji grawitacyjnych.","og_url":"https:\/\/www.amiblu.com\/pl\/kalkulator-doboru-przewodow-grawitacyjnych-grp\/","og_site_name":"Amiblu","article_publisher":"https:\/\/www.facebook.com\/amiblupipes","article_modified_time":"2026-02-23T10:24:20+00:00","og_image":[{"width":1920,"height":500,"url":"https:\/\/www.amiblu.com\/wp-content\/uploads\/Amiblu-subpage-banner-Kalkulator-doboru-przewodow-grawitacyjnych-GRP-500px.webp","type":"image\/webp"}],"twitter_card":"summary_large_image","twitter_misc":{"Szacowany czas czytania":"2 minuty"},"schema":{"@context":"https:\/\/schema.org","@graph":[{"@type":"WebPage","@id":"https:\/\/www.amiblu.com\/pl\/kalkulator-doboru-przewodow-grawitacyjnych-grp\/","url":"https:\/\/www.amiblu.com\/pl\/kalkulator-doboru-przewodow-grawitacyjnych-grp\/","name":"Kalkulator doboru przewod\u00f3w grawitacyjnych GRP - Amiblu","isPartOf":{"@id":"https:\/\/www.amiblu.com\/pl\/#website"},"primaryImageOfPage":{"@id":"https:\/\/www.amiblu.com\/pl\/kalkulator-doboru-przewodow-grawitacyjnych-grp\/#primaryimage"},"image":{"@id":"https:\/\/www.amiblu.com\/pl\/kalkulator-doboru-przewodow-grawitacyjnych-grp\/#primaryimage"},"thumbnailUrl":"https:\/\/www.amiblu.com\/wp-content\/uploads\/Amiblu-subpage-banner-Kalkulator-doboru-przewodow-grawitacyjnych-GRP-500px.webp","datePublished":"2025-12-10T09:20:54+00:00","dateModified":"2026-02-23T10:24:20+00:00","description":"Skorzystaj z kalkulatora Amiblu, kt\u00f3ry wspiera projektant\u00f3w w doborze rur GRP dla instalacji grawitacyjnych.","inLanguage":"pl-PL","potentialAction":[{"@type":"ReadAction","target":["https:\/\/www.amiblu.com\/pl\/kalkulator-doboru-przewodow-grawitacyjnych-grp\/"]}]},{"@type":"ImageObject","inLanguage":"pl-PL","@id":"https:\/\/www.amiblu.com\/pl\/kalkulator-doboru-przewodow-grawitacyjnych-grp\/#primaryimage","url":"https:\/\/www.amiblu.com\/wp-content\/uploads\/Amiblu-subpage-banner-Kalkulator-doboru-przewodow-grawitacyjnych-GRP-500px.webp","contentUrl":"https:\/\/www.amiblu.com\/wp-content\/uploads\/Amiblu-subpage-banner-Kalkulator-doboru-przewodow-grawitacyjnych-GRP-500px.webp","width":1920,"height":500,"caption":"Amiblu subpage banner Kalkulator doboru przewod\u00f3w grawitacyjnych GRP"},{"@type":"WebSite","@id":"https:\/\/www.amiblu.com\/pl\/#website","url":"https:\/\/www.amiblu.com\/pl\/","name":"Amiblu","description":"GFK-Rohrsysteme f\u00fcr Generationen","publisher":{"@id":"https:\/\/www.amiblu.com\/pl\/#organization"},"potentialAction":[{"@type":"SearchAction","target":{"@type":"EntryPoint","urlTemplate":"https:\/\/www.amiblu.com\/pl\/?s={search_term_string}"},"query-input":{"@type":"PropertyValueSpecification","valueRequired":true,"valueName":"search_term_string"}}],"inLanguage":"pl-PL"},{"@type":"Organization","@id":"https:\/\/www.amiblu.com\/pl\/#organization","name":"Amiblu Group","url":"https:\/\/www.amiblu.com\/pl\/","logo":{"@type":"ImageObject","inLanguage":"pl-PL","@id":"https:\/\/www.amiblu.com\/pl\/#\/schema\/logo\/image\/","url":"https:\/\/www.amiblu.com\/wp-content\/uploads\/2021\/01\/Amiblu-logo-website-1.png","contentUrl":"https:\/\/www.amiblu.com\/wp-content\/uploads\/2021\/01\/Amiblu-logo-website-1.png","width":201,"height":38,"caption":"Amiblu Group"},"image":{"@id":"https:\/\/www.amiblu.com\/pl\/#\/schema\/logo\/image\/"},"sameAs":["https:\/\/www.facebook.com\/amiblupipes","https:\/\/www.youtube.com\/c\/Amiblu","https:\/\/de.wikipedia.org\/wiki\/Amiblu","https:\/\/www.linkedin.com\/company\/amiblupipes\/"]}]}},"_links":{"self":[{"href":"https:\/\/www.amiblu.com\/pl\/wp-json\/wp\/v2\/pages\/75082","targetHints":{"allow":["GET"]}}],"collection":[{"href":"https:\/\/www.amiblu.com\/pl\/wp-json\/wp\/v2\/pages"}],"about":[{"href":"https:\/\/www.amiblu.com\/pl\/wp-json\/wp\/v2\/types\/page"}],"author":[{"embeddable":true,"href":"https:\/\/www.amiblu.com\/pl\/wp-json\/wp\/v2\/users\/8"}],"replies":[{"embeddable":true,"href":"https:\/\/www.amiblu.com\/pl\/wp-json\/wp\/v2\/comments?post=75082"}],"version-history":[{"count":15,"href":"https:\/\/www.amiblu.com\/pl\/wp-json\/wp\/v2\/pages\/75082\/revisions"}],"predecessor-version":[{"id":77930,"href":"https:\/\/www.amiblu.com\/pl\/wp-json\/wp\/v2\/pages\/75082\/revisions\/77930"}],"wp:featuredmedia":[{"embeddable":true,"href":"https:\/\/www.amiblu.com\/pl\/wp-json\/wp\/v2\/media\/75594"}],"wp:attachment":[{"href":"https:\/\/www.amiblu.com\/pl\/wp-json\/wp\/v2\/media?parent=75082"}],"curies":[{"name":"wp","href":"https:\/\/api.w.org\/{rel}","templated":true}]}}