{"id":40795,"date":"2021-08-18T14:17:43","date_gmt":"2021-08-18T12:17:43","guid":{"rendered":"https:\/\/www.amiblu.com\/?page_id=40795"},"modified":"2022-02-10T11:06:39","modified_gmt":"2022-02-10T10:06:39","slug":"limitacao-de-responsabilidade","status":"publish","type":"page","link":"https:\/\/www.amiblu.com\/pt-pt\/limitacao-de-responsabilidade\/","title":{"rendered":"Limita\u00e7\u00e3o de responsabilidade"},"content":{"rendered":"\n<style type=\"text\/css\" data-created_by=\"avia_inline_auto\" id=\"style-css-av-kshgi7sq-1bb8bac4a3dfaaabf3247501769fd5a3\">\n#top .av-special-heading.av-kshgi7sq-1bb8bac4a3dfaaabf3247501769fd5a3{\npadding-bottom:10px;\n}\nbody .av-special-heading.av-kshgi7sq-1bb8bac4a3dfaaabf3247501769fd5a3 .av-special-heading-tag .heading-char{\nfont-size:25px;\n}\n.av-special-heading.av-kshgi7sq-1bb8bac4a3dfaaabf3247501769fd5a3 .av-subheading{\nfont-size:15px;\n}\n<\/style>\n<div  class='av-special-heading av-kshgi7sq-1bb8bac4a3dfaaabf3247501769fd5a3 av-special-heading-h1 blockquote modern-quote  avia-builder-el-0  el_before_av_textblock  avia-builder-el-first '><h1 class='av-special-heading-tag '  itemprop=\"headline\"  >Chancela tamb\u00e9m<\/h1><div class=\"special-heading-border\"><div class=\"special-heading-inner-border\"><\/div><\/div><\/div>\n<section  class='av_textblock_section av-kkxz0h4p-358fa2509075fbbd14f15a08561f9a3a '   itemscope=\"itemscope\" itemtype=\"https:\/\/schema.org\/CreativeWork\" ><div class='avia_textblock'  itemprop=\"text\" ><p><strong>Amiblu Holding GmbH<\/strong><br \/>\nSterneckstra\u00dfe 19<br \/>\n9020 Klagenfurt<br \/>\nAustria<\/p>\n<p>+43.463.48 24 24<br \/>\n<a href=\"mailto:info@amiblu.com\">info@amiblu.com<\/a><\/p>\n<p>N\u00ba de Registo da Empresa: FN 105310 v<br \/>\nJurisdi\u00e7\u00e3o: Landesgericht Klagenfurt<br \/>\nNIF N\u00ba.: ATU25771304<\/p>\n<p>A Amiblu Holding GmbH \u00e9 membro da C\u00e2mara de Com\u00e9rcio Austr\u00edaca, em conformidade com as respetivas disposi\u00e7\u00f5es legais. A participa\u00e7\u00e3o nos v\u00e1rios organismos da C\u00e2mara de Com\u00e9rcio est\u00e1 listada no website oficial em <a href=\"https:\/\/firmen.wko.at\/Web\/DetailsKontakt.aspx?FirmaID=e546ad47-e808-4dd4-b150-fb0d6599b9c9&amp;StandortID=0&amp;Suchbegriff=amiblu&amp;Page=1\" target=\"_blank\" rel=\"noopener noreferrer\">https:\/\/firmen.wko.at\/<\/a>.<\/p>\n<p>Esta chancela tamb\u00e9m se aplica aos seguintes perfis nos meios de comunica\u00e7\u00e3o social:<\/p>\n<ul>\n<li><a href=\"http:\/\/www.facebook.com\/amiblupipes\" target=\"_blank\" rel=\"noopener noreferrer\">www.facebook.com\/amiblupipes<\/a><\/li>\n<li><a href=\"http:\/\/www.twitter.com\/Amiblupipes\" target=\"_blank\" rel=\"noopener noreferrer\">www.twitter.com\/Amiblupipes<\/a><\/li>\n<li><a href=\"https:\/\/www.linkedin.com\/company\/amiblupipes\/\" target=\"_blank\" rel=\"noopener noreferrer\">www.linkedin.com\/company\/amiblupipes<\/a><\/li>\n<li><a href=\"https:\/\/www.youtube.com\/c\/amiblu\/\" target=\"_blank\" rel=\"noopener noreferrer\">www.youtube.com\/c\/amiblu<\/a><\/li>\n<\/ul>\n<\/div><\/section>\n<div  class='hr av-483n-f97b05a5d99e9c417089a6b49247222b hr-default  avia-builder-el-2  el_after_av_textblock  el_before_av_heading '><span class='hr-inner '><span class=\"hr-inner-style\"><\/span><\/span><\/div>\n\n<style type=\"text\/css\" data-created_by=\"avia_inline_auto\" id=\"style-css-av-kshgkj01-1d733e95b858c4bb473d0da67c30fe6b\">\n#top .av-special-heading.av-kshgkj01-1d733e95b858c4bb473d0da67c30fe6b{\npadding-bottom:10px;\n}\nbody .av-special-heading.av-kshgkj01-1d733e95b858c4bb473d0da67c30fe6b .av-special-heading-tag .heading-char{\nfont-size:25px;\n}\n.av-special-heading.av-kshgkj01-1d733e95b858c4bb473d0da67c30fe6b .av-subheading{\nfont-size:15px;\n}\n<\/style>\n<div  class='av-special-heading av-kshgkj01-1d733e95b858c4bb473d0da67c30fe6b av-special-heading-h1 blockquote modern-quote  avia-builder-el-3  el_after_av_hr  el_before_av_textblock '><h1 class='av-special-heading-tag '  itemprop=\"headline\"  >Limita\u00e7\u00e3o de responsabilidade <\/h1><div class=\"special-heading-border\"><div class=\"special-heading-inner-border\"><\/div><\/div><\/div>\n<section  class='av_textblock_section av-kkxz29by-df0ed34865734db890a5c143f6e694b2 '   itemscope=\"itemscope\" itemtype=\"https:\/\/schema.org\/CreativeWork\" ><div class='avia_textblock'  itemprop=\"text\" ><p><strong>Fornecimento de dados e informa\u00e7\u00f5es gerais<br \/>\n<\/strong>A Amiblu faz todos os esfor\u00e7os para garantir que a informa\u00e7\u00e3o e os dados contidos neste website est\u00e3o corretos. A Amiblu reserva para si o direito de modificar ou complementar as informa\u00e7\u00f5es ou dados fornecidos sem aviso pr\u00e9vio.<\/p>\n<p><strong>Responsabilidade<br \/>\n<\/strong>As informa\u00e7\u00f5es que lhe fornecemos nos sites da Amiblu foram reunidas com o maior cuidado poss\u00edvel e s\u00e3o atualizadas de forma cont\u00ednua. Apesar dos nossos melhores esfor\u00e7os, n\u00e3o pode ser garantida a total aus\u00eancia de erros. N\u00e3o ser\u00e1 assumida qualquer responsabilidade nem ser\u00e1 concedida qualquer garantia relativamente \u00e0 moeda, exatid\u00e3o ou integralidade das informa\u00e7\u00f5es e dados fornecidos.<\/p>\n<p><strong>Direitos de autor<br \/>\n<\/strong>O conte\u00fado dos sites da Amiblu \u00e9 protegido por direitos de autor. A c\u00f3pia, divulga\u00e7\u00e3o, armazenamento, reprodu\u00e7\u00e3o e transmiss\u00e3o de todas as informa\u00e7\u00f5es ou dados, particularmente a utiliza\u00e7\u00e3o de textos, partes de textos ou imagens ou outras obras publicadas nos sites de internet, \u00e9 expressamente proibida sem o consentimento pr\u00e9vio por escrito da Amiblu Holding GmbH. Os textos e imagens na \u00e1rea &#8220;Imprensa&#8221; que s\u00e3o fornecidos expressamente para distribui\u00e7\u00e3o e est\u00e3o isentos desta condi\u00e7\u00e3o.<\/p>\n<p><strong>Legisla\u00e7\u00e3o aplic\u00e1vel<br \/>\n<\/strong>Todas as informa\u00e7\u00f5es ou dados, a sua utiliza\u00e7\u00e3o, o in\u00edcio de sess\u00e3o nos sites de internet da Amiblu, bem como qualquer a\u00e7\u00e3o, ina\u00e7\u00e3o ou omiss\u00e3o associada, est\u00e3o sujeitos exclusivamente \u00e0 lei austr\u00edaca. O local de jurisdi\u00e7\u00e3o \u00e9 Klagenfurt.<\/p>\n<\/div><\/section>\n","protected":false},"excerpt":{"rendered":"","protected":false},"author":8,"featured_media":0,"parent":0,"menu_order":200,"comment_status":"closed","ping_status":"closed","template":"","meta":{"_acf_changed":false,"footnotes":""},"class_list":["post-40795","page","type-page","status-publish","hentry"],"acf":[],"yoast_head":"<!-- This site is optimized with the Yoast SEO Premium plugin v27.4 (Yoast SEO v27.4) - https:\/\/yoast.com\/product\/yoast-seo-premium-wordpress\/ -->\n<title>Limita\u00e7\u00e3o de responsabilidade - Amiblu<\/title>\n<meta name=\"robots\" content=\"noindex, follow\" \/>\n<meta property=\"og:locale\" content=\"pt_PT\" \/>\n<meta property=\"og:type\" content=\"article\" \/>\n<meta property=\"og:title\" content=\"Limita\u00e7\u00e3o de responsabilidade\" \/>\n<meta property=\"og:url\" content=\"https:\/\/www.amiblu.com\/pt-pt\/limitacao-de-responsabilidade\/\" \/>\n<meta property=\"og:site_name\" content=\"Amiblu\" \/>\n<meta property=\"article:publisher\" content=\"https:\/\/www.facebook.com\/amiblupipes\" \/>\n<meta property=\"article:modified_time\" content=\"2022-02-10T10:06:39+00:00\" \/>\n<meta name=\"twitter:card\" content=\"summary_large_image\" \/>\n<meta name=\"twitter:label1\" content=\"Tempo estimado de leitura\" \/>\n\t<meta name=\"twitter:data1\" content=\"2 minutos\" \/>\n<script type=\"application\/ld+json\" class=\"yoast-schema-graph\">{\"@context\":\"https:\\\/\\\/schema.org\",\"@graph\":[{\"@type\":\"WebPage\",\"@id\":\"https:\\\/\\\/www.amiblu.com\\\/pt-pt\\\/limitacao-de-responsabilidade\\\/\",\"url\":\"https:\\\/\\\/www.amiblu.com\\\/pt-pt\\\/limitacao-de-responsabilidade\\\/\",\"name\":\"Limita\u00e7\u00e3o de responsabilidade - Amiblu\",\"isPartOf\":{\"@id\":\"https:\\\/\\\/www.amiblu.com\\\/pt-pt\\\/#website\"},\"datePublished\":\"2021-08-18T12:17:43+00:00\",\"dateModified\":\"2022-02-10T10:06:39+00:00\",\"inLanguage\":\"pt-PT\",\"potentialAction\":[{\"@type\":\"ReadAction\",\"target\":[\"https:\\\/\\\/www.amiblu.com\\\/pt-pt\\\/limitacao-de-responsabilidade\\\/\"]}]},{\"@type\":\"WebSite\",\"@id\":\"https:\\\/\\\/www.amiblu.com\\\/pt-pt\\\/#website\",\"url\":\"https:\\\/\\\/www.amiblu.com\\\/pt-pt\\\/\",\"name\":\"Amiblu\",\"description\":\"GFK-Rohrsysteme f\u00fcr Generationen\",\"publisher\":{\"@id\":\"https:\\\/\\\/www.amiblu.com\\\/pt-pt\\\/#organization\"},\"potentialAction\":[{\"@type\":\"SearchAction\",\"target\":{\"@type\":\"EntryPoint\",\"urlTemplate\":\"https:\\\/\\\/www.amiblu.com\\\/pt-pt\\\/?s={search_term_string}\"},\"query-input\":{\"@type\":\"PropertyValueSpecification\",\"valueRequired\":true,\"valueName\":\"search_term_string\"}}],\"inLanguage\":\"pt-PT\"},{\"@type\":\"Organization\",\"@id\":\"https:\\\/\\\/www.amiblu.com\\\/pt-pt\\\/#organization\",\"name\":\"Amiblu Group\",\"url\":\"https:\\\/\\\/www.amiblu.com\\\/pt-pt\\\/\",\"logo\":{\"@type\":\"ImageObject\",\"inLanguage\":\"pt-PT\",\"@id\":\"https:\\\/\\\/www.amiblu.com\\\/pt-pt\\\/#\\\/schema\\\/logo\\\/image\\\/\",\"url\":\"https:\\\/\\\/www.amiblu.com\\\/wp-content\\\/uploads\\\/2021\\\/01\\\/Amiblu-logo-website-1.png\",\"contentUrl\":\"https:\\\/\\\/www.amiblu.com\\\/wp-content\\\/uploads\\\/2021\\\/01\\\/Amiblu-logo-website-1.png\",\"width\":201,\"height\":38,\"caption\":\"Amiblu Group\"},\"image\":{\"@id\":\"https:\\\/\\\/www.amiblu.com\\\/pt-pt\\\/#\\\/schema\\\/logo\\\/image\\\/\"},\"sameAs\":[\"https:\\\/\\\/www.facebook.com\\\/amiblupipes\",\"https:\\\/\\\/www.youtube.com\\\/c\\\/Amiblu\",\"https:\\\/\\\/de.wikipedia.org\\\/wiki\\\/Amiblu\",\"https:\\\/\\\/www.linkedin.com\\\/company\\\/amiblupipes\\\/\"]}]}<\/script>\n<!-- \/ Yoast SEO Premium plugin. -->","yoast_head_json":{"title":"Limita\u00e7\u00e3o de responsabilidade - Amiblu","robots":{"index":"noindex","follow":"follow"},"og_locale":"pt_PT","og_type":"article","og_title":"Limita\u00e7\u00e3o de responsabilidade","og_url":"https:\/\/www.amiblu.com\/pt-pt\/limitacao-de-responsabilidade\/","og_site_name":"Amiblu","article_publisher":"https:\/\/www.facebook.com\/amiblupipes","article_modified_time":"2022-02-10T10:06:39+00:00","twitter_card":"summary_large_image","twitter_misc":{"Tempo estimado de leitura":"2 minutos"},"schema":{"@context":"https:\/\/schema.org","@graph":[{"@type":"WebPage","@id":"https:\/\/www.amiblu.com\/pt-pt\/limitacao-de-responsabilidade\/","url":"https:\/\/www.amiblu.com\/pt-pt\/limitacao-de-responsabilidade\/","name":"Limita\u00e7\u00e3o de responsabilidade - Amiblu","isPartOf":{"@id":"https:\/\/www.amiblu.com\/pt-pt\/#website"},"datePublished":"2021-08-18T12:17:43+00:00","dateModified":"2022-02-10T10:06:39+00:00","inLanguage":"pt-PT","potentialAction":[{"@type":"ReadAction","target":["https:\/\/www.amiblu.com\/pt-pt\/limitacao-de-responsabilidade\/"]}]},{"@type":"WebSite","@id":"https:\/\/www.amiblu.com\/pt-pt\/#website","url":"https:\/\/www.amiblu.com\/pt-pt\/","name":"Amiblu","description":"GFK-Rohrsysteme f\u00fcr Generationen","publisher":{"@id":"https:\/\/www.amiblu.com\/pt-pt\/#organization"},"potentialAction":[{"@type":"SearchAction","target":{"@type":"EntryPoint","urlTemplate":"https:\/\/www.amiblu.com\/pt-pt\/?s={search_term_string}"},"query-input":{"@type":"PropertyValueSpecification","valueRequired":true,"valueName":"search_term_string"}}],"inLanguage":"pt-PT"},{"@type":"Organization","@id":"https:\/\/www.amiblu.com\/pt-pt\/#organization","name":"Amiblu Group","url":"https:\/\/www.amiblu.com\/pt-pt\/","logo":{"@type":"ImageObject","inLanguage":"pt-PT","@id":"https:\/\/www.amiblu.com\/pt-pt\/#\/schema\/logo\/image\/","url":"https:\/\/www.amiblu.com\/wp-content\/uploads\/2021\/01\/Amiblu-logo-website-1.png","contentUrl":"https:\/\/www.amiblu.com\/wp-content\/uploads\/2021\/01\/Amiblu-logo-website-1.png","width":201,"height":38,"caption":"Amiblu Group"},"image":{"@id":"https:\/\/www.amiblu.com\/pt-pt\/#\/schema\/logo\/image\/"},"sameAs":["https:\/\/www.facebook.com\/amiblupipes","https:\/\/www.youtube.com\/c\/Amiblu","https:\/\/de.wikipedia.org\/wiki\/Amiblu","https:\/\/www.linkedin.com\/company\/amiblupipes\/"]}]}},"_links":{"self":[{"href":"https:\/\/www.amiblu.com\/pt-pt\/wp-json\/wp\/v2\/pages\/40795","targetHints":{"allow":["GET"]}}],"collection":[{"href":"https:\/\/www.amiblu.com\/pt-pt\/wp-json\/wp\/v2\/pages"}],"about":[{"href":"https:\/\/www.amiblu.com\/pt-pt\/wp-json\/wp\/v2\/types\/page"}],"author":[{"embeddable":true,"href":"https:\/\/www.amiblu.com\/pt-pt\/wp-json\/wp\/v2\/users\/8"}],"replies":[{"embeddable":true,"href":"https:\/\/www.amiblu.com\/pt-pt\/wp-json\/wp\/v2\/comments?post=40795"}],"version-history":[{"count":2,"href":"https:\/\/www.amiblu.com\/pt-pt\/wp-json\/wp\/v2\/pages\/40795\/revisions"}],"predecessor-version":[{"id":40797,"href":"https:\/\/www.amiblu.com\/pt-pt\/wp-json\/wp\/v2\/pages\/40795\/revisions\/40797"}],"wp:attachment":[{"href":"https:\/\/www.amiblu.com\/pt-pt\/wp-json\/wp\/v2\/media?parent=40795"}],"curies":[{"name":"wp","href":"https:\/\/api.w.org\/{rel}","templated":true}]}}