{"id":40798,"date":"2021-08-18T14:34:38","date_gmt":"2021-08-18T12:34:38","guid":{"rendered":"https:\/\/www.amiblu.com\/?page_id=40798"},"modified":"2022-03-07T10:28:46","modified_gmt":"2022-03-07T09:28:46","slug":"politica-de-privacidade","status":"publish","type":"page","link":"https:\/\/www.amiblu.com\/pt-pt\/politica-de-privacidade\/","title":{"rendered":"Pol\u00edtica de Privacidade"},"content":{"rendered":"\n<style type=\"text\/css\" data-created_by=\"avia_inline_auto\" id=\"style-css-av-kshh0bvf-a3d49d4a41c55fa1fa466839e8a0d27b\">\n#top .av-special-heading.av-kshh0bvf-a3d49d4a41c55fa1fa466839e8a0d27b{\npadding-bottom:10px;\n}\nbody .av-special-heading.av-kshh0bvf-a3d49d4a41c55fa1fa466839e8a0d27b .av-special-heading-tag .heading-char{\nfont-size:25px;\n}\n.av-special-heading.av-kshh0bvf-a3d49d4a41c55fa1fa466839e8a0d27b .av-subheading{\nfont-size:15px;\n}\n<\/style>\n<div  class='av-special-heading av-kshh0bvf-a3d49d4a41c55fa1fa466839e8a0d27b av-special-heading-h1 blockquote modern-quote  avia-builder-el-0  el_before_av_textblock  avia-builder-el-first '><h1 class='av-special-heading-tag '  itemprop=\"headline\"  >Pol\u00edtica de Privacidade do Grupo Amiblu<\/h1><div class=\"special-heading-border\"><div class=\"special-heading-inner-border\"><\/div><\/div><\/div>\n<section  class='av_textblock_section av-kkxzxc1l-7f33b4d4b87faa09f279d9f27cda48f1 '   itemscope=\"itemscope\" itemtype=\"https:\/\/schema.org\/CreativeWork\" ><div class='avia_textblock'  itemprop=\"text\" ><p><strong>1. Informa\u00e7\u00f5es gerais<\/strong><\/p>\n<p>A prote\u00e7\u00e3o dos seus dados pessoais \u00e9 uma preocupa\u00e7\u00e3o da maior import\u00e2ncia para n\u00f3s, pelo que lhe atribu\u00edmos alta prioridade. Por este motivo, processamos os seus dados exclusivamente com base nos regulamentos de prote\u00e7\u00e3o de dados aplic\u00e1veis, com particular aten\u00e7\u00e3o ao Regulamento Geral de Prote\u00e7\u00e3o de Dados da UE (RGPD) e \u00e0 Lei Austr\u00edaca de Prote\u00e7\u00e3o de Dados e Lei das Telecomunica\u00e7\u00f5es. Nesta declara\u00e7\u00e3o de prote\u00e7\u00e3o de dados, informamo-lo sobre os principais aspetos do processamento de dados em rela\u00e7\u00e3o ao nosso website.<\/p>\n<p><strong>2. Os seus Dados<\/strong><\/p>\n<p><strong>2.1 Recolha e processamento dos seus dados<\/strong><\/p>\n<p>O tratamento dos dados pessoais que nos fornece voluntariamente para a utiliza\u00e7\u00e3o de servi\u00e7os e portais especiais \u00e9 necess\u00e1rio para processar as suas consultas, encomendas, pedidos, etc., para prepararmos e celebrarmos contratos e para lhe enviar newsletters.<\/p>\n<p><strong>2.2 Transfer\u00eancia dos seus dados<\/strong><\/p>\n<p>Apenas transferiremos os seus dados dentro do Grupo Amiblu se tal servir para o cumprimento de contratos ou para satisfa\u00e7\u00e3o dos seus interesses. Mantemos os seus dados pessoais em total confidencialidade e n\u00e3o os vendemos, alugamos nem disponibilizamos a terceiros.<\/p>\n<p>A transmiss\u00e3o a institui\u00e7\u00f5es e autoridades oficiais s\u00f3 ocorre no contexto de regulamentos legais nacionais obrigat\u00f3rios.<\/p>\n<p><strong>3. Cookies<\/strong><\/p>\n<p>Todos os sites da Amiblu usam cookies. Um cookie \u00e9 um pequeno ficheiro de texto que \u00e9 armazenado no seu computador. Um cookie permite que o seu navegador de internet o reconhe\u00e7a a si e \u00e0s suas defini\u00e7\u00f5es mais recentes (por exemplo, defini\u00e7\u00f5es de idioma) no website. As suas defini\u00e7\u00f5es ser\u00e3o disponibilizadas imediatamente e n\u00e3o \u00e9 necess\u00e1rio voltar a faz\u00ea-lo.<\/p>\n<p>Se n\u00e3o quiser que reconhe\u00e7amos o seu dispositivo terminal, configure o seu navegador de Internet para apagar todos os cookies do seu dispositivo, para bloquear todos os cookies ou para receber um aviso antes de um cookie ser guardado.<\/p>\n<p>Note que algumas fun\u00e7\u00f5es do nosso website podem n\u00e3o funcionar ou n\u00e3o funcionar corretamente sem os cookies.<\/p>\n<p><strong>4. Google Analytics<\/strong><\/p>\n<p>Este website utiliza o Google Analytics, um servi\u00e7o de an\u00e1lise de internet disponibilizado pela Google, Inc. (&#8220;Google&#8221;). O Google Analytics utiliza cookies, que s\u00e3o ficheiros de texto colocados no seu computador, para ajudar o website a analisar a forma como os utilizadores o utilizam. A informa\u00e7\u00e3o gerada pelo cookie sobre a sua utiliza\u00e7\u00e3o do website (incluindo o seu endere\u00e7o IP) ser\u00e1 transmitida e armazenada pela Google em servidores nos Estados Unidos. A Google utilizar\u00e1 esta informa\u00e7\u00e3o para avaliar a sua utiliza\u00e7\u00e3o do website, compilar relat\u00f3rios sobre a atividade no website para operadores de sites e fornecer outros servi\u00e7os relacionados com a atividade do website e a utiliza\u00e7\u00e3o da Internet. A Google tamb\u00e9m pode transferir estas informa\u00e7\u00f5es para terceiros quando tal for exigido por lei ou quando esses terceiros processarem as informa\u00e7\u00f5es em nome da Google. A Google n\u00e3o associar\u00e1 o seu endere\u00e7o IP a quaisquer outros dados na posse da Google.<\/p>\n<p>Pode recusar a utiliza\u00e7\u00e3o de cookies, selecionando as defini\u00e7\u00f5es apropriadas no seu navegador. Note que, nesse caso, poder\u00e1 n\u00e3o ser poss\u00edvel utilizar todas as funcionalidades deste website. Al\u00e9m disso, pode impedir a recolha e o processamento de dados por parte da Google relativamente \u00e0 utiliza\u00e7\u00e3o do website (incluindo o seu endere\u00e7o IP), descarregando e instalando o Google Analytics Opt-out Browser Add-on (Add-on do navegador para desativa\u00e7\u00e3o do Google Analytics).<\/p>\n<p>Ao utilizar este website, expressa a sua autoriza\u00e7\u00e3o para o processamento de dados recolhidos pela Google sobre si da forma acima descrita e para os fins anteriormente mencionados. A utiliza\u00e7\u00e3o do Google Analytics tem como \u00fanica finalidade a otimiza\u00e7\u00e3o e o design personalizado segundo as necessidades dos nossos websites. Podem ser obtidas mais informa\u00e7\u00f5es sobre as tecnologias utilizadas pela Google atrav\u00e9s do seguinte link: <a href=\"https:\/\/marketingplatform.google.com\/about\/analytics\/\" target=\"_blank\" rel=\"noopener noreferrer\">www.google.com\/analytics<\/a>.<\/p>\n<p><strong>5. Newsletter<\/strong><\/p>\n<p>Tem a op\u00e7\u00e3o de subscrever a nossa newsletter atrav\u00e9s do nosso website. Para isso, precisamos do seu nome, do seu endere\u00e7o de e-mail, da empresa para a qual trabalha, do pa\u00eds onde vive e da sua autoriza\u00e7\u00e3o para receber a newsletter e para o processamento dos seus dados pessoais.<\/p>\n<p>Pode alterar as suas prefer\u00eancias sobre a newsletter ou cancelar a respetiva subscri\u00e7\u00e3o sem aviso pr\u00e9vio, na sua \u00e1rea de conta ou enviando um e-mail para info@amiblu.com. Eliminaremos imediatamente os seus dados relacionados com a subscri\u00e7\u00e3o da newsletter.<\/p>\n<p><strong>6. Os seus Direitos<\/strong><\/p>\n<p>\u00c9 seu direito solicitar informa\u00e7\u00f5es \u00e0 Amiblu sobre os dados pessoais que armazenamos sobre si. Al\u00e9m disso, \u00e9 seu direito exigir que os dados sejam corrigidos, eliminados ou restringidos, al\u00e9m de poder recusar o respetivo processamento, exigindo que sejam transferidos para si ou para um terceiro em seu nome, os dados armazenados de forma adequada.<\/p>\n<p>Se o seu pedido n\u00e3o puder ser ou n\u00e3o for tratado no prazo de um m\u00eas ap\u00f3s a rece\u00e7\u00e3o do pedido, \u00e9 seu direito apresentar uma reclama\u00e7\u00e3o junto de uma autoridade de controlo. A autoridade de controlo respons\u00e1vel \u00e9 a Autoridade Austr\u00edaca de Prote\u00e7\u00e3o de Dados em Viena.<\/p>\n<p><strong>7. Os seus Pedidos<\/strong><\/p>\n<p>Para quaisquer quest\u00f5es relacionadas com a privacidade de dados e a afirma\u00e7\u00e3o dos direitos acima enumerados, contacte o coordenador de prote\u00e7\u00e3o de dados da Amiblu, da seguinte forma:<\/p>\n<p>Amiblu Holding GmbH<strong><br \/>\n<\/strong>Data Protection Coordinator<\/p>\n<p>Sterneckstra\u00dfe 19<br \/>\n9020 Klagenfurt am W\u00f6rthersee<br \/>\nAustria<\/p>\n<p><img decoding=\"async\" class=\"alignnone size-full wp-image-44826\" src=\"https:\/\/www.amiblu.com\/wp-content\/uploads\/privacy@amiblu.com-address.png\" alt=\"privacy@amiblu.com\" width=\"124\" height=\"16\" \/><\/p>\n<p>Indique-nos os seus dados de contacto, o nome do website ou servi\u00e7o e uma descri\u00e7\u00e3o detalhada da sua consulta ou pedido ou da sua preocupa\u00e7\u00e3o relativamente \u00e0 prote\u00e7\u00e3o de dados.<\/p>\n<p>Contudo, pedimos-lhe que compreenda que, para sua prote\u00e7\u00e3o contra consultas ou inqu\u00e9ritos por terceiros n\u00e3o autorizados, apenas fornecemos informa\u00e7\u00f5es por escrito para o endere\u00e7o postal indicado por si nos respetivos portais.<\/p>\n<p><strong>8. Altera\u00e7\u00f5es \u00e0 Pol\u00edtica de Privacidade<\/strong><\/p>\n<p>Esta pol\u00edtica de prote\u00e7\u00e3o de dados ser\u00e1 revista com regularidade. Por este motivo, recomendamos que verifique periodicamente a pol\u00edtica de privacidade.<\/p>\n<\/div><\/section>\n","protected":false},"excerpt":{"rendered":"","protected":false},"author":8,"featured_media":0,"parent":0,"menu_order":210,"comment_status":"closed","ping_status":"closed","template":"","meta":{"_acf_changed":false,"footnotes":""},"class_list":["post-40798","page","type-page","status-publish","hentry"],"acf":[],"yoast_head":"<!-- This site is optimized with the Yoast SEO Premium plugin v27.5 (Yoast SEO v27.5) - https:\/\/yoast.com\/product\/yoast-seo-premium-wordpress\/ -->\n<title>Pol\u00edtica de Privacidade do Grupo Amiblu<\/title>\n<meta name=\"description\" content=\"Nesta declara\u00e7\u00e3o de prote\u00e7\u00e3o de dados, informamo-lo sobre os principais aspetos do processamento de dados em rela\u00e7\u00e3o ao nosso website.\" \/>\n<meta name=\"robots\" content=\"index, follow, max-snippet:-1, max-image-preview:large, max-video-preview:-1\" \/>\n<link rel=\"canonical\" href=\"https:\/\/www.amiblu.com\/pt-pt\/politica-de-privacidade\/\" \/>\n<meta property=\"og:locale\" content=\"pt_PT\" \/>\n<meta property=\"og:type\" content=\"article\" \/>\n<meta property=\"og:title\" content=\"Pol\u00edtica de Privacidade\" \/>\n<meta property=\"og:description\" content=\"Nesta declara\u00e7\u00e3o de prote\u00e7\u00e3o de dados, informamo-lo sobre os principais aspetos do processamento de dados em rela\u00e7\u00e3o ao nosso website.\" \/>\n<meta property=\"og:url\" content=\"https:\/\/www.amiblu.com\/pt-pt\/politica-de-privacidade\/\" \/>\n<meta property=\"og:site_name\" content=\"Amiblu\" \/>\n<meta property=\"article:publisher\" content=\"https:\/\/www.facebook.com\/amiblupipes\" \/>\n<meta property=\"article:modified_time\" content=\"2022-03-07T09:28:46+00:00\" \/>\n<meta property=\"og:image\" content=\"https:\/\/www.amiblu.com\/wp-content\/uploads\/privacy@amiblu.com-address.png\" \/>\n<meta name=\"twitter:card\" content=\"summary_large_image\" \/>\n<meta name=\"twitter:label1\" content=\"Tempo estimado de leitura\" \/>\n\t<meta name=\"twitter:data1\" content=\"5 minutos\" \/>\n<script type=\"application\/ld+json\" class=\"yoast-schema-graph\">{\"@context\":\"https:\\\/\\\/schema.org\",\"@graph\":[{\"@type\":\"WebPage\",\"@id\":\"https:\\\/\\\/www.amiblu.com\\\/pt-pt\\\/politica-de-privacidade\\\/\",\"url\":\"https:\\\/\\\/www.amiblu.com\\\/pt-pt\\\/politica-de-privacidade\\\/\",\"name\":\"Pol\u00edtica de Privacidade do Grupo Amiblu\",\"isPartOf\":{\"@id\":\"https:\\\/\\\/www.amiblu.com\\\/pt-pt\\\/#website\"},\"primaryImageOfPage\":{\"@id\":\"https:\\\/\\\/www.amiblu.com\\\/pt-pt\\\/politica-de-privacidade\\\/#primaryimage\"},\"image\":{\"@id\":\"https:\\\/\\\/www.amiblu.com\\\/pt-pt\\\/politica-de-privacidade\\\/#primaryimage\"},\"thumbnailUrl\":\"https:\\\/\\\/www.amiblu.com\\\/wp-content\\\/uploads\\\/privacy@amiblu.com-address.png\",\"datePublished\":\"2021-08-18T12:34:38+00:00\",\"dateModified\":\"2022-03-07T09:28:46+00:00\",\"description\":\"Nesta declara\u00e7\u00e3o de prote\u00e7\u00e3o de dados, informamo-lo sobre os principais aspetos do processamento de dados em rela\u00e7\u00e3o ao nosso website.\",\"inLanguage\":\"pt-PT\",\"potentialAction\":[{\"@type\":\"ReadAction\",\"target\":[\"https:\\\/\\\/www.amiblu.com\\\/pt-pt\\\/politica-de-privacidade\\\/\"]}]},{\"@type\":\"ImageObject\",\"inLanguage\":\"pt-PT\",\"@id\":\"https:\\\/\\\/www.amiblu.com\\\/pt-pt\\\/politica-de-privacidade\\\/#primaryimage\",\"url\":\"https:\\\/\\\/www.amiblu.com\\\/wp-content\\\/uploads\\\/privacy@amiblu.com-address.png\",\"contentUrl\":\"https:\\\/\\\/www.amiblu.com\\\/wp-content\\\/uploads\\\/privacy@amiblu.com-address.png\"},{\"@type\":\"WebSite\",\"@id\":\"https:\\\/\\\/www.amiblu.com\\\/pt-pt\\\/#website\",\"url\":\"https:\\\/\\\/www.amiblu.com\\\/pt-pt\\\/\",\"name\":\"Amiblu\",\"description\":\"GFK-Rohrsysteme f\u00fcr Generationen\",\"publisher\":{\"@id\":\"https:\\\/\\\/www.amiblu.com\\\/pt-pt\\\/#organization\"},\"potentialAction\":[{\"@type\":\"SearchAction\",\"target\":{\"@type\":\"EntryPoint\",\"urlTemplate\":\"https:\\\/\\\/www.amiblu.com\\\/pt-pt\\\/?s={search_term_string}\"},\"query-input\":{\"@type\":\"PropertyValueSpecification\",\"valueRequired\":true,\"valueName\":\"search_term_string\"}}],\"inLanguage\":\"pt-PT\"},{\"@type\":\"Organization\",\"@id\":\"https:\\\/\\\/www.amiblu.com\\\/pt-pt\\\/#organization\",\"name\":\"Amiblu Group\",\"url\":\"https:\\\/\\\/www.amiblu.com\\\/pt-pt\\\/\",\"logo\":{\"@type\":\"ImageObject\",\"inLanguage\":\"pt-PT\",\"@id\":\"https:\\\/\\\/www.amiblu.com\\\/pt-pt\\\/#\\\/schema\\\/logo\\\/image\\\/\",\"url\":\"https:\\\/\\\/www.amiblu.com\\\/wp-content\\\/uploads\\\/2021\\\/01\\\/Amiblu-logo-website-1.png\",\"contentUrl\":\"https:\\\/\\\/www.amiblu.com\\\/wp-content\\\/uploads\\\/2021\\\/01\\\/Amiblu-logo-website-1.png\",\"width\":201,\"height\":38,\"caption\":\"Amiblu Group\"},\"image\":{\"@id\":\"https:\\\/\\\/www.amiblu.com\\\/pt-pt\\\/#\\\/schema\\\/logo\\\/image\\\/\"},\"sameAs\":[\"https:\\\/\\\/www.facebook.com\\\/amiblupipes\",\"https:\\\/\\\/www.youtube.com\\\/c\\\/Amiblu\",\"https:\\\/\\\/de.wikipedia.org\\\/wiki\\\/Amiblu\",\"https:\\\/\\\/www.linkedin.com\\\/company\\\/amiblupipes\\\/\"]}]}<\/script>\n<!-- \/ Yoast SEO Premium plugin. -->","yoast_head_json":{"title":"Pol\u00edtica de Privacidade do Grupo Amiblu","description":"Nesta declara\u00e7\u00e3o de prote\u00e7\u00e3o de dados, informamo-lo sobre os principais aspetos do processamento de dados em rela\u00e7\u00e3o ao nosso website.","robots":{"index":"index","follow":"follow","max-snippet":"max-snippet:-1","max-image-preview":"max-image-preview:large","max-video-preview":"max-video-preview:-1"},"canonical":"https:\/\/www.amiblu.com\/pt-pt\/politica-de-privacidade\/","og_locale":"pt_PT","og_type":"article","og_title":"Pol\u00edtica de Privacidade","og_description":"Nesta declara\u00e7\u00e3o de prote\u00e7\u00e3o de dados, informamo-lo sobre os principais aspetos do processamento de dados em rela\u00e7\u00e3o ao nosso website.","og_url":"https:\/\/www.amiblu.com\/pt-pt\/politica-de-privacidade\/","og_site_name":"Amiblu","article_publisher":"https:\/\/www.facebook.com\/amiblupipes","article_modified_time":"2022-03-07T09:28:46+00:00","og_image":[{"url":"https:\/\/www.amiblu.com\/wp-content\/uploads\/privacy@amiblu.com-address.png","type":"","width":"","height":""}],"twitter_card":"summary_large_image","twitter_misc":{"Tempo estimado de leitura":"5 minutos"},"schema":{"@context":"https:\/\/schema.org","@graph":[{"@type":"WebPage","@id":"https:\/\/www.amiblu.com\/pt-pt\/politica-de-privacidade\/","url":"https:\/\/www.amiblu.com\/pt-pt\/politica-de-privacidade\/","name":"Pol\u00edtica de Privacidade do Grupo Amiblu","isPartOf":{"@id":"https:\/\/www.amiblu.com\/pt-pt\/#website"},"primaryImageOfPage":{"@id":"https:\/\/www.amiblu.com\/pt-pt\/politica-de-privacidade\/#primaryimage"},"image":{"@id":"https:\/\/www.amiblu.com\/pt-pt\/politica-de-privacidade\/#primaryimage"},"thumbnailUrl":"https:\/\/www.amiblu.com\/wp-content\/uploads\/privacy@amiblu.com-address.png","datePublished":"2021-08-18T12:34:38+00:00","dateModified":"2022-03-07T09:28:46+00:00","description":"Nesta declara\u00e7\u00e3o de prote\u00e7\u00e3o de dados, informamo-lo sobre os principais aspetos do processamento de dados em rela\u00e7\u00e3o ao nosso website.","inLanguage":"pt-PT","potentialAction":[{"@type":"ReadAction","target":["https:\/\/www.amiblu.com\/pt-pt\/politica-de-privacidade\/"]}]},{"@type":"ImageObject","inLanguage":"pt-PT","@id":"https:\/\/www.amiblu.com\/pt-pt\/politica-de-privacidade\/#primaryimage","url":"https:\/\/www.amiblu.com\/wp-content\/uploads\/privacy@amiblu.com-address.png","contentUrl":"https:\/\/www.amiblu.com\/wp-content\/uploads\/privacy@amiblu.com-address.png"},{"@type":"WebSite","@id":"https:\/\/www.amiblu.com\/pt-pt\/#website","url":"https:\/\/www.amiblu.com\/pt-pt\/","name":"Amiblu","description":"GFK-Rohrsysteme f\u00fcr Generationen","publisher":{"@id":"https:\/\/www.amiblu.com\/pt-pt\/#organization"},"potentialAction":[{"@type":"SearchAction","target":{"@type":"EntryPoint","urlTemplate":"https:\/\/www.amiblu.com\/pt-pt\/?s={search_term_string}"},"query-input":{"@type":"PropertyValueSpecification","valueRequired":true,"valueName":"search_term_string"}}],"inLanguage":"pt-PT"},{"@type":"Organization","@id":"https:\/\/www.amiblu.com\/pt-pt\/#organization","name":"Amiblu Group","url":"https:\/\/www.amiblu.com\/pt-pt\/","logo":{"@type":"ImageObject","inLanguage":"pt-PT","@id":"https:\/\/www.amiblu.com\/pt-pt\/#\/schema\/logo\/image\/","url":"https:\/\/www.amiblu.com\/wp-content\/uploads\/2021\/01\/Amiblu-logo-website-1.png","contentUrl":"https:\/\/www.amiblu.com\/wp-content\/uploads\/2021\/01\/Amiblu-logo-website-1.png","width":201,"height":38,"caption":"Amiblu Group"},"image":{"@id":"https:\/\/www.amiblu.com\/pt-pt\/#\/schema\/logo\/image\/"},"sameAs":["https:\/\/www.facebook.com\/amiblupipes","https:\/\/www.youtube.com\/c\/Amiblu","https:\/\/de.wikipedia.org\/wiki\/Amiblu","https:\/\/www.linkedin.com\/company\/amiblupipes\/"]}]}},"_links":{"self":[{"href":"https:\/\/www.amiblu.com\/pt-pt\/wp-json\/wp\/v2\/pages\/40798","targetHints":{"allow":["GET"]}}],"collection":[{"href":"https:\/\/www.amiblu.com\/pt-pt\/wp-json\/wp\/v2\/pages"}],"about":[{"href":"https:\/\/www.amiblu.com\/pt-pt\/wp-json\/wp\/v2\/types\/page"}],"author":[{"embeddable":true,"href":"https:\/\/www.amiblu.com\/pt-pt\/wp-json\/wp\/v2\/users\/8"}],"replies":[{"embeddable":true,"href":"https:\/\/www.amiblu.com\/pt-pt\/wp-json\/wp\/v2\/comments?post=40798"}],"version-history":[{"count":4,"href":"https:\/\/www.amiblu.com\/pt-pt\/wp-json\/wp\/v2\/pages\/40798\/revisions"}],"predecessor-version":[{"id":44861,"href":"https:\/\/www.amiblu.com\/pt-pt\/wp-json\/wp\/v2\/pages\/40798\/revisions\/44861"}],"wp:attachment":[{"href":"https:\/\/www.amiblu.com\/pt-pt\/wp-json\/wp\/v2\/media?parent=40798"}],"curies":[{"name":"wp","href":"https:\/\/api.w.org\/{rel}","templated":true}]}}