{"id":39076,"date":"2021-07-16T08:40:40","date_gmt":"2021-07-16T06:40:40","guid":{"rendered":"https:\/\/www.amiblu.com\/?page_id=39076"},"modified":"2021-10-27T15:22:27","modified_gmt":"2021-10-27T13:22:27","slug":"precizari-legale","status":"publish","type":"page","link":"https:\/\/www.amiblu.com\/ro\/precizari-legale\/","title":{"rendered":"Preciz\u0103ri legale"},"content":{"rendered":"\n<style type=\"text\/css\" data-created_by=\"avia_inline_auto\" id=\"style-css-av-kr5yz7bi-2c93b5b977afeeadf8e0e0c1a05c0988\">\n#top .av-special-heading.av-kr5yz7bi-2c93b5b977afeeadf8e0e0c1a05c0988{\npadding-bottom:10px;\n}\nbody .av-special-heading.av-kr5yz7bi-2c93b5b977afeeadf8e0e0c1a05c0988 .av-special-heading-tag .heading-char{\nfont-size:25px;\n}\n.av-special-heading.av-kr5yz7bi-2c93b5b977afeeadf8e0e0c1a05c0988 .av-subheading{\nfont-size:15px;\n}\n<\/style>\n<div  class='av-special-heading av-kr5yz7bi-2c93b5b977afeeadf8e0e0c1a05c0988 av-special-heading-h1 blockquote modern-quote  avia-builder-el-0  el_before_av_textblock  avia-builder-el-first '><h1 class='av-special-heading-tag '  itemprop=\"headline\"  >Imprima<\/h1><div class=\"special-heading-border\"><div class=\"special-heading-inner-border\"><\/div><\/div><\/div>\n<section  class='av_textblock_section av-kkxz0h4p-358fa2509075fbbd14f15a08561f9a3a '   itemscope=\"itemscope\" itemtype=\"https:\/\/schema.org\/CreativeWork\" ><div class='avia_textblock'  itemprop=\"text\" ><p><strong>Amiblu Holding GmbH<\/strong><br \/>\nPischeldorfer Str. 128<br \/>\n9020 Klagenfurt<br \/>\nAustria<\/p>\n<p>+43.463.48 24 24<br \/>\n<a href=\"mailto:info@amiblu.com\">info@amiblu.com<\/a><\/p>\n<p>Num\u0103r de \u00eenregistrare al companiei: FN 105310 v<br \/>\nJudec\u0103toria: Landesgericht Klagenfurt<br \/>\nNr. TVA: ATU25771304<\/p>\n<p>Amiblu Holding GmbH este membr\u0103 a Camerei de Comer\u021b din Austria, \u00een conformitate cu dispozi\u021biile legale respective. Calitatea de membru \u00een diferitele organe ale Camerei de Comer\u021b este listat\u0103 pe site-ul oficial g\u0103sit la <a href=\"https:\/\/firmen.wko.at\/Web\/DetailsKontakt.aspx?FirmaID=e546ad47-e808-4dd4-b150-fb0d6599b9c9&amp;StandortID=0&amp;Suchbegriff=amiblu&amp;Page=1\" target=\"_blank\" rel=\"noopener noreferrer\">https:\/\/firmen.wko.at\/<\/a>.<\/p>\n<p>Aceast\u0103 amprent\u0103 se aplic\u0103 \u0219i urm\u0103toarelor profiluri de social media:<\/p>\n<ul>\n<li style=\"list-style-type: none;\">\n<ul>\n<li><a href=\"http:\/\/www.facebook.com\/amiblupipes\" target=\"_blank\" rel=\"noopener noreferrer\">www.facebook.com\/amiblupipes<\/a><\/li>\n<li><a href=\"http:\/\/www.twitter.com\/Amiblupipes\" target=\"_blank\" rel=\"noopener noreferrer\">www.twitter.com\/Amiblupipes<\/a><\/li>\n<li><a href=\"https:\/\/www.linkedin.com\/company\/amiblupipes\/\" target=\"_blank\" rel=\"noopener noreferrer\">www.linkedin.com\/company\/amiblupipes<\/a><\/li>\n<li><a href=\"https:\/\/www.youtube.com\/channel\/UCqRDAF0I87MFEAM3nkcOdEw\" target=\"_blank\" rel=\"noopener noreferrer\">www.youtube.com\/channel\/UCqRDAF0I87MFEAM3nkcOdEw<\/a><\/li>\n<\/ul>\n<\/li>\n<\/ul>\n<\/div><\/section>\n<div  class='hr av-483n-f97b05a5d99e9c417089a6b49247222b hr-default  avia-builder-el-2  el_after_av_textblock  el_before_av_heading '><span class='hr-inner '><span class=\"hr-inner-style\"><\/span><\/span><\/div>\n\n<style type=\"text\/css\" data-created_by=\"avia_inline_auto\" id=\"style-css-av-kr5yzrgl-59fea2c5e5fc44c8d94dc646047ae4fb\">\n#top .av-special-heading.av-kr5yzrgl-59fea2c5e5fc44c8d94dc646047ae4fb{\npadding-bottom:10px;\n}\nbody .av-special-heading.av-kr5yzrgl-59fea2c5e5fc44c8d94dc646047ae4fb .av-special-heading-tag .heading-char{\nfont-size:25px;\n}\n.av-special-heading.av-kr5yzrgl-59fea2c5e5fc44c8d94dc646047ae4fb .av-subheading{\nfont-size:15px;\n}\n<\/style>\n<div  class='av-special-heading av-kr5yzrgl-59fea2c5e5fc44c8d94dc646047ae4fb av-special-heading-h1 blockquote modern-quote  avia-builder-el-3  el_after_av_hr  el_before_av_textblock '><h1 class='av-special-heading-tag '  itemprop=\"headline\"  >Preciz\u0103ri legale<\/h1><div class=\"special-heading-border\"><div class=\"special-heading-inner-border\"><\/div><\/div><\/div>\n<section  class='av_textblock_section av-kkxz29by-df0ed34865734db890a5c143f6e694b2 '   itemscope=\"itemscope\" itemtype=\"https:\/\/schema.org\/CreativeWork\" ><div class='avia_textblock'  itemprop=\"text\" ><p><strong>Furnizarea de date \u0219i informa\u021bii generale<br \/>\n<\/strong>Amiblu depune toate eforturile pentru a se asigura c\u0103 informa\u021biile \u0219i datele con\u021binute pe acest site web sunt corecte. Amiblu \u00ee\u0219i rezerv\u0103 dreptul de a modifica sau suplimenta informa\u021biile sau datele furnizate f\u0103r\u0103 notificare prealabil\u0103.<\/p>\n<p><strong>R\u0103spundere<br \/>\n<\/strong>Informa\u021biile pe care vi le oferim pe site-urile web Amiblu au fost colectate cu cea mai mare aten\u021bie posibil\u0103 \u0219i sunt actualizate \u00een mod continuu. \u00cen ciuda celor mai bune eforturi, \u00eens\u0103, absen\u021ba erorilor nu poate fi garantat\u0103. Nici o r\u0103spundere nu va fi acceptat\u0103 \u0219i nici o garan\u021bie acordat\u0103 cu privire la moned\u0103, corectitudinea sau completitatea informa\u021biilor \u0219i datelor furnizate.<\/p>\n<p><strong>Drepturi de autor<br \/>\n<\/strong>Con\u021binutul site-urilor web Amiblu este protejat de drepturi de autor. Copierea, difuzarea, stocarea, reproducerea \u0219i transmiterea tuturor informa\u021biilor sau datelor, \u00een special utilizarea textelor, p\u0103r\u021bilor din texte sau imagini sau a altor lucr\u0103ri publicate pe site-urile web, este expres interzis\u0103 f\u0103r\u0103 acordul prealabil scris al Amiblu Holding GmbH. Sunt exceptate textele \u0219i imaginile din zona \u201ePres\u0103\u201d care sunt furnizate \u00een mod expres pentru distribuire.<\/p>\n<p><strong>Lege aplicabil\u0103<br \/>\n<\/strong>Toate informa\u021biile sau datele, utilizarea lor, logarea pe site-urile web Amiblu, precum \u0219i orice ac\u021biune, inac\u021biune sau omisiune asociate sunt supuse exclusiv legisla\u021biei austriece. Locul de jurisdic\u021bie este Klagenfurt.<\/p>\n<\/div><\/section>\n","protected":false},"excerpt":{"rendered":"","protected":false},"author":8,"featured_media":0,"parent":0,"menu_order":200,"comment_status":"closed","ping_status":"closed","template":"","meta":{"_acf_changed":false,"footnotes":""},"class_list":["post-39076","page","type-page","status-publish","hentry"],"acf":[],"yoast_head":"<!-- This site is optimized with the Yoast SEO Premium plugin v27.3 (Yoast SEO v27.4) - https:\/\/yoast.com\/product\/yoast-seo-premium-wordpress\/ -->\n<title>Preciz\u0103ri legale<\/title>\n<meta name=\"description\" content=\"Preciz\u0103ri legale - Amiblu\" \/>\n<meta name=\"robots\" content=\"noindex, follow\" \/>\n<meta property=\"og:locale\" content=\"ro_RO\" \/>\n<meta property=\"og:type\" content=\"article\" \/>\n<meta property=\"og:title\" content=\"Preciz\u0103ri legale\" \/>\n<meta property=\"og:description\" content=\"Preciz\u0103ri legale - Amiblu\" \/>\n<meta property=\"og:url\" content=\"https:\/\/www.amiblu.com\/ro\/precizari-legale\/\" \/>\n<meta property=\"og:site_name\" content=\"Amiblu\" \/>\n<meta property=\"article:publisher\" content=\"https:\/\/www.facebook.com\/amiblupipes\" \/>\n<meta property=\"article:modified_time\" content=\"2021-10-27T13:22:27+00:00\" \/>\n<meta name=\"twitter:card\" content=\"summary_large_image\" \/>\n<meta name=\"twitter:label1\" content=\"Timp estimat pentru citire\" \/>\n\t<meta name=\"twitter:data1\" content=\"2 minute\" \/>\n<script type=\"application\/ld+json\" class=\"yoast-schema-graph\">{\"@context\":\"https:\\\/\\\/schema.org\",\"@graph\":[{\"@type\":\"WebPage\",\"@id\":\"https:\\\/\\\/www.amiblu.com\\\/ro\\\/precizari-legale\\\/\",\"url\":\"https:\\\/\\\/www.amiblu.com\\\/ro\\\/precizari-legale\\\/\",\"name\":\"Preciz\u0103ri legale\",\"isPartOf\":{\"@id\":\"https:\\\/\\\/www.amiblu.com\\\/ro\\\/#website\"},\"datePublished\":\"2021-07-16T06:40:40+00:00\",\"dateModified\":\"2021-10-27T13:22:27+00:00\",\"description\":\"Preciz\u0103ri legale - Amiblu\",\"inLanguage\":\"ro-RO\",\"potentialAction\":[{\"@type\":\"ReadAction\",\"target\":[\"https:\\\/\\\/www.amiblu.com\\\/ro\\\/precizari-legale\\\/\"]}]},{\"@type\":\"WebSite\",\"@id\":\"https:\\\/\\\/www.amiblu.com\\\/ro\\\/#website\",\"url\":\"https:\\\/\\\/www.amiblu.com\\\/ro\\\/\",\"name\":\"Amiblu\",\"description\":\"GFK-Rohrsysteme f\u00fcr Generationen\",\"publisher\":{\"@id\":\"https:\\\/\\\/www.amiblu.com\\\/ro\\\/#organization\"},\"potentialAction\":[{\"@type\":\"SearchAction\",\"target\":{\"@type\":\"EntryPoint\",\"urlTemplate\":\"https:\\\/\\\/www.amiblu.com\\\/ro\\\/?s={search_term_string}\"},\"query-input\":{\"@type\":\"PropertyValueSpecification\",\"valueRequired\":true,\"valueName\":\"search_term_string\"}}],\"inLanguage\":\"ro-RO\"},{\"@type\":\"Organization\",\"@id\":\"https:\\\/\\\/www.amiblu.com\\\/ro\\\/#organization\",\"name\":\"Amiblu Group\",\"url\":\"https:\\\/\\\/www.amiblu.com\\\/ro\\\/\",\"logo\":{\"@type\":\"ImageObject\",\"inLanguage\":\"ro-RO\",\"@id\":\"https:\\\/\\\/www.amiblu.com\\\/ro\\\/#\\\/schema\\\/logo\\\/image\\\/\",\"url\":\"https:\\\/\\\/www.amiblu.com\\\/wp-content\\\/uploads\\\/2021\\\/01\\\/Amiblu-logo-website-1.png\",\"contentUrl\":\"https:\\\/\\\/www.amiblu.com\\\/wp-content\\\/uploads\\\/2021\\\/01\\\/Amiblu-logo-website-1.png\",\"width\":201,\"height\":38,\"caption\":\"Amiblu Group\"},\"image\":{\"@id\":\"https:\\\/\\\/www.amiblu.com\\\/ro\\\/#\\\/schema\\\/logo\\\/image\\\/\"},\"sameAs\":[\"https:\\\/\\\/www.facebook.com\\\/amiblupipes\",\"https:\\\/\\\/www.youtube.com\\\/c\\\/Amiblu\",\"https:\\\/\\\/de.wikipedia.org\\\/wiki\\\/Amiblu\",\"https:\\\/\\\/www.linkedin.com\\\/company\\\/amiblupipes\\\/\"]}]}<\/script>\n<!-- \/ Yoast SEO Premium plugin. -->","yoast_head_json":{"title":"Preciz\u0103ri legale","description":"Preciz\u0103ri legale - Amiblu","robots":{"index":"noindex","follow":"follow"},"og_locale":"ro_RO","og_type":"article","og_title":"Preciz\u0103ri legale","og_description":"Preciz\u0103ri legale - Amiblu","og_url":"https:\/\/www.amiblu.com\/ro\/precizari-legale\/","og_site_name":"Amiblu","article_publisher":"https:\/\/www.facebook.com\/amiblupipes","article_modified_time":"2021-10-27T13:22:27+00:00","twitter_card":"summary_large_image","twitter_misc":{"Timp estimat pentru citire":"2 minute"},"schema":{"@context":"https:\/\/schema.org","@graph":[{"@type":"WebPage","@id":"https:\/\/www.amiblu.com\/ro\/precizari-legale\/","url":"https:\/\/www.amiblu.com\/ro\/precizari-legale\/","name":"Preciz\u0103ri legale","isPartOf":{"@id":"https:\/\/www.amiblu.com\/ro\/#website"},"datePublished":"2021-07-16T06:40:40+00:00","dateModified":"2021-10-27T13:22:27+00:00","description":"Preciz\u0103ri legale - Amiblu","inLanguage":"ro-RO","potentialAction":[{"@type":"ReadAction","target":["https:\/\/www.amiblu.com\/ro\/precizari-legale\/"]}]},{"@type":"WebSite","@id":"https:\/\/www.amiblu.com\/ro\/#website","url":"https:\/\/www.amiblu.com\/ro\/","name":"Amiblu","description":"GFK-Rohrsysteme f\u00fcr Generationen","publisher":{"@id":"https:\/\/www.amiblu.com\/ro\/#organization"},"potentialAction":[{"@type":"SearchAction","target":{"@type":"EntryPoint","urlTemplate":"https:\/\/www.amiblu.com\/ro\/?s={search_term_string}"},"query-input":{"@type":"PropertyValueSpecification","valueRequired":true,"valueName":"search_term_string"}}],"inLanguage":"ro-RO"},{"@type":"Organization","@id":"https:\/\/www.amiblu.com\/ro\/#organization","name":"Amiblu Group","url":"https:\/\/www.amiblu.com\/ro\/","logo":{"@type":"ImageObject","inLanguage":"ro-RO","@id":"https:\/\/www.amiblu.com\/ro\/#\/schema\/logo\/image\/","url":"https:\/\/www.amiblu.com\/wp-content\/uploads\/2021\/01\/Amiblu-logo-website-1.png","contentUrl":"https:\/\/www.amiblu.com\/wp-content\/uploads\/2021\/01\/Amiblu-logo-website-1.png","width":201,"height":38,"caption":"Amiblu Group"},"image":{"@id":"https:\/\/www.amiblu.com\/ro\/#\/schema\/logo\/image\/"},"sameAs":["https:\/\/www.facebook.com\/amiblupipes","https:\/\/www.youtube.com\/c\/Amiblu","https:\/\/de.wikipedia.org\/wiki\/Amiblu","https:\/\/www.linkedin.com\/company\/amiblupipes\/"]}]}},"_links":{"self":[{"href":"https:\/\/www.amiblu.com\/ro\/wp-json\/wp\/v2\/pages\/39076","targetHints":{"allow":["GET"]}}],"collection":[{"href":"https:\/\/www.amiblu.com\/ro\/wp-json\/wp\/v2\/pages"}],"about":[{"href":"https:\/\/www.amiblu.com\/ro\/wp-json\/wp\/v2\/types\/page"}],"author":[{"embeddable":true,"href":"https:\/\/www.amiblu.com\/ro\/wp-json\/wp\/v2\/users\/8"}],"replies":[{"embeddable":true,"href":"https:\/\/www.amiblu.com\/ro\/wp-json\/wp\/v2\/comments?post=39076"}],"version-history":[{"count":6,"href":"https:\/\/www.amiblu.com\/ro\/wp-json\/wp\/v2\/pages\/39076\/revisions"}],"predecessor-version":[{"id":39082,"href":"https:\/\/www.amiblu.com\/ro\/wp-json\/wp\/v2\/pages\/39076\/revisions\/39082"}],"wp:attachment":[{"href":"https:\/\/www.amiblu.com\/ro\/wp-json\/wp\/v2\/media?parent=39076"}],"curies":[{"name":"wp","href":"https:\/\/api.w.org\/{rel}","templated":true}]}}