{"id":39083,"date":"2021-07-16T08:43:23","date_gmt":"2021-07-16T06:43:23","guid":{"rendered":"https:\/\/www.amiblu.com\/?page_id=39083"},"modified":"2022-03-07T10:26:47","modified_gmt":"2022-03-07T09:26:47","slug":"politica-de-confidentialitate","status":"publish","type":"page","link":"https:\/\/www.amiblu.com\/ro\/politica-de-confidentialitate\/","title":{"rendered":"Politica de Confiden\u021bialitate"},"content":{"rendered":"\n<style type=\"text\/css\" data-created_by=\"avia_inline_auto\" id=\"style-css-av-kr5z4fdm-8d9a3b06731120064e60f23cd823f096\">\n#top .av-special-heading.av-kr5z4fdm-8d9a3b06731120064e60f23cd823f096{\npadding-bottom:10px;\n}\nbody .av-special-heading.av-kr5z4fdm-8d9a3b06731120064e60f23cd823f096 .av-special-heading-tag .heading-char{\nfont-size:25px;\n}\n.av-special-heading.av-kr5z4fdm-8d9a3b06731120064e60f23cd823f096 .av-subheading{\nfont-size:15px;\n}\n<\/style>\n<div  class='av-special-heading av-kr5z4fdm-8d9a3b06731120064e60f23cd823f096 av-special-heading-h1 blockquote modern-quote  avia-builder-el-0  el_before_av_textblock  avia-builder-el-first '><h1 class='av-special-heading-tag '  itemprop=\"headline\"  >Politica de confiden\u021bialitate a grupului Amiblu<\/h1><div class=\"special-heading-border\"><div class=\"special-heading-inner-border\"><\/div><\/div><\/div>\n<section  class='av_textblock_section av-kkxzxc1l-7f33b4d4b87faa09f279d9f27cda48f1 '   itemscope=\"itemscope\" itemtype=\"https:\/\/schema.org\/CreativeWork\" ><div class='avia_textblock'  itemprop=\"text\" ><div class=\"vc_row wpb_row section vc_row-fluid vc_inner \">\n<div class=\" full_section_inner clearfix\">\n<div class=\"wpb_column vc_column_container vc_col-sm-8\">\n<div class=\"vc_column-inner\">\n<div class=\"wpb_wrapper\">\n<div class=\"wpb_text_column wpb_content_element \">\n<div class=\"wpb_wrapper\">\n<p><strong>1. Informa\u021bii generale<\/strong><\/p>\n<p>Protejarea datelor dvs. personale este o preocupare esen\u021bial\u0103 pentru noi \u0219i, prin urmare, are o prioritate ridicat\u0103. Din acest motiv, prelucr\u0103m datele dvs. numai pe baza reglement\u0103rilor aplicabile \u00een materie de protec\u021bie a datelor, \u00een special \u00een ceea ce prive\u0219te Regulamentul general al UE privind protec\u021bia datelor (GDPR) \u0219i Legea privind protec\u021bia datelor \u0219i telecomunica\u021biile din Austria. \u00cen aceast\u0103 declara\u021bie de protec\u021bie a datelor, v\u0103 inform\u0103m despre aspectele cheie ale proces\u0103rii datelor \u00een leg\u0103tur\u0103 cu site-ul nostru web.<\/p>\n<p><strong>2. Datele dvs.<\/strong><\/p>\n<p><strong>2.1 Colectarea \u0219i prelucrarea datelor dumneavoastr\u0103<\/strong><\/p>\n<p>Prelucrarea datelor cu caracter personal pe care ni le oferi\u021bi voluntar pentru utilizarea serviciilor \u0219i portalurilor speciale este necesar\u0103 pentru a v\u0103 procesa solicit\u0103rile, comenzile, cererile etc. pentru a v\u0103 preg\u0103ti \u0219i \u00eencheia contracte \u0219i pentru a v\u0103 trimite buletine informative.<\/p>\n<p><strong>2.2 Transferul datelor dumnoavoastr\u0103<\/strong><\/p>\n<p>Vom transfera datele dvs. \u00een cadrul Grupului Amiblu numai dac\u0103 acestea vor servi la \u00eendeplinirea contractelor sau a intereselor dvs. V\u0103 p\u0103str\u0103m datele personale cu caracter confiden\u021bial \u0219i nu le vom vinde, \u00eenchiria sau nu le vom pune la dispozi\u021bia ter\u021bilor.<\/p>\n<p>O transmitere c\u0103tre institu\u021biile \u0219i autorit\u0103\u021bile statului are loc numai \u00een contextul reglement\u0103rilor legale na\u021bionale obligatorii.<\/p>\n<p><strong>3. Cookie-uri<\/strong><\/p>\n<p>Toate site-urile web Amiblu folosesc cookie-uri. Un cookie este un fi\u0219ier text mic care este stocat pe computer. Un cookie permite browserului dvs. s\u0103 v\u0103 recunoasc\u0103 \u0219i set\u0103rile dvs. cele mai recente (de exemplu, set\u0103rile de limb\u0103) de pe site-ul web. Set\u0103rile dvs. vor fi disponibile imediat \u0219i nu va mai trebui s\u0103 fie efectuate din nou.<\/p>\n<p>Dac\u0103 nu dori\u021bi s\u0103 recunoa\u0219tem dispozitivul dvs. terminal, v\u0103 rug\u0103m s\u0103 configura\u021bi browserul dvs. de internet pentru a \u0219terge toate cookie-urile de pe dispozitivul dvs., pentru a bloca toate cookie-urile sau pentru a primi un avertisment \u00eenainte de a fi stocat un cookie.<\/p>\n<p>V\u0103 rug\u0103m s\u0103 re\u021bine\u021bi c\u0103 anumite func\u021bii ale site-ului nostru web nu mai func\u021bioneaz\u0103 sau mai func\u0163ioneaz\u0103 corect, f\u0103r\u0103 cookie-uri.<\/p>\n<p><strong>4. Google Analytics<\/strong><\/p>\n<p>Acest site web utilizeaz\u0103 Google Analytics, un serviciu de analiz\u0103 web furnizat de Google, Inc. (\u201eGoogle\u201d). Google Analytics utilizeaz\u0103 cookie-uri, care sunt fi\u0219iere text plasate pe computerul dvs., pentru a ajuta site-ul s\u0103 analizeze modul \u00een care utilizatorii utilizeaz\u0103 site-ul. Informa\u021biile generate de cookie despre utilizarea site-ului dvs. web (inclusiv adresa dvs. IP) vor fi transmise \u0219i stocate de Google pe serverele din Statele Unite. Google va folosi aceste informa\u021bii pentru evaluarea utiliz\u0103rii site-ului dvs. web, compilarea de rapoarte privind activitatea site-ului pentru operatorii site-ului \u0219i pentru a furniza alte servicii legate de activitatea site-ului \u0219i de utilizare a internetului. De asemenea, Google poate transfera aceste informa\u021bii c\u0103tre ter\u021be p\u0103r\u021bi, dac\u0103 este necesar prin lege sau \u00een cazul \u00een care aceste ter\u021be p\u0103r\u021bi proceseaz\u0103 informa\u021biile \u00een numele Google. Google nu va asocia adresa IP cu alte date de\u021binute de Google.<\/p>\n<p>Pute\u021bi refuza utilizarea cookie-urilor prin selectarea set\u0103rilor corespunz\u0103toare din browserul dvs. V\u0103 rug\u0103m s\u0103 re\u021bine\u021bi c\u0103, dac\u0103 face\u021bi acest lucru, este posibil s\u0103 nu pute\u021bi utiliza func\u021bionalitatea complet\u0103 a acestui site web. \u00cen plus, pute\u021bi \u00eempiedica colectarea \u0219i prelucrarea de date de Google cu privire la utilizarea site-ului (inclusiv adresa dvs. IP) prin desc\u0103rcarea \u0219i instalarea suplimentului browser-ului de deconectare Google Analytics.<\/p>\n<p>Folosind acest site web, v\u0103 exprima\u021bi consim\u021b\u0103m\u00e2ntul pentru prelucrarea datelor colectate de Google despre dvs. \u00een modul descris mai sus \u0219i \u00een scopurile men\u021bionate anterior. Utilizarea Google Analytics are ca scop unic optimizarea \u0219i designul bazat pe nevoile site-urilor noastre web. Informa\u021bii suplimentare despre tehnologiile utilizate de Google pot fi ob\u021binute pe urm\u0103torul link: <a href=\"https:\/\/marketingplatform.google.com\/about\/analytics\/\" target=\"_blank\" rel=\"noopener noreferrer\">www.google.com\/analytics<\/a>.<\/p>\n<p><strong>5. Buletin informativ<\/strong><\/p>\n<p>Ave\u021bi op\u021biunea de a v\u0103 abona la newsletter-ul nostru prin intermediul site-ului nostru web. Pentru aceasta, avem nevoie de numele t\u0103u, de adresa ta de e-mail, de compania pentru care lucrezi, de \u021bara \u00een care locuie\u0219ti \u0219i de consim\u021b\u0103m\u00e2ntul t\u0103u c\u0103 accepta\u021bi s\u0103 primi\u021bi buletinul informatic \u0219i prelucrarea datelor dvs. personale.<\/p>\n<p>Pute\u021bi schimba preferin\u021bele dvs. de newsletter sau v\u0103 dezabona\u021bi de la newsletter-ul nostru f\u0103r\u0103 notificare \u00een zona contului sau prin e-mailul info@amiblu.com. Vom \u0219terge imediat datele dvs. referitoare la abonamentul la newsletter.<\/p>\n<p><strong>6. Drepturile dvs.<\/strong><\/p>\n<p>Ave\u021bi dreptul de a solicita informa\u021bii de la Amiblu despre datele personale pe care le-am stocat despre dumneavoastr\u0103. \u00cen plus, ave\u021bi dreptul s\u0103 solicita\u021bi ca datele s\u0103 fie corectate, \u0219terse, restric\u021bionate, refuzate s\u0103 fie prelucrate \u0219i ca dvs. sau un ter\u021b numit de dvs. s\u0103 vi se transfere datele stocate \u00eentr-o form\u0103 adecvat\u0103.<\/p>\n<p>Dac\u0103 cererea dvs. nu poate fi sau nu solu\u021bionat\u0103 \u00een termen de o lun\u0103 de la primirea cererii, ave\u021bi dreptul de a depune o pl\u00e2ngere la o autoritate de supraveghere. Autoritatea de supraveghere responsabil\u0103 este Autoritatea austriac\u0103 pentru protec\u021bia datelor la Viena.<\/p>\n<p><strong>7. Cererile dvs.<\/strong><\/p>\n<p>Pentru orice \u00eentreb\u0103ri legate de confiden\u021bialitatea datelor \u0219i afirmarea drepturilor enumerate mai sus, v\u0103 rug\u0103m s\u0103 contacta\u021bi coordonatorul de protec\u021bie a datelor Amiblu dup\u0103 cum urmeaz\u0103:<\/p>\n<p>Amiblu Holding GmbH<strong><br \/>\n<\/strong>Data Protection Coordinator<\/p>\n<p>Sterneckstra\u00dfe 19<br \/>\n9020 Klagenfurt am W\u00f6rthersee<br \/>\nAustria<\/p>\n<p><img decoding=\"async\" class=\"alignnone size-full wp-image-44826\" src=\"https:\/\/www.amiblu.com\/wp-content\/uploads\/privacy@amiblu.com-address.png\" alt=\"privacy@amiblu.com\" width=\"124\" height=\"16\" \/><\/p>\n<p>V\u0103 rug\u0103m s\u0103 ne furniza\u021bi datele dvs. de contact, numele site-ului sau serviciul \u0219i o descriere detaliat\u0103 a solicit\u0103rii sau solicit\u0103rii dvs. sau a \u00eengrijor\u0103rii dvs. cu privire la protec\u021bia datelor.<\/p>\n<p>Cu toate acestea, v\u0103 cerem s\u0103 \u00een\u021belege\u021bi c\u0103 pentru protec\u021bia dvs. \u00eempotriva \u00eentreb\u0103rilor sau a anchetelor de c\u0103tre ter\u021bi neautoriza\u021bi, furniz\u0103m informa\u021bii numai \u00een scris la adresa po\u0219tal\u0103 depus\u0103 de dvs. \u00een portalurile respective.<\/p>\n<p><strong>8. Modific\u0103ri ale Politicii de Confiden\u021bialitate<\/strong><\/p>\n<p>Aceast\u0103 politic\u0103 de protec\u021bie a datelor va fi revizuit\u0103 din c\u00e2nd \u00een c\u00e2nd. Prin urmare, v\u0103 recomand\u0103m s\u0103 verifica\u021bi periodic politica de confiden\u021bialitate.<\/p>\n<\/div>\n<\/div>\n<\/div>\n<\/div>\n<\/div>\n<\/div>\n<\/div>\n<\/div><\/section>\n","protected":false},"excerpt":{"rendered":"","protected":false},"author":8,"featured_media":0,"parent":0,"menu_order":210,"comment_status":"closed","ping_status":"closed","template":"","meta":{"_acf_changed":false,"footnotes":""},"class_list":["post-39083","page","type-page","status-publish","hentry"],"acf":[],"yoast_head":"<!-- This site is optimized with the Yoast SEO Premium plugin v27.3 (Yoast SEO v27.4) - https:\/\/yoast.com\/product\/yoast-seo-premium-wordpress\/ -->\n<title>Politica de confiden\u021bialitate a grupului Amiblu<\/title>\n<meta name=\"description\" content=\"\u00cen aceast\u0103 declara\u021bie de protec\u021bie a datelor, v\u0103 inform\u0103m despre aspectele cheie ale proces\u0103rii datelor \u00een leg\u0103tur\u0103 cu site-ul nostru web.\" \/>\n<meta name=\"robots\" content=\"index, follow, max-snippet:-1, max-image-preview:large, max-video-preview:-1\" \/>\n<link rel=\"canonical\" href=\"https:\/\/www.amiblu.com\/ro\/politica-de-confidentialitate\/\" \/>\n<meta property=\"og:locale\" content=\"ro_RO\" \/>\n<meta property=\"og:type\" content=\"article\" \/>\n<meta property=\"og:title\" content=\"Politica de Confiden\u021bialitate\" \/>\n<meta property=\"og:description\" content=\"\u00cen aceast\u0103 declara\u021bie de protec\u021bie a datelor, v\u0103 inform\u0103m despre aspectele cheie ale proces\u0103rii datelor \u00een leg\u0103tur\u0103 cu site-ul nostru web.\" \/>\n<meta property=\"og:url\" content=\"https:\/\/www.amiblu.com\/ro\/politica-de-confidentialitate\/\" \/>\n<meta property=\"og:site_name\" content=\"Amiblu\" \/>\n<meta property=\"article:publisher\" content=\"https:\/\/www.facebook.com\/amiblupipes\" \/>\n<meta property=\"article:modified_time\" content=\"2022-03-07T09:26:47+00:00\" \/>\n<meta property=\"og:image\" content=\"https:\/\/www.amiblu.com\/wp-content\/uploads\/privacy@amiblu.com-address.png\" \/>\n<meta name=\"twitter:card\" content=\"summary_large_image\" \/>\n<meta name=\"twitter:label1\" content=\"Timp estimat pentru citire\" \/>\n\t<meta name=\"twitter:data1\" content=\"5 minute\" \/>\n<script type=\"application\/ld+json\" class=\"yoast-schema-graph\">{\"@context\":\"https:\\\/\\\/schema.org\",\"@graph\":[{\"@type\":\"WebPage\",\"@id\":\"https:\\\/\\\/www.amiblu.com\\\/ro\\\/politica-de-confidentialitate\\\/\",\"url\":\"https:\\\/\\\/www.amiblu.com\\\/ro\\\/politica-de-confidentialitate\\\/\",\"name\":\"Politica de confiden\u021bialitate a grupului Amiblu\",\"isPartOf\":{\"@id\":\"https:\\\/\\\/www.amiblu.com\\\/ro\\\/#website\"},\"primaryImageOfPage\":{\"@id\":\"https:\\\/\\\/www.amiblu.com\\\/ro\\\/politica-de-confidentialitate\\\/#primaryimage\"},\"image\":{\"@id\":\"https:\\\/\\\/www.amiblu.com\\\/ro\\\/politica-de-confidentialitate\\\/#primaryimage\"},\"thumbnailUrl\":\"https:\\\/\\\/www.amiblu.com\\\/wp-content\\\/uploads\\\/privacy@amiblu.com-address.png\",\"datePublished\":\"2021-07-16T06:43:23+00:00\",\"dateModified\":\"2022-03-07T09:26:47+00:00\",\"description\":\"\u00cen aceast\u0103 declara\u021bie de protec\u021bie a datelor, v\u0103 inform\u0103m despre aspectele cheie ale proces\u0103rii datelor \u00een leg\u0103tur\u0103 cu site-ul nostru web.\",\"inLanguage\":\"ro-RO\",\"potentialAction\":[{\"@type\":\"ReadAction\",\"target\":[\"https:\\\/\\\/www.amiblu.com\\\/ro\\\/politica-de-confidentialitate\\\/\"]}]},{\"@type\":\"ImageObject\",\"inLanguage\":\"ro-RO\",\"@id\":\"https:\\\/\\\/www.amiblu.com\\\/ro\\\/politica-de-confidentialitate\\\/#primaryimage\",\"url\":\"https:\\\/\\\/www.amiblu.com\\\/wp-content\\\/uploads\\\/privacy@amiblu.com-address.png\",\"contentUrl\":\"https:\\\/\\\/www.amiblu.com\\\/wp-content\\\/uploads\\\/privacy@amiblu.com-address.png\"},{\"@type\":\"WebSite\",\"@id\":\"https:\\\/\\\/www.amiblu.com\\\/ro\\\/#website\",\"url\":\"https:\\\/\\\/www.amiblu.com\\\/ro\\\/\",\"name\":\"Amiblu\",\"description\":\"GFK-Rohrsysteme f\u00fcr Generationen\",\"publisher\":{\"@id\":\"https:\\\/\\\/www.amiblu.com\\\/ro\\\/#organization\"},\"potentialAction\":[{\"@type\":\"SearchAction\",\"target\":{\"@type\":\"EntryPoint\",\"urlTemplate\":\"https:\\\/\\\/www.amiblu.com\\\/ro\\\/?s={search_term_string}\"},\"query-input\":{\"@type\":\"PropertyValueSpecification\",\"valueRequired\":true,\"valueName\":\"search_term_string\"}}],\"inLanguage\":\"ro-RO\"},{\"@type\":\"Organization\",\"@id\":\"https:\\\/\\\/www.amiblu.com\\\/ro\\\/#organization\",\"name\":\"Amiblu Group\",\"url\":\"https:\\\/\\\/www.amiblu.com\\\/ro\\\/\",\"logo\":{\"@type\":\"ImageObject\",\"inLanguage\":\"ro-RO\",\"@id\":\"https:\\\/\\\/www.amiblu.com\\\/ro\\\/#\\\/schema\\\/logo\\\/image\\\/\",\"url\":\"https:\\\/\\\/www.amiblu.com\\\/wp-content\\\/uploads\\\/2021\\\/01\\\/Amiblu-logo-website-1.png\",\"contentUrl\":\"https:\\\/\\\/www.amiblu.com\\\/wp-content\\\/uploads\\\/2021\\\/01\\\/Amiblu-logo-website-1.png\",\"width\":201,\"height\":38,\"caption\":\"Amiblu Group\"},\"image\":{\"@id\":\"https:\\\/\\\/www.amiblu.com\\\/ro\\\/#\\\/schema\\\/logo\\\/image\\\/\"},\"sameAs\":[\"https:\\\/\\\/www.facebook.com\\\/amiblupipes\",\"https:\\\/\\\/www.youtube.com\\\/c\\\/Amiblu\",\"https:\\\/\\\/de.wikipedia.org\\\/wiki\\\/Amiblu\",\"https:\\\/\\\/www.linkedin.com\\\/company\\\/amiblupipes\\\/\"]}]}<\/script>\n<!-- \/ Yoast SEO Premium plugin. -->","yoast_head_json":{"title":"Politica de confiden\u021bialitate a grupului Amiblu","description":"\u00cen aceast\u0103 declara\u021bie de protec\u021bie a datelor, v\u0103 inform\u0103m despre aspectele cheie ale proces\u0103rii datelor \u00een leg\u0103tur\u0103 cu site-ul nostru web.","robots":{"index":"index","follow":"follow","max-snippet":"max-snippet:-1","max-image-preview":"max-image-preview:large","max-video-preview":"max-video-preview:-1"},"canonical":"https:\/\/www.amiblu.com\/ro\/politica-de-confidentialitate\/","og_locale":"ro_RO","og_type":"article","og_title":"Politica de Confiden\u021bialitate","og_description":"\u00cen aceast\u0103 declara\u021bie de protec\u021bie a datelor, v\u0103 inform\u0103m despre aspectele cheie ale proces\u0103rii datelor \u00een leg\u0103tur\u0103 cu site-ul nostru web.","og_url":"https:\/\/www.amiblu.com\/ro\/politica-de-confidentialitate\/","og_site_name":"Amiblu","article_publisher":"https:\/\/www.facebook.com\/amiblupipes","article_modified_time":"2022-03-07T09:26:47+00:00","og_image":[{"url":"https:\/\/www.amiblu.com\/wp-content\/uploads\/privacy@amiblu.com-address.png","type":"","width":"","height":""}],"twitter_card":"summary_large_image","twitter_misc":{"Timp estimat pentru citire":"5 minute"},"schema":{"@context":"https:\/\/schema.org","@graph":[{"@type":"WebPage","@id":"https:\/\/www.amiblu.com\/ro\/politica-de-confidentialitate\/","url":"https:\/\/www.amiblu.com\/ro\/politica-de-confidentialitate\/","name":"Politica de confiden\u021bialitate a grupului Amiblu","isPartOf":{"@id":"https:\/\/www.amiblu.com\/ro\/#website"},"primaryImageOfPage":{"@id":"https:\/\/www.amiblu.com\/ro\/politica-de-confidentialitate\/#primaryimage"},"image":{"@id":"https:\/\/www.amiblu.com\/ro\/politica-de-confidentialitate\/#primaryimage"},"thumbnailUrl":"https:\/\/www.amiblu.com\/wp-content\/uploads\/privacy@amiblu.com-address.png","datePublished":"2021-07-16T06:43:23+00:00","dateModified":"2022-03-07T09:26:47+00:00","description":"\u00cen aceast\u0103 declara\u021bie de protec\u021bie a datelor, v\u0103 inform\u0103m despre aspectele cheie ale proces\u0103rii datelor \u00een leg\u0103tur\u0103 cu site-ul nostru web.","inLanguage":"ro-RO","potentialAction":[{"@type":"ReadAction","target":["https:\/\/www.amiblu.com\/ro\/politica-de-confidentialitate\/"]}]},{"@type":"ImageObject","inLanguage":"ro-RO","@id":"https:\/\/www.amiblu.com\/ro\/politica-de-confidentialitate\/#primaryimage","url":"https:\/\/www.amiblu.com\/wp-content\/uploads\/privacy@amiblu.com-address.png","contentUrl":"https:\/\/www.amiblu.com\/wp-content\/uploads\/privacy@amiblu.com-address.png"},{"@type":"WebSite","@id":"https:\/\/www.amiblu.com\/ro\/#website","url":"https:\/\/www.amiblu.com\/ro\/","name":"Amiblu","description":"GFK-Rohrsysteme f\u00fcr Generationen","publisher":{"@id":"https:\/\/www.amiblu.com\/ro\/#organization"},"potentialAction":[{"@type":"SearchAction","target":{"@type":"EntryPoint","urlTemplate":"https:\/\/www.amiblu.com\/ro\/?s={search_term_string}"},"query-input":{"@type":"PropertyValueSpecification","valueRequired":true,"valueName":"search_term_string"}}],"inLanguage":"ro-RO"},{"@type":"Organization","@id":"https:\/\/www.amiblu.com\/ro\/#organization","name":"Amiblu Group","url":"https:\/\/www.amiblu.com\/ro\/","logo":{"@type":"ImageObject","inLanguage":"ro-RO","@id":"https:\/\/www.amiblu.com\/ro\/#\/schema\/logo\/image\/","url":"https:\/\/www.amiblu.com\/wp-content\/uploads\/2021\/01\/Amiblu-logo-website-1.png","contentUrl":"https:\/\/www.amiblu.com\/wp-content\/uploads\/2021\/01\/Amiblu-logo-website-1.png","width":201,"height":38,"caption":"Amiblu Group"},"image":{"@id":"https:\/\/www.amiblu.com\/ro\/#\/schema\/logo\/image\/"},"sameAs":["https:\/\/www.facebook.com\/amiblupipes","https:\/\/www.youtube.com\/c\/Amiblu","https:\/\/de.wikipedia.org\/wiki\/Amiblu","https:\/\/www.linkedin.com\/company\/amiblupipes\/"]}]}},"_links":{"self":[{"href":"https:\/\/www.amiblu.com\/ro\/wp-json\/wp\/v2\/pages\/39083","targetHints":{"allow":["GET"]}}],"collection":[{"href":"https:\/\/www.amiblu.com\/ro\/wp-json\/wp\/v2\/pages"}],"about":[{"href":"https:\/\/www.amiblu.com\/ro\/wp-json\/wp\/v2\/types\/page"}],"author":[{"embeddable":true,"href":"https:\/\/www.amiblu.com\/ro\/wp-json\/wp\/v2\/users\/8"}],"replies":[{"embeddable":true,"href":"https:\/\/www.amiblu.com\/ro\/wp-json\/wp\/v2\/comments?post=39083"}],"version-history":[{"count":8,"href":"https:\/\/www.amiblu.com\/ro\/wp-json\/wp\/v2\/pages\/39083\/revisions"}],"predecessor-version":[{"id":44858,"href":"https:\/\/www.amiblu.com\/ro\/wp-json\/wp\/v2\/pages\/39083\/revisions\/44858"}],"wp:attachment":[{"href":"https:\/\/www.amiblu.com\/ro\/wp-json\/wp\/v2\/media?parent=39083"}],"curies":[{"name":"wp","href":"https:\/\/api.w.org\/{rel}","templated":true}]}}