{"id":39255,"date":"2021-08-03T08:48:41","date_gmt":"2021-08-03T06:48:41","guid":{"rendered":"https:\/\/www.amiblu.com\/?page_id=39255"},"modified":"2021-10-27T15:32:47","modified_gmt":"2021-10-27T13:32:47","slug":"zrieknutie-sa-zodpovednosti","status":"publish","type":"page","link":"https:\/\/www.amiblu.com\/sk\/zrieknutie-sa-zodpovednosti\/","title":{"rendered":"Zrieknutie sa zodpovednosti"},"content":{"rendered":"<\/p>\n\n<style type=\"text\/css\" data-created_by=\"avia_inline_auto\" id=\"style-css-av-krd5crom-934b15100acba9a20fcec0150e669f04\">\n#top .av-special-heading.av-krd5crom-934b15100acba9a20fcec0150e669f04{\npadding-bottom:10px;\n}\nbody .av-special-heading.av-krd5crom-934b15100acba9a20fcec0150e669f04 .av-special-heading-tag .heading-char{\nfont-size:25px;\n}\n.av-special-heading.av-krd5crom-934b15100acba9a20fcec0150e669f04 .av-subheading{\nfont-size:15px;\n}\n<\/style>\n<div  class='av-special-heading av-krd5crom-934b15100acba9a20fcec0150e669f04 av-special-heading-h1 blockquote modern-quote  avia-builder-el-0  el_before_av_textblock  avia-builder-el-first '><h1 class='av-special-heading-tag '  itemprop=\"headline\"  >Odtla\u010dok<\/h1><div class=\"special-heading-border\"><div class=\"special-heading-inner-border\"><\/div><\/div><\/div>\n<section  class='av_textblock_section av-kkxz0h4p-358fa2509075fbbd14f15a08561f9a3a '   itemscope=\"itemscope\" itemtype=\"https:\/\/schema.org\/CreativeWork\" ><div class='avia_textblock'  itemprop=\"text\" ><p><strong>Amiblu Holding GmbH<\/strong><br \/>\nSterneckstra\u00dfe 19<br \/>\n9020 Klagenfurt<br \/>\nAustria<\/p>\n<p>+43.463.48 24 24<br \/>\n<a href=\"mailto:info@amiblu.com\">info@amiblu.com<\/a><\/p>\n<p>Registra\u010dn\u00e9 \u010d\u00edslo organiz\u00e1cie: FN 105310 v<br \/>\nS\u00fad: Landesgericht Klagenfurt<br \/>\nDI\u010c: ATU25771304<\/p>\n<p>Amiblu Holding GmbH je \u010dlenom rak\u00faskej obchodnej komory v s\u00falade s pr\u00edslu\u0161n\u00fdmi pr\u00e1vnymi ustanoveniami. \u010clenstvo v r\u00f4znych org\u00e1noch obchodnej komory je uveden\u00e9 na ofici\u00e1lnych webov\u00fdch str\u00e1nkach na adrese\u00a0<a href=\"https:\/\/firmen.wko.at\/Web\/DetailsKontakt.aspx?FirmaID=e546ad47-e808-4dd4-b150-fb0d6599b9c9&#038;StandortID=0&#038;Suchbegriff=amiblu&#038;Page=1\" target=\"_blank\" rel=\"noopener noreferrer\">https:\/\/firmen.wko.at\/<\/a>.<\/p>\n<p>T\u00e1to tla\u010d sa vz\u0165ahuje tie\u017e na nasleduj\u00face profily soci\u00e1lnych m\u00e9di\u00ed:<\/p>\n<ul>\n<li><a href=\"http:\/\/www.facebook.com\/amiblupipes\" target=\"_blank\" rel=\"noopener noreferrer\">www.facebook.com\/amiblupipes<\/a><\/li>\n<li><a href=\"http:\/\/www.twitter.com\/Amiblupipes\" target=\"_blank\" rel=\"noopener noreferrer\">www.twitter.com\/Amiblupipes<\/a><\/li>\n<li><a href=\"https:\/\/www.linkedin.com\/company\/amiblupipes\/\" target=\"_blank\" rel=\"noopener noreferrer\">www.linkedin.com\/company\/amiblupipes<\/a><\/li>\n<li><a href=\"https:\/\/www.youtube.com\/c\/amiblu\/\" target=\"_blank\" rel=\"noopener noreferrer\">www.youtube.com\/c\/amiblu<\/a><\/li>\n<\/ul>\n<\/div><\/section>\n<div  class='hr av-483n-f97b05a5d99e9c417089a6b49247222b hr-default  avia-builder-el-2  el_after_av_textblock  el_before_av_heading '><span class='hr-inner '><span class=\"hr-inner-style\"><\/span><\/span><\/div>\n\n<style type=\"text\/css\" data-created_by=\"avia_inline_auto\" id=\"style-css-av-krd5dy7b-240456dc455f899067c61eccd7999fa1\">\n#top .av-special-heading.av-krd5dy7b-240456dc455f899067c61eccd7999fa1{\npadding-bottom:10px;\n}\nbody .av-special-heading.av-krd5dy7b-240456dc455f899067c61eccd7999fa1 .av-special-heading-tag .heading-char{\nfont-size:25px;\n}\n.av-special-heading.av-krd5dy7b-240456dc455f899067c61eccd7999fa1 .av-subheading{\nfont-size:15px;\n}\n<\/style>\n<div  class='av-special-heading av-krd5dy7b-240456dc455f899067c61eccd7999fa1 av-special-heading-h1 blockquote modern-quote  avia-builder-el-3  el_after_av_hr  el_before_av_textblock '><h1 class='av-special-heading-tag '  itemprop=\"headline\"  >Zrieknutie sa zodpovednosti<\/h1><div class=\"special-heading-border\"><div class=\"special-heading-inner-border\"><\/div><\/div><\/div>\n<section  class='av_textblock_section av-kkxz29by-df0ed34865734db890a5c143f6e694b2 '   itemscope=\"itemscope\" itemtype=\"https:\/\/schema.org\/CreativeWork\" ><div class='avia_textblock'  itemprop=\"text\" ><p><strong>Poskytovanie v\u0161eobecn\u00fdch \u00fadajov a inform\u00e1ci\u00ed<br \/>\n<\/strong>Spolo\u010dnos\u0165 Amiblu vynaklad\u00e1 v\u0161etko \u00fasilie, aby zaistila, \u017ee v\u0161etky inform\u00e1cie a \u00fadaje obsiahnut\u00e9 na tejto webovej str\u00e1nke s\u00fa spr\u00e1vne. Amiblu si vyhradzuje pr\u00e1vo zmeni\u0165 alebo doplni\u0165 poskytnut\u00e9 inform\u00e1cie alebo \u00fadaje bez predch\u00e1dzaj\u00faceho upozornenia.<\/p>\n<p><strong>Zodpovednos\u0165<br \/>\n<\/strong>Inform\u00e1cie poskytovan\u00e9 na webov\u00fdch str\u00e1nkach Amiblu boli starostlivo zhroma\u017eden\u00e9 a s\u00fa priebe\u017ene aktualizovan\u00e9. Aj napriek n\u00e1\u0161mu najlep\u0161iemu \u00fasiliu v\u0161ak absencia ch\u00fdb nem\u00f4\u017ee by\u0165 zaru\u010den\u00e1. V s\u00favislosti s obsahom, spr\u00e1vnos\u0165ou alebo \u00faplnos\u0165ou poskytnut\u00fdch inform\u00e1ci\u00ed a \u00fadajov sa neprij\u00edma \u017eiadna zodpovednos\u0165 ani \u017eiadna z\u00e1ruka.<\/p>\n<p><strong>Autorsk\u00e9 pr\u00e1va<br \/>\n<\/strong>Obsah webov\u00fdch str\u00e1nok Amiblu je chr\u00e1nen\u00fd autorsk\u00fdm pr\u00e1vom. Kop\u00edrovanie, \u0161\u00edrenie, uchov\u00e1vanie, reprodukcia a prenos ak\u00fdchko\u013evek inform\u00e1ci\u00ed alebo d\u00e1t, najm\u00e4 pou\u017e\u00edvanie textov, \u010dast\u00ed textov alebo obr\u00e1zkov alebo in\u00fdch diel zverejnen\u00fdch na webov\u00fdch str\u00e1nkach je v\u00fdslovne zak\u00e1zan\u00e9 bez predch\u00e1dzaj\u00faceho p\u00edsomn\u00e9ho s\u00fahlasu Amiblu Holding GmbH. Texty a obr\u00e1zky v oblasti \u201ePress\u201c, ktor\u00e9 s\u00fa vyslovene ur\u010den\u00e9 k distrib\u00faci\u00ed, s\u00fa od vy\u0161\u0161ie uveden\u00e9ho osloboden\u00e9.<\/p>\n<p><strong>Rozhodn\u00e9 pr\u00e1vo<br \/>\n<\/strong>V\u0161etky inform\u00e1cie alebo d\u00e1ta, ich pou\u017eitie, prihl\u00e1senie sa na webov\u00fdch str\u00e1nkach Amiblu, ako aj ak\u00e9ko\u013evek s\u00favisiace \u010dinnosti, ne\u010dinnosti alebo vynechania podliehaj\u00fa v\u00fdhradne rak\u00faskym pr\u00e1vam. Miestom jurisdikcie je Klagenfurt.<\/p>\n<\/div><\/section>\n","protected":false},"excerpt":{"rendered":"","protected":false},"author":8,"featured_media":0,"parent":0,"menu_order":200,"comment_status":"closed","ping_status":"closed","template":"","meta":{"_acf_changed":false,"footnotes":""},"class_list":["post-39255","page","type-page","status-publish","hentry"],"acf":[],"yoast_head":"<!-- This site is optimized with the Yoast SEO Premium plugin v27.3 (Yoast SEO v27.4) - https:\/\/yoast.com\/product\/yoast-seo-premium-wordpress\/ -->\n<title>Zrieknutie sa zodpovednosti<\/title>\n<meta name=\"description\" content=\"Inform\u00e1cie poskytovan\u00e9 na webov\u00fdch str\u00e1nkach Amiblu boli starostlivo zhroma\u017eden\u00e9 a s\u00fa priebe\u017ene aktualizovan\u00e9.\" \/>\n<meta name=\"robots\" content=\"noindex, follow\" \/>\n<meta property=\"og:locale\" content=\"sk_SK\" \/>\n<meta property=\"og:type\" content=\"article\" \/>\n<meta property=\"og:title\" content=\"Zrieknutie sa zodpovednosti\" \/>\n<meta property=\"og:description\" content=\"Inform\u00e1cie poskytovan\u00e9 na webov\u00fdch str\u00e1nkach Amiblu boli starostlivo zhroma\u017eden\u00e9 a s\u00fa priebe\u017ene aktualizovan\u00e9.\" \/>\n<meta property=\"og:url\" content=\"https:\/\/www.amiblu.com\/sk\/zrieknutie-sa-zodpovednosti\/\" \/>\n<meta property=\"og:site_name\" content=\"Amiblu\" \/>\n<meta property=\"article:publisher\" content=\"https:\/\/www.facebook.com\/amiblupipes\" \/>\n<meta property=\"article:modified_time\" content=\"2021-10-27T13:32:47+00:00\" \/>\n<meta name=\"twitter:card\" content=\"summary_large_image\" \/>\n<meta name=\"twitter:label1\" content=\"Predpokladan\u00fd \u010das \u010d\u00edtania\" \/>\n\t<meta name=\"twitter:data1\" content=\"2 min\u00faty\" \/>\n<script type=\"application\/ld+json\" class=\"yoast-schema-graph\">{\"@context\":\"https:\\\/\\\/schema.org\",\"@graph\":[{\"@type\":\"WebPage\",\"@id\":\"https:\\\/\\\/www.amiblu.com\\\/sk\\\/zrieknutie-sa-zodpovednosti\\\/\",\"url\":\"https:\\\/\\\/www.amiblu.com\\\/sk\\\/zrieknutie-sa-zodpovednosti\\\/\",\"name\":\"Zrieknutie sa zodpovednosti\",\"isPartOf\":{\"@id\":\"https:\\\/\\\/www.amiblu.com\\\/sk\\\/#website\"},\"datePublished\":\"2021-08-03T06:48:41+00:00\",\"dateModified\":\"2021-10-27T13:32:47+00:00\",\"description\":\"Inform\u00e1cie poskytovan\u00e9 na webov\u00fdch str\u00e1nkach Amiblu boli starostlivo zhroma\u017eden\u00e9 a s\u00fa priebe\u017ene aktualizovan\u00e9.\",\"inLanguage\":\"sk-SK\",\"potentialAction\":[{\"@type\":\"ReadAction\",\"target\":[\"https:\\\/\\\/www.amiblu.com\\\/sk\\\/zrieknutie-sa-zodpovednosti\\\/\"]}]},{\"@type\":\"WebSite\",\"@id\":\"https:\\\/\\\/www.amiblu.com\\\/sk\\\/#website\",\"url\":\"https:\\\/\\\/www.amiblu.com\\\/sk\\\/\",\"name\":\"Amiblu\",\"description\":\"GFK-Rohrsysteme f\u00fcr Generationen\",\"publisher\":{\"@id\":\"https:\\\/\\\/www.amiblu.com\\\/sk\\\/#organization\"},\"potentialAction\":[{\"@type\":\"SearchAction\",\"target\":{\"@type\":\"EntryPoint\",\"urlTemplate\":\"https:\\\/\\\/www.amiblu.com\\\/sk\\\/?s={search_term_string}\"},\"query-input\":{\"@type\":\"PropertyValueSpecification\",\"valueRequired\":true,\"valueName\":\"search_term_string\"}}],\"inLanguage\":\"sk-SK\"},{\"@type\":\"Organization\",\"@id\":\"https:\\\/\\\/www.amiblu.com\\\/sk\\\/#organization\",\"name\":\"Amiblu Group\",\"url\":\"https:\\\/\\\/www.amiblu.com\\\/sk\\\/\",\"logo\":{\"@type\":\"ImageObject\",\"inLanguage\":\"sk-SK\",\"@id\":\"https:\\\/\\\/www.amiblu.com\\\/sk\\\/#\\\/schema\\\/logo\\\/image\\\/\",\"url\":\"https:\\\/\\\/www.amiblu.com\\\/wp-content\\\/uploads\\\/2021\\\/01\\\/Amiblu-logo-website-1.png\",\"contentUrl\":\"https:\\\/\\\/www.amiblu.com\\\/wp-content\\\/uploads\\\/2021\\\/01\\\/Amiblu-logo-website-1.png\",\"width\":201,\"height\":38,\"caption\":\"Amiblu Group\"},\"image\":{\"@id\":\"https:\\\/\\\/www.amiblu.com\\\/sk\\\/#\\\/schema\\\/logo\\\/image\\\/\"},\"sameAs\":[\"https:\\\/\\\/www.facebook.com\\\/amiblupipes\",\"https:\\\/\\\/www.youtube.com\\\/c\\\/Amiblu\",\"https:\\\/\\\/de.wikipedia.org\\\/wiki\\\/Amiblu\",\"https:\\\/\\\/www.linkedin.com\\\/company\\\/amiblupipes\\\/\"]}]}<\/script>\n<!-- \/ Yoast SEO Premium plugin. -->","yoast_head_json":{"title":"Zrieknutie sa zodpovednosti","description":"Inform\u00e1cie poskytovan\u00e9 na webov\u00fdch str\u00e1nkach Amiblu boli starostlivo zhroma\u017eden\u00e9 a s\u00fa priebe\u017ene aktualizovan\u00e9.","robots":{"index":"noindex","follow":"follow"},"og_locale":"sk_SK","og_type":"article","og_title":"Zrieknutie sa zodpovednosti","og_description":"Inform\u00e1cie poskytovan\u00e9 na webov\u00fdch str\u00e1nkach Amiblu boli starostlivo zhroma\u017eden\u00e9 a s\u00fa priebe\u017ene aktualizovan\u00e9.","og_url":"https:\/\/www.amiblu.com\/sk\/zrieknutie-sa-zodpovednosti\/","og_site_name":"Amiblu","article_publisher":"https:\/\/www.facebook.com\/amiblupipes","article_modified_time":"2021-10-27T13:32:47+00:00","twitter_card":"summary_large_image","twitter_misc":{"Predpokladan\u00fd \u010das \u010d\u00edtania":"2 min\u00faty"},"schema":{"@context":"https:\/\/schema.org","@graph":[{"@type":"WebPage","@id":"https:\/\/www.amiblu.com\/sk\/zrieknutie-sa-zodpovednosti\/","url":"https:\/\/www.amiblu.com\/sk\/zrieknutie-sa-zodpovednosti\/","name":"Zrieknutie sa zodpovednosti","isPartOf":{"@id":"https:\/\/www.amiblu.com\/sk\/#website"},"datePublished":"2021-08-03T06:48:41+00:00","dateModified":"2021-10-27T13:32:47+00:00","description":"Inform\u00e1cie poskytovan\u00e9 na webov\u00fdch str\u00e1nkach Amiblu boli starostlivo zhroma\u017eden\u00e9 a s\u00fa priebe\u017ene aktualizovan\u00e9.","inLanguage":"sk-SK","potentialAction":[{"@type":"ReadAction","target":["https:\/\/www.amiblu.com\/sk\/zrieknutie-sa-zodpovednosti\/"]}]},{"@type":"WebSite","@id":"https:\/\/www.amiblu.com\/sk\/#website","url":"https:\/\/www.amiblu.com\/sk\/","name":"Amiblu","description":"GFK-Rohrsysteme f\u00fcr Generationen","publisher":{"@id":"https:\/\/www.amiblu.com\/sk\/#organization"},"potentialAction":[{"@type":"SearchAction","target":{"@type":"EntryPoint","urlTemplate":"https:\/\/www.amiblu.com\/sk\/?s={search_term_string}"},"query-input":{"@type":"PropertyValueSpecification","valueRequired":true,"valueName":"search_term_string"}}],"inLanguage":"sk-SK"},{"@type":"Organization","@id":"https:\/\/www.amiblu.com\/sk\/#organization","name":"Amiblu Group","url":"https:\/\/www.amiblu.com\/sk\/","logo":{"@type":"ImageObject","inLanguage":"sk-SK","@id":"https:\/\/www.amiblu.com\/sk\/#\/schema\/logo\/image\/","url":"https:\/\/www.amiblu.com\/wp-content\/uploads\/2021\/01\/Amiblu-logo-website-1.png","contentUrl":"https:\/\/www.amiblu.com\/wp-content\/uploads\/2021\/01\/Amiblu-logo-website-1.png","width":201,"height":38,"caption":"Amiblu Group"},"image":{"@id":"https:\/\/www.amiblu.com\/sk\/#\/schema\/logo\/image\/"},"sameAs":["https:\/\/www.facebook.com\/amiblupipes","https:\/\/www.youtube.com\/c\/Amiblu","https:\/\/de.wikipedia.org\/wiki\/Amiblu","https:\/\/www.linkedin.com\/company\/amiblupipes\/"]}]}},"_links":{"self":[{"href":"https:\/\/www.amiblu.com\/sk\/wp-json\/wp\/v2\/pages\/39255","targetHints":{"allow":["GET"]}}],"collection":[{"href":"https:\/\/www.amiblu.com\/sk\/wp-json\/wp\/v2\/pages"}],"about":[{"href":"https:\/\/www.amiblu.com\/sk\/wp-json\/wp\/v2\/types\/page"}],"author":[{"embeddable":true,"href":"https:\/\/www.amiblu.com\/sk\/wp-json\/wp\/v2\/users\/8"}],"replies":[{"embeddable":true,"href":"https:\/\/www.amiblu.com\/sk\/wp-json\/wp\/v2\/comments?post=39255"}],"version-history":[{"count":4,"href":"https:\/\/www.amiblu.com\/sk\/wp-json\/wp\/v2\/pages\/39255\/revisions"}],"predecessor-version":[{"id":40025,"href":"https:\/\/www.amiblu.com\/sk\/wp-json\/wp\/v2\/pages\/39255\/revisions\/40025"}],"wp:attachment":[{"href":"https:\/\/www.amiblu.com\/sk\/wp-json\/wp\/v2\/media?parent=39255"}],"curies":[{"name":"wp","href":"https:\/\/api.w.org\/{rel}","templated":true}]}}