{"id":39258,"date":"2021-08-03T08:51:13","date_gmt":"2021-08-03T06:51:13","guid":{"rendered":"https:\/\/www.amiblu.com\/?page_id=39258"},"modified":"2022-03-07T10:21:30","modified_gmt":"2022-03-07T09:21:30","slug":"ochrana-osobnych-udajov","status":"publish","type":"page","link":"https:\/\/www.amiblu.com\/sk\/ochrana-osobnych-udajov\/","title":{"rendered":"Ochrana osobn\u00fdch \u00fadajov"},"content":{"rendered":"\n<style type=\"text\/css\" data-created_by=\"avia_inline_auto\" id=\"style-css-av-krd5fd0t-3822cab3e66fdb24b52b0e83a7ace3b3\">\n#top .av-special-heading.av-krd5fd0t-3822cab3e66fdb24b52b0e83a7ace3b3{\npadding-bottom:10px;\n}\nbody .av-special-heading.av-krd5fd0t-3822cab3e66fdb24b52b0e83a7ace3b3 .av-special-heading-tag .heading-char{\nfont-size:25px;\n}\n.av-special-heading.av-krd5fd0t-3822cab3e66fdb24b52b0e83a7ace3b3 .av-subheading{\nfont-size:15px;\n}\n<\/style>\n<div  class='av-special-heading av-krd5fd0t-3822cab3e66fdb24b52b0e83a7ace3b3 av-special-heading-h1 blockquote modern-quote  avia-builder-el-0  el_before_av_textblock  avia-builder-el-first '><h1 class='av-special-heading-tag '  itemprop=\"headline\"  >Z\u00e1sady ochrany osobn\u00fdch \u00fadajov v skupine Amiblu<\/h1><div class=\"special-heading-border\"><div class=\"special-heading-inner-border\"><\/div><\/div><\/div>\n<section  class='av_textblock_section av-kkxzxc1l-7f33b4d4b87faa09f279d9f27cda48f1 '   itemscope=\"itemscope\" itemtype=\"https:\/\/schema.org\/CreativeWork\" ><div class='avia_textblock'  itemprop=\"text\" ><p><strong>1. V\u0161eobecn\u00e9 inform\u00e1cie<\/strong><\/p>\n<p>Ochrana Va\u0161ich osobn\u00fdch \u00fadajov je pre n\u00e1s k\u013e\u00fa\u010dov\u00e1 a preto m\u00e1 vysok\u00fa prioritu. Z tohto d\u00f4vodu spracov\u00e1vame Va\u0161e \u00fadaje len na z\u00e1klade platn\u00fdch predpisov o ochrane osobn\u00fdch \u00fadajov, najm\u00e4 s oh\u013eadom na v\u0161eobecn\u00e9 nariadenie EU o ochrane osobn\u00fdch \u00fadajov (GDPR) a rak\u00fasky z\u00e1kon o ochrane osobn\u00fdch \u00fadajov a z\u00e1kon o telekomunik\u00e1ci\u00e1ch. V tomto prehl\u00e1sen\u00ed o ochrane \u00fadajov V\u00e1s informujeme o k\u013e\u00fa\u010dov\u00fdch aspektoch spracovania \u00fadajov vo vz\u0165ahu k na\u0161im webov\u00fdm str\u00e1nkam.<\/p>\n<p><strong>2. Va\u0161e \u00fadaje<\/strong><\/p>\n<p><strong>2.1 Zber a spracovanie Va\u0161ich \u00fadajov<\/strong><\/p>\n<p>Spracovanie osobn\u00fdch \u00fadajov, ktor\u00e9 ste n\u00e1m dobrovo\u013ene poskytli pre vyu\u017eitie zvl\u00e1\u0161tnych slu\u017eieb a port\u00e1lov, je nutn\u00e9 pre spracovanie Va\u0161ich ot\u00e1zok, objedn\u00e1vok, \u017eiadost\u00ed a pod. za \u00fa\u010delom pr\u00edpravy a uzatv\u00e1rania zml\u00fav a k zasielaniu informa\u010dn\u00fdch noviniek.<\/p>\n<p><strong>2.2 Pred\u00e1vanie va\u0161ich d\u00e1t<\/strong><\/p>\n<p>Tieto d\u00e1ta budeme poskytova\u0165 v\u00fdlu\u010dne v r\u00e1mci skupiny Amiblu a len pokia\u013e bud\u00fa sl\u00fa\u017ei\u0165 k plneniu zmluvy alebo Va\u0161ich po\u017eiadaviek. Va\u0161e osobn\u00e9 \u00fadaje uchov\u00e1me d\u00f4vern\u00e9 a nebudeme ich pred\u00e1va\u0165, prenaj\u00edma\u0165 ani spr\u00edstup\u0148ova\u0165 tret\u00edm osob\u00e1m.<\/p>\n<p>Poskytovanie \u0161t\u00e1tnym in\u0161tit\u00faci\u00e1m a org\u00e1nom prebieha len v kontexte z\u00e1v\u00e4zn\u00fdch vn\u00fatro\u0161t\u00e1tnych pr\u00e1vnych predpisov.<\/p>\n<p><strong>3. Cookies<\/strong><\/p>\n<p>V\u0161etky webov\u00e9 str\u00e1nky Amiblu pou\u017e\u00edvaj\u00fa cookies. Cookie je mal\u00fd textov\u00fd s\u00fabor, ktor\u00fd je ulo\u017een\u00fd v po\u010d\u00edta\u010di. Cookie umo\u017e\u0148uje V\u00e1\u0161mu prehliada\u010du rozpozna\u0165 V\u00e1s a Va\u0161e najnov\u0161ie nastavenia (napr.: nastavenie jazyka) na webov\u00fdch str\u00e1nkach. Va\u0161e nastavenia bud\u00fa okam\u017eite k dispoz\u00edci\u00ed a nemusia by\u0165 znovu nastavovan\u00e9.<\/p>\n<p>Pokia\u013e nechcete, aby sme rozpoznali Va\u0161e koncov\u00e9 zariadenie, pros\u00edme aby ste si nakonfigurovali internetov\u00fd prehliada\u010d tak, aby ste vymazali v\u0161etky s\u00fabory cookies zo zariadenia, zablokovali v\u0161etky cookies alebo obdr\u017eali varovanie pred ulo\u017een\u00edm s\u00faboru cookie.<\/p>\n<p>Vezmite pros\u00edm na vedomie, \u017ee niektor\u00e9 funkcie na\u0161ich webov\u00fdch str\u00e1nok bez cookies nemusia fungova\u0165 spr\u00e1vne alebo v\u00f4bec.<\/p>\n<p><strong>4. Google Analytics<\/strong><\/p>\n<p>Tento web pou\u017e\u00edva slu\u017ebu Google Analytics, webov\u00fa analytick\u00fa slu\u017ebu poskytovan\u00fa spolo\u010dnos\u0165ou Google, Inc. (\u201eGoogle\u201c). Slu\u017eba Google Analytics pou\u017e\u00edva s\u00fabory cookies, \u010do s\u00fa textov\u00e9 s\u00fabory umiestnen\u00e9 v po\u010d\u00edta\u010di, ktor\u00e9 pom\u00e1haj\u00fa webovej str\u00e1nke analyzova\u0165, ako u\u017e\u00edvatelia vyu\u017e\u00edvaj\u00fa web. Inform\u00e1cie vygenerovan\u00e9 cookie o Va\u0161om pou\u017e\u00edvan\u00ed webov\u00fdch str\u00e1nok (vr\u00e1tane Va\u0161ej IP adresy) bud\u00fa poskytnut\u00e9 a ulo\u017een\u00e9 spolo\u010dnos\u0165ou Google na serveroch v Spojen\u00fdch \u0161t\u00e1toch. Spolo\u010dnos\u0165 Google tieto inform\u00e1cie pou\u017eije k vyhodnoteniu V\u00e1\u0161ho pou\u017e\u00edvania webov\u00fdch str\u00e1nok, zostavovanie preh\u013eadu o \u010dinnosti webov\u00fdch str\u00e1nok pre prev\u00e1dzkovate\u013ea webov\u00fdch str\u00e1nok a poskytovan\u00ed \u010fal\u0161\u00edch slu\u017eieb s\u00favisiacich s aktivitou webov\u00fdch str\u00e1nok a pou\u017e\u00edvan\u00ed internetu. Spolo\u010dnos\u0165 Google m\u00f4\u017ee tieto inform\u00e1cie taktie\u017e preda\u0165 tret\u00edm stran\u00e1m, ak to vy\u017eaduje z\u00e1kon, alebo pokia\u013e tieto tretie strany spracov\u00e1vaj\u00fa inform\u00e1cie v mene spolo\u010dnosti Google. Spolo\u010dnos\u0165 Google nebude prira\u010fova\u0165 Va\u0161u IP adresu in\u00fdm d\u00e1tam, ktor\u00e9 spolo\u010dnos\u0165 Google vlastn\u00ed.<\/p>\n<p>S\u00fabory cookies m\u00f4\u017eete odmietnu\u0165 v\u00fdberom pr\u00edslu\u0161n\u00fdch nastaven\u00ed v prehliada\u010di. Vezmite pros\u00edm na vedomie, \u017ee pokia\u013e tak vykon\u00e1te, mo\u017eno nebudete m\u00f4c\u0165 vyu\u017e\u00edva\u0165 pln\u00fa funk\u010dnos\u0165 tohto webu. Okrem toho m\u00f4\u017eete zabr\u00e1ni\u0165 zberu a spracovaniu \u00fadajov spolo\u010dnosti Google t\u00fdkaj\u00facej sa pou\u017e\u00edvania webov\u00fdch str\u00e1nok (vr\u00e1tane va\u0161ej adresy IP) stiahnut\u00edm a in\u0161tal\u00e1ciou doplnku prehliada\u010da pre odmietnutie slu\u017eby Google Analytics.<\/p>\n<p>Pou\u017e\u00edvan\u00edm tejto webovej str\u00e1nky vyjadrujete s\u00fahlas so spracovan\u00edm \u00fadajov zhroma\u017eden\u00fdch spolo\u010dnos\u0165ou Google o V\u00e1s vy\u0161\u0161ie pop\u00edsan\u00fdm sp\u00f4sobom a za vy\u0161\u0161ie uveden\u00fdmi \u00fa\u010delmi. Pou\u017eitie slu\u017eby Google Analytics m\u00e1 jedin\u00fd \u00fa\u010del pre optimaliz\u00e1ciu a n\u00e1vrh zalo\u017een\u00fd na potreb\u00e1ch na\u0161ich webov\u00fdch str\u00e1nok. \u010eal\u0161ie inform\u00e1cie o technol\u00f3gi\u00e1ch spolo\u010dnosti Google n\u00e1jdete na nasleduj\u00facom odkaze:\u00a0<a href=\"https:\/\/marketingplatform.google.com\/about\/analytics\/\" target=\"_blank\" rel=\"noopener noreferrer\">www.google.com\/analytics<\/a>.<\/p>\n<p><strong>5. Newsletter<\/strong><\/p>\n<p>M\u00e1te mo\u017enos\u0165 sa prihl\u00e1si\u0165 k odberu n\u00e1\u0161ho newsletteru prostredn\u00edctvom na\u0161ich webov\u00fdch str\u00e1nok. K tomu potrebujeme Va\u0161e meno, e-mailov\u00fa adresu, firmu, v ktorej pracujete, krajinu, v ktorej \u017eijete a V\u00e1\u0161 s\u00fahlas na obdr\u017eanie newsletteru a spracovanie Va\u0161ich osobn\u00fdch \u00fadajov.<\/p>\n<p>M\u00f4\u017eete zmeni\u0165 preferencie newsletteru alebo sa odhl\u00e1si\u0165 z odberu n\u00e1\u0161ho newsletteru bez upozornenia a to priamo vo Va\u0161om \u00fa\u010dte alebo e-mailom na adresu info@amiblu.com. Okam\u017eite odstr\u00e1nime \u00fadaje t\u00fdkaj\u00face sa odberu newsletteru.<\/p>\n<p><strong>6. Va\u0161e pr\u00e1va<\/strong><\/p>\n<p>M\u00e1te pr\u00e1vo po\u017eadova\u0165 od spolo\u010dnosti Amiblu inform\u00e1cie o osobn\u00fdch \u00fadajoch, ktor\u00e9 sme o V\u00e1s ulo\u017eili. Okrem toho m\u00e1te pr\u00e1vo po\u017eadova\u0165, aby boli \u00fadaje opraven\u00e9, odstr\u00e1nen\u00e9, obmedzen\u00e9, odmietnut\u00e9 pre spracovanie a \u017ee vy, alebo tretia strana, ktor\u00fa ste uviedli, prevediete ulo\u017een\u00e9 \u00fadaje do vhodnej formy.<\/p>\n<p>Pokia\u013e Va\u0161a po\u017eiadavka nem\u00f4\u017ee by\u0165, alebo nebude vyrie\u0161en\u00e1 do jedn\u00e9ho mesiaca od obdr\u017eania \u017eiadosti, m\u00e1te pr\u00e1vo poda\u0165 s\u0165a\u017enos\u0165 u dozoruj\u00faceho org\u00e1nu. Pr\u00edslu\u0161n\u00fdm org\u00e1nom dozoru je rak\u00fasky org\u00e1n pre ochranu \u00fadajov vo Viedni.<\/p>\n<p><strong>7. Va\u0161e po\u017eiadavky<\/strong><\/p>\n<p>Pokial m\u00e1te ak\u00e9ko\u013evek ot\u00e1zky t\u00fdkaj\u00face sa ochrany \u00fadajov a uplatnenia vy\u0161\u0161ie uveden\u00fdch pr\u00e1v, obr\u00e1\u0165te sa na koordin\u00e1tora ochrany \u00fadajov spolo\u010dnosti Amiblu takto:<\/p>\n<p>Amiblu Holding GmbH<strong><br \/>\n<\/strong>Data Protection Coordinator<\/p>\n<p>Sterneckstra\u00dfe 19<br \/>\n9020 Klagenfurt am W\u00f6rthersee<br \/>\nAustria<\/p>\n<p><img decoding=\"async\" class=\"alignnone size-full wp-image-44826\" src=\"https:\/\/www.amiblu.com\/wp-content\/uploads\/privacy@amiblu.com-address.png\" alt=\"privacy@amiblu.com\" width=\"124\" height=\"16\" \/><\/p>\n<p>Uve\u010fte, pros\u00edm, kontaktn\u00e9 \u00fadaje, n\u00e1zov webovej str\u00e1nky alebo slu\u017eby a podrobn\u00fd popis Va\u0161ej ot\u00e1zky alebo \u017eiadosti alebo V\u00e1\u0161ho znepokojenia oh\u013eadom ochrany \u00fadajov.<\/p>\n<p>\u017diadame v\u0161ak o Va\u0161e pochopenie, \u017ee pre Va\u0161u ochranu pred ot\u00e1zkami alebo pred ot\u00e1zkami neopr\u00e1vnen\u00fdch tret\u00edch os\u00f4b poskytneme len p\u00edsomn\u00e9 inform\u00e1cie na po\u0161tov\u00fa adresu, ktor\u00fa sme ulo\u017eili na pr\u00edslu\u0161n\u00fdch port\u00e1loch.<\/p>\n<p><strong>8. Zmeny z\u00e1sad ochrany osobn\u00fdch \u00fadajov<\/strong><\/p>\n<p>T\u00e1to politika ochrany \u00fadajov bude v priebehu \u010dasu revidovan\u00e1. Preto doporu\u010dujeme pravidelne kontrolova\u0165 z\u00e1sady ochrany osobn\u00fdch \u00fadajov.<\/p>\n<\/div><\/section>\n","protected":false},"excerpt":{"rendered":"","protected":false},"author":8,"featured_media":0,"parent":0,"menu_order":210,"comment_status":"closed","ping_status":"closed","template":"","meta":{"_acf_changed":false,"footnotes":""},"class_list":["post-39258","page","type-page","status-publish","hentry"],"acf":[],"yoast_head":"<!-- This site is optimized with the Yoast SEO Premium plugin v27.3 (Yoast SEO v27.4) - https:\/\/yoast.com\/product\/yoast-seo-premium-wordpress\/ -->\n<title>Ochrana osobn\u00fdch \u00fadajov v skupine Amiblu<\/title>\n<meta name=\"description\" content=\"V tomto prehl\u00e1sen\u00ed o ochrane \u00fadajov V\u00e1s informujeme o k\u013e\u00fa\u010dov\u00fdch aspektoch spracovania \u00fadajov vo vz\u0165ahu k na\u0161im webov\u00fdm str\u00e1nkam.\" \/>\n<meta name=\"robots\" content=\"index, follow, max-snippet:-1, max-image-preview:large, max-video-preview:-1\" \/>\n<link rel=\"canonical\" href=\"https:\/\/www.amiblu.com\/sk\/ochrana-osobnych-udajov\/\" \/>\n<meta property=\"og:locale\" content=\"sk_SK\" \/>\n<meta property=\"og:type\" content=\"article\" \/>\n<meta property=\"og:title\" content=\"Ochrana osobn\u00fdch \u00fadajov\" \/>\n<meta property=\"og:description\" content=\"V tomto prehl\u00e1sen\u00ed o ochrane \u00fadajov V\u00e1s informujeme o k\u013e\u00fa\u010dov\u00fdch aspektoch spracovania \u00fadajov vo vz\u0165ahu k na\u0161im webov\u00fdm str\u00e1nkam.\" \/>\n<meta property=\"og:url\" content=\"https:\/\/www.amiblu.com\/sk\/ochrana-osobnych-udajov\/\" \/>\n<meta property=\"og:site_name\" content=\"Amiblu\" \/>\n<meta property=\"article:publisher\" content=\"https:\/\/www.facebook.com\/amiblupipes\" \/>\n<meta property=\"article:modified_time\" content=\"2022-03-07T09:21:30+00:00\" \/>\n<meta property=\"og:image\" content=\"https:\/\/www.amiblu.com\/wp-content\/uploads\/privacy@amiblu.com-address.png\" \/>\n<meta name=\"twitter:card\" content=\"summary_large_image\" \/>\n<meta name=\"twitter:label1\" content=\"Predpokladan\u00fd \u010das \u010d\u00edtania\" \/>\n\t<meta name=\"twitter:data1\" content=\"4 min\u00faty\" \/>\n<script type=\"application\/ld+json\" class=\"yoast-schema-graph\">{\"@context\":\"https:\\\/\\\/schema.org\",\"@graph\":[{\"@type\":\"WebPage\",\"@id\":\"https:\\\/\\\/www.amiblu.com\\\/sk\\\/ochrana-osobnych-udajov\\\/\",\"url\":\"https:\\\/\\\/www.amiblu.com\\\/sk\\\/ochrana-osobnych-udajov\\\/\",\"name\":\"Ochrana osobn\u00fdch \u00fadajov v skupine Amiblu\",\"isPartOf\":{\"@id\":\"https:\\\/\\\/www.amiblu.com\\\/sk\\\/#website\"},\"primaryImageOfPage\":{\"@id\":\"https:\\\/\\\/www.amiblu.com\\\/sk\\\/ochrana-osobnych-udajov\\\/#primaryimage\"},\"image\":{\"@id\":\"https:\\\/\\\/www.amiblu.com\\\/sk\\\/ochrana-osobnych-udajov\\\/#primaryimage\"},\"thumbnailUrl\":\"https:\\\/\\\/www.amiblu.com\\\/wp-content\\\/uploads\\\/privacy@amiblu.com-address.png\",\"datePublished\":\"2021-08-03T06:51:13+00:00\",\"dateModified\":\"2022-03-07T09:21:30+00:00\",\"description\":\"V tomto prehl\u00e1sen\u00ed o ochrane \u00fadajov V\u00e1s informujeme o k\u013e\u00fa\u010dov\u00fdch aspektoch spracovania \u00fadajov vo vz\u0165ahu k na\u0161im webov\u00fdm str\u00e1nkam.\",\"inLanguage\":\"sk-SK\",\"potentialAction\":[{\"@type\":\"ReadAction\",\"target\":[\"https:\\\/\\\/www.amiblu.com\\\/sk\\\/ochrana-osobnych-udajov\\\/\"]}]},{\"@type\":\"ImageObject\",\"inLanguage\":\"sk-SK\",\"@id\":\"https:\\\/\\\/www.amiblu.com\\\/sk\\\/ochrana-osobnych-udajov\\\/#primaryimage\",\"url\":\"https:\\\/\\\/www.amiblu.com\\\/wp-content\\\/uploads\\\/privacy@amiblu.com-address.png\",\"contentUrl\":\"https:\\\/\\\/www.amiblu.com\\\/wp-content\\\/uploads\\\/privacy@amiblu.com-address.png\"},{\"@type\":\"WebSite\",\"@id\":\"https:\\\/\\\/www.amiblu.com\\\/sk\\\/#website\",\"url\":\"https:\\\/\\\/www.amiblu.com\\\/sk\\\/\",\"name\":\"Amiblu\",\"description\":\"GFK-Rohrsysteme f\u00fcr Generationen\",\"publisher\":{\"@id\":\"https:\\\/\\\/www.amiblu.com\\\/sk\\\/#organization\"},\"potentialAction\":[{\"@type\":\"SearchAction\",\"target\":{\"@type\":\"EntryPoint\",\"urlTemplate\":\"https:\\\/\\\/www.amiblu.com\\\/sk\\\/?s={search_term_string}\"},\"query-input\":{\"@type\":\"PropertyValueSpecification\",\"valueRequired\":true,\"valueName\":\"search_term_string\"}}],\"inLanguage\":\"sk-SK\"},{\"@type\":\"Organization\",\"@id\":\"https:\\\/\\\/www.amiblu.com\\\/sk\\\/#organization\",\"name\":\"Amiblu Group\",\"url\":\"https:\\\/\\\/www.amiblu.com\\\/sk\\\/\",\"logo\":{\"@type\":\"ImageObject\",\"inLanguage\":\"sk-SK\",\"@id\":\"https:\\\/\\\/www.amiblu.com\\\/sk\\\/#\\\/schema\\\/logo\\\/image\\\/\",\"url\":\"https:\\\/\\\/www.amiblu.com\\\/wp-content\\\/uploads\\\/2021\\\/01\\\/Amiblu-logo-website-1.png\",\"contentUrl\":\"https:\\\/\\\/www.amiblu.com\\\/wp-content\\\/uploads\\\/2021\\\/01\\\/Amiblu-logo-website-1.png\",\"width\":201,\"height\":38,\"caption\":\"Amiblu Group\"},\"image\":{\"@id\":\"https:\\\/\\\/www.amiblu.com\\\/sk\\\/#\\\/schema\\\/logo\\\/image\\\/\"},\"sameAs\":[\"https:\\\/\\\/www.facebook.com\\\/amiblupipes\",\"https:\\\/\\\/www.youtube.com\\\/c\\\/Amiblu\",\"https:\\\/\\\/de.wikipedia.org\\\/wiki\\\/Amiblu\",\"https:\\\/\\\/www.linkedin.com\\\/company\\\/amiblupipes\\\/\"]}]}<\/script>\n<!-- \/ Yoast SEO Premium plugin. -->","yoast_head_json":{"title":"Ochrana osobn\u00fdch \u00fadajov v skupine Amiblu","description":"V tomto prehl\u00e1sen\u00ed o ochrane \u00fadajov V\u00e1s informujeme o k\u013e\u00fa\u010dov\u00fdch aspektoch spracovania \u00fadajov vo vz\u0165ahu k na\u0161im webov\u00fdm str\u00e1nkam.","robots":{"index":"index","follow":"follow","max-snippet":"max-snippet:-1","max-image-preview":"max-image-preview:large","max-video-preview":"max-video-preview:-1"},"canonical":"https:\/\/www.amiblu.com\/sk\/ochrana-osobnych-udajov\/","og_locale":"sk_SK","og_type":"article","og_title":"Ochrana osobn\u00fdch \u00fadajov","og_description":"V tomto prehl\u00e1sen\u00ed o ochrane \u00fadajov V\u00e1s informujeme o k\u013e\u00fa\u010dov\u00fdch aspektoch spracovania \u00fadajov vo vz\u0165ahu k na\u0161im webov\u00fdm str\u00e1nkam.","og_url":"https:\/\/www.amiblu.com\/sk\/ochrana-osobnych-udajov\/","og_site_name":"Amiblu","article_publisher":"https:\/\/www.facebook.com\/amiblupipes","article_modified_time":"2022-03-07T09:21:30+00:00","og_image":[{"url":"https:\/\/www.amiblu.com\/wp-content\/uploads\/privacy@amiblu.com-address.png","type":"","width":"","height":""}],"twitter_card":"summary_large_image","twitter_misc":{"Predpokladan\u00fd \u010das \u010d\u00edtania":"4 min\u00faty"},"schema":{"@context":"https:\/\/schema.org","@graph":[{"@type":"WebPage","@id":"https:\/\/www.amiblu.com\/sk\/ochrana-osobnych-udajov\/","url":"https:\/\/www.amiblu.com\/sk\/ochrana-osobnych-udajov\/","name":"Ochrana osobn\u00fdch \u00fadajov v skupine Amiblu","isPartOf":{"@id":"https:\/\/www.amiblu.com\/sk\/#website"},"primaryImageOfPage":{"@id":"https:\/\/www.amiblu.com\/sk\/ochrana-osobnych-udajov\/#primaryimage"},"image":{"@id":"https:\/\/www.amiblu.com\/sk\/ochrana-osobnych-udajov\/#primaryimage"},"thumbnailUrl":"https:\/\/www.amiblu.com\/wp-content\/uploads\/privacy@amiblu.com-address.png","datePublished":"2021-08-03T06:51:13+00:00","dateModified":"2022-03-07T09:21:30+00:00","description":"V tomto prehl\u00e1sen\u00ed o ochrane \u00fadajov V\u00e1s informujeme o k\u013e\u00fa\u010dov\u00fdch aspektoch spracovania \u00fadajov vo vz\u0165ahu k na\u0161im webov\u00fdm str\u00e1nkam.","inLanguage":"sk-SK","potentialAction":[{"@type":"ReadAction","target":["https:\/\/www.amiblu.com\/sk\/ochrana-osobnych-udajov\/"]}]},{"@type":"ImageObject","inLanguage":"sk-SK","@id":"https:\/\/www.amiblu.com\/sk\/ochrana-osobnych-udajov\/#primaryimage","url":"https:\/\/www.amiblu.com\/wp-content\/uploads\/privacy@amiblu.com-address.png","contentUrl":"https:\/\/www.amiblu.com\/wp-content\/uploads\/privacy@amiblu.com-address.png"},{"@type":"WebSite","@id":"https:\/\/www.amiblu.com\/sk\/#website","url":"https:\/\/www.amiblu.com\/sk\/","name":"Amiblu","description":"GFK-Rohrsysteme f\u00fcr Generationen","publisher":{"@id":"https:\/\/www.amiblu.com\/sk\/#organization"},"potentialAction":[{"@type":"SearchAction","target":{"@type":"EntryPoint","urlTemplate":"https:\/\/www.amiblu.com\/sk\/?s={search_term_string}"},"query-input":{"@type":"PropertyValueSpecification","valueRequired":true,"valueName":"search_term_string"}}],"inLanguage":"sk-SK"},{"@type":"Organization","@id":"https:\/\/www.amiblu.com\/sk\/#organization","name":"Amiblu Group","url":"https:\/\/www.amiblu.com\/sk\/","logo":{"@type":"ImageObject","inLanguage":"sk-SK","@id":"https:\/\/www.amiblu.com\/sk\/#\/schema\/logo\/image\/","url":"https:\/\/www.amiblu.com\/wp-content\/uploads\/2021\/01\/Amiblu-logo-website-1.png","contentUrl":"https:\/\/www.amiblu.com\/wp-content\/uploads\/2021\/01\/Amiblu-logo-website-1.png","width":201,"height":38,"caption":"Amiblu Group"},"image":{"@id":"https:\/\/www.amiblu.com\/sk\/#\/schema\/logo\/image\/"},"sameAs":["https:\/\/www.facebook.com\/amiblupipes","https:\/\/www.youtube.com\/c\/Amiblu","https:\/\/de.wikipedia.org\/wiki\/Amiblu","https:\/\/www.linkedin.com\/company\/amiblupipes\/"]}]}},"_links":{"self":[{"href":"https:\/\/www.amiblu.com\/sk\/wp-json\/wp\/v2\/pages\/39258","targetHints":{"allow":["GET"]}}],"collection":[{"href":"https:\/\/www.amiblu.com\/sk\/wp-json\/wp\/v2\/pages"}],"about":[{"href":"https:\/\/www.amiblu.com\/sk\/wp-json\/wp\/v2\/types\/page"}],"author":[{"embeddable":true,"href":"https:\/\/www.amiblu.com\/sk\/wp-json\/wp\/v2\/users\/8"}],"replies":[{"embeddable":true,"href":"https:\/\/www.amiblu.com\/sk\/wp-json\/wp\/v2\/comments?post=39258"}],"version-history":[{"count":5,"href":"https:\/\/www.amiblu.com\/sk\/wp-json\/wp\/v2\/pages\/39258\/revisions"}],"predecessor-version":[{"id":44852,"href":"https:\/\/www.amiblu.com\/sk\/wp-json\/wp\/v2\/pages\/39258\/revisions\/44852"}],"wp:attachment":[{"href":"https:\/\/www.amiblu.com\/sk\/wp-json\/wp\/v2\/media?parent=39258"}],"curies":[{"name":"wp","href":"https:\/\/api.w.org\/{rel}","templated":true}]}}