{"id":38689,"date":"2021-07-14T13:28:09","date_gmt":"2021-07-14T11:28:09","guid":{"rendered":"https:\/\/www.amiblu.com\/?page_id=38689"},"modified":"2023-03-16T11:51:28","modified_gmt":"2023-03-16T10:51:28","slug":"rortryckningsror","status":"publish","type":"page","link":"https:\/\/www.amiblu.com\/sv\/rortryckningsror\/","title":{"rendered":"R\u00f6rtryckningsr\u00f6r"},"content":{"rendered":"\n<style type=\"text\/css\" data-created_by=\"avia_inline_auto\" id=\"style-css-av-4erz081-ba994539a95f4571ffb9b7de8facc031\">\n.avia-section.av-4erz081-ba994539a95f4571ffb9b7de8facc031 .av-parallax .av-parallax-inner{\nbackground-repeat:no-repeat;\nbackground-image:url(https:\/\/www.amiblu.com\/wp-content\/uploads\/Amiblu-GRP-pipes-jacking-project-Crescenza-Rome.webp);\nbackground-position:50% 50%;\nbackground-attachment:scroll;\n}\n.avia-section.av-4erz081-ba994539a95f4571ffb9b7de8facc031 .av-section-color-overlay{\nopacity:0.5;\nbackground-color:#0a0a0a;\n}\n<\/style>\n<div id='av_section_1'  class='avia-section av-4erz081-ba994539a95f4571ffb9b7de8facc031 main_color avia-section-default avia-no-border-styling  avia-builder-el-0  el_before_av_section  avia-builder-el-first  amiblu-content amiblu-page-hero av-parallax-section avia-bg-style-parallax av-section-color-overlay-active container_wrap fullsize'  data-section-bg-repeat='no-repeat'><div class='av-parallax' data-avia-parallax-ratio='0.3' ><div class='av-parallax-inner main_color avia-full-stretch'><\/div><\/div><div class=\"av-section-color-overlay-wrap\"><div class=\"av-section-color-overlay\"><\/div><div class='container av-section-cont-open' ><main  role=\"main\" itemprop=\"mainContentOfPage\"  class='template-page content  av-content-full alpha units'><div class='post-entry post-entry-type-page post-entry-38689'><div class='entry-content-wrapper clearfix'>\n\n<style type=\"text\/css\" data-created_by=\"avia_inline_auto\" id=\"style-css-av-3sj2p9d-37dd0f5dc2955133035b9a684b4394f8\">\n.flex_column.av-3sj2p9d-37dd0f5dc2955133035b9a684b4394f8{\nborder-radius:0px 0px 0px 0px;\npadding:0 0 0 0;\n}\n<\/style>\n<div  class='flex_column av-3sj2p9d-37dd0f5dc2955133035b9a684b4394f8 av_three_fifth  avia-builder-el-1  avia-builder-el-no-sibling  white-content first flex_column_div av-zero-column-padding  '     ><p>\n<style type=\"text\/css\" data-created_by=\"avia_inline_auto\" id=\"style-css-av-lf87gq5c-315605a7ef9c9383c46656b6778ed2da\">\n#top .av-special-heading.av-lf87gq5c-315605a7ef9c9383c46656b6778ed2da{\npadding-bottom:10px;\n}\nbody .av-special-heading.av-lf87gq5c-315605a7ef9c9383c46656b6778ed2da .av-special-heading-tag .heading-char{\nfont-size:25px;\n}\n.av-special-heading.av-lf87gq5c-315605a7ef9c9383c46656b6778ed2da .av-subheading{\nfont-size:15px;\n}\n<\/style>\n<div  class='av-special-heading av-lf87gq5c-315605a7ef9c9383c46656b6778ed2da av-special-heading-h1  avia-builder-el-2  el_before_av_textblock  avia-builder-el-first '><h1 class='av-special-heading-tag '  itemprop=\"headline\"  >Amiblu r\u00f6rtryckningsr\u00f6r<\/h1><div class=\"special-heading-border\"><div class=\"special-heading-inner-border\"><\/div><\/div><\/div><br \/>\n\n<style type=\"text\/css\" data-created_by=\"avia_inline_auto\" id=\"style-css-av-lf87mcm1-e22fb22c9739b968528a6be83390a5a4\">\n#top .av_textblock_section.av-lf87mcm1-e22fb22c9739b968528a6be83390a5a4 .avia_textblock{\nfont-size:20px;\n}\n<\/style>\n<section  class='av_textblock_section av-lf87mcm1-e22fb22c9739b968528a6be83390a5a4 '   itemscope=\"itemscope\" itemtype=\"https:\/\/schema.org\/CreativeWork\" ><div class='avia_textblock sub-heading'  itemprop=\"text\" ><p>GRP-r\u00f6r med utm\u00e4rkt kompressionsstyrka f\u00f6r att motst\u00e5 h\u00f6ga framdrivningskrafter. Anv\u00e4nds vanligtvis f\u00f6r r\u00f6rtryckning under motorv\u00e4gar och j\u00e4rnv\u00e4gssp\u00e5r och i t\u00e4tbefolkade st\u00e4der.<\/p>\n<\/div><\/section><\/p><\/div><\/div><\/div><\/main><!-- close content main element --><\/div><\/div><\/div>\n<style type=\"text\/css\" data-created_by=\"avia_inline_auto\" id=\"style-css-av-3lizrq9-2eb67d3a78b6fd882fc0250a2de118ec\">\n.avia-section.av-3lizrq9-2eb67d3a78b6fd882fc0250a2de118ec{\nbackground-color:#f2f4f8;\nbackground-image:unset;\n}\n<\/style>\n<div id='av_section_2'  class='avia-section av-3lizrq9-2eb67d3a78b6fd882fc0250a2de118ec main_color avia-section-default avia-no-border-styling  avia-builder-el-4  el_after_av_section  el_before_av_section  avia-bg-style-scroll container_wrap fullsize'  ><div class='container av-section-cont-open' ><div class='template-page content  av-content-full alpha units'><div class='post-entry post-entry-type-page post-entry-38689'><div class='entry-content-wrapper clearfix'>\n\n<style type=\"text\/css\" data-created_by=\"avia_inline_auto\" id=\"style-css-av-2vc3kzl-08440c828870b707f74cc26dd4060c61\">\n.flex_column.av-2vc3kzl-08440c828870b707f74cc26dd4060c61{\nborder-radius:0px 0px 0px 0px;\npadding:0px 0px 0px 0px;\n}\n<\/style>\n<div  class='flex_column av-2vc3kzl-08440c828870b707f74cc26dd4060c61 av_two_third  avia-builder-el-5  avia-builder-el-no-sibling  first flex_column_div av-zero-column-padding  '     ><style type=\"text\/css\" data-created_by=\"avia_inline_auto\" id=\"style-css-av-lf87hdr6-f3d91b3462e4e4cd66f1bb61d56808ee\">\n#top .av_textblock_section.av-lf87hdr6-f3d91b3462e4e4cd66f1bb61d56808ee .avia_textblock{\nfont-size:20px;\n}\n\n@media only screen and (min-width: 480px) and (max-width: 767px){ \n#top .av_textblock_section.av-lf87hdr6-f3d91b3462e4e4cd66f1bb61d56808ee .avia_textblock{\nfont-size:18px;\n}\n}\n\n@media only screen and (max-width: 479px){ \n#top .av_textblock_section.av-lf87hdr6-f3d91b3462e4e4cd66f1bb61d56808ee .avia_textblock{\nfont-size:16px;\n}\n}\n<\/style>\n<section  class='av_textblock_section av-lf87hdr6-f3d91b3462e4e4cd66f1bb61d56808ee '   itemscope=\"itemscope\" itemtype=\"https:\/\/schema.org\/CreativeWork\" ><div class='avia_textblock'  itemprop=\"text\" ><p>Med sin h\u00f6ga h\u00e5llfasthet, l\u00e4tta vikt, sl\u00e4ta inre och yttre yta, och l\u00e5nga livsl\u00e4ngd, \u00e4r Amiblu-r\u00f6r perfekt l\u00e4mpade f\u00f6r schaktfria applikationer som r\u00f6rtryckning och relining.<\/p>\n<\/div><\/section><\/div>\n<\/p>\n<\/div><\/div><\/div><!-- close content main div --><\/div><\/div>\n<style type=\"text\/css\" data-created_by=\"avia_inline_auto\" id=\"style-css-av-2f0elr5-96720794906d726ee8e350b0b65dd006\">\n.avia-section.av-2f0elr5-96720794906d726ee8e350b0b65dd006{\nbackground-color:#f2f4f8;\nbackground-image:unset;\n}\n<\/style>\n<div id='av_section_3'  class='avia-section av-2f0elr5-96720794906d726ee8e350b0b65dd006 main_color avia-section-default avia-no-border-styling  avia-builder-el-7  el_after_av_section  el_before_av_section  productpage avia-bg-style-scroll container_wrap fullsize'  ><div class='container av-section-cont-open' ><div class='template-page content  av-content-full alpha units'><div class='post-entry post-entry-type-page post-entry-38689'><div class='entry-content-wrapper clearfix'>\n<div  class='togglecontainer av-lf87ivcd-07b9faf1ece905ee0b307848bdbdde43  avia-builder-el-8  avia-builder-el-no-sibling  downloadliste toggle_close_all' >\n<section class='av_toggle_section av-lf87isjk-4a79250c9a5b69b85ecbb5220ec24fa8'  itemscope=\"itemscope\" itemtype=\"https:\/\/schema.org\/CreativeWork\" ><div role=\"tablist\" class=\"single_toggle\" data-tags=\"{Alla} \"  ><p id='toggle-rortryckningsror' data-fake-id='#rortryckningsror' class='toggler  activeTitle av-title-above '  itemprop=\"headline\"  role='tab' tabindex='0' aria-controls='rortryckningsror' data-slide-speed=\"200\" data-title=\"R\u00f6rtryckningsr\u00f6r\" data-title-open=\"\" data-aria_collapsed=\"Click to expand: R\u00f6rtryckningsr\u00f6r\" data-aria_expanded=\"Click to collapse: R\u00f6rtryckningsr\u00f6r\">R\u00f6rtryckningsr\u00f6r<span class=\"toggle_icon\"><span class=\"vert_icon\"><\/span><span class=\"hor_icon\"><\/span><\/span><\/p><div id='rortryckningsror' aria-labelledby='toggle-rortryckningsror' role='region' class='toggle_wrap  active_tc av-title-above' style='display:block;' ><div class='toggle_content invers-color '  itemprop=\"text\" ><div class=\"nav1\"><\/div>\n<div class=\"eintrag1\"><\/div>\n<\/div><\/div><\/div><\/section>\n<\/div>\n\n<\/div><\/div><\/div><!-- close content main div --><\/div><\/div><div id='av_section_4' aria-label='HOBAS R\u00d6RTRYCKNINGSR\u00d6R' class='avia-section av-lf87j4a2-535e6e3cb338d80f5c6eee70ff775d43 main_color avia-section-default avia-no-border-styling  avia-builder-el-9  el_after_av_section  avia-builder-el-last  box_element1 avia-bg-style-scroll container_wrap fullsize'  ><div class='container av-section-cont-open' ><div class='template-page content  av-content-full alpha units'><div class='post-entry post-entry-type-page post-entry-38689'><div class='entry-content-wrapper clearfix'>\n\n<style type=\"text\/css\" data-created_by=\"avia_inline_auto\" id=\"style-css-av-23f3vup-3e6a74377ca7aae6aa6beac253f56b7f\">\n.flex_column.av-23f3vup-3e6a74377ca7aae6aa6beac253f56b7f{\nborder-radius:0px 0px 0px 0px;\npadding:0px 0px 0px 0px;\n}\n<\/style>\n<div  class='flex_column av-23f3vup-3e6a74377ca7aae6aa6beac253f56b7f av_one_fourth  avia-builder-el-10  el_before_av_one_third  avia-builder-el-first  first flex_column_div av-zero-column-padding  '     ><style type=\"text\/css\" data-created_by=\"avia_inline_auto\" id=\"style-css-av-1jb4s8x-f59e731a6eff1a0954399598ed5aafc4\">\n.avia-image-container.av-1jb4s8x-f59e731a6eff1a0954399598ed5aafc4 img.avia_image{\nbox-shadow:none;\n}\n.avia-image-container.av-1jb4s8x-f59e731a6eff1a0954399598ed5aafc4 .av-image-caption-overlay-center{\ncolor:#ffffff;\n}\n<\/style>\n<div  class='avia-image-container av-1jb4s8x-f59e731a6eff1a0954399598ed5aafc4 av-styling- avia-align-center  avia-builder-el-11  avia-builder-el-no-sibling '   itemprop=\"image\" itemscope=\"itemscope\" itemtype=\"https:\/\/schema.org\/ImageObject\" ><div class=\"avia-image-container-inner\"><div class=\"avia-image-overlay-wrap\"><img fetchpriority=\"high\" decoding=\"async\" fetchpriority=\"high\" fetchpriority=\"high\" class='wp-image-36192 avia-img-lazy-loading-not-36192 avia_image ' src=\"https:\/\/www.amiblu.com\/wp-content\/uploads\/Hobas-jacking-pipe.png\" alt='Hobas jacking pipe' title='Hobas-jacking-pipe'  height=\"250\" width=\"250\"  itemprop=\"thumbnailUrl\" srcset=\"https:\/\/www.amiblu.com\/wp-content\/uploads\/Hobas-jacking-pipe.png 250w, https:\/\/www.amiblu.com\/wp-content\/uploads\/Hobas-jacking-pipe-80x80.png 80w, https:\/\/www.amiblu.com\/wp-content\/uploads\/Hobas-jacking-pipe-36x36.png 36w, https:\/\/www.amiblu.com\/wp-content\/uploads\/Hobas-jacking-pipe-180x180.png 180w\" sizes=\"(max-width: 250px) 100vw, 250px\" \/><\/div><\/div><\/div><\/div>\n<style type=\"text\/css\" data-created_by=\"avia_inline_auto\" id=\"style-css-av-17c53fl-e77a8a3838b617b3ff1de69a1987d139\">\n.flex_column.av-17c53fl-e77a8a3838b617b3ff1de69a1987d139{\nborder-radius:0px 0px 0px 0px;\npadding:0px 0px 0px 0px;\n}\n<\/style>\n<div  class='flex_column av-17c53fl-e77a8a3838b617b3ff1de69a1987d139 av_one_third  avia-builder-el-12  el_after_av_one_fourth  el_before_av_two_fifth  flex_column_div av-zero-column-padding  '     ><section  class='av_textblock_section av-lf87i3bp-25a5da8e3d60878f9219eb64d3de72f4 '   itemscope=\"itemscope\" itemtype=\"https:\/\/schema.org\/CreativeWork\" ><div class='avia_textblock'  itemprop=\"text\" ><p>Hobas-r\u00f6r utformat f\u00f6r att motst\u00e5 h\u00f6ga framdrivningskrafter. Anv\u00e4nds vanligtvis f\u00f6r r\u00f6rtryckning under v\u00e4gar, j\u00e4rnv\u00e4gar etc. Best\u00e4ndigt mot h\u00f6gtrycksspolning enligt DIN 19523.<\/p>\n<\/div><\/section><\/div>\n<style type=\"text\/css\" data-created_by=\"avia_inline_auto\" id=\"style-css-av-r21zj5-eb4781d6e057e7382b9210fcf2d081f2\">\n.flex_column.av-r21zj5-eb4781d6e057e7382b9210fcf2d081f2{\nborder-radius:0px 0px 0px 0px;\npadding:0px 0px 0px 0px;\n}\n<\/style>\n<div  class='flex_column av-r21zj5-eb4781d6e057e7382b9210fcf2d081f2 av_two_fifth  avia-builder-el-14  el_after_av_one_third  avia-builder-el-last  flex_column_div av-zero-column-padding  '     ><div class='avia-data-table-wrap av-1a1a2f-5237cce4737fc47cb2d79b4e154ed111 avia_responsive_table avia-table-1'><table  class='avia-table avia-data-table avia_pricing_default  avia-builder-el-15  avia-builder-el-no-sibling '  itemscope=\"itemscope\" itemtype=\"https:\/\/schema.org\/Table\" ><tbody><tr class=''><td class=''>Diametrar (de)<\/td><td class=''>272-3600 mm<br \/>\n<\/td><\/tr><tr class=''><td class=''>Tryck (PN)<\/td><td class=''>upp till 16 bar<\/td><\/tr><tr class=''><td class=''>Nominella l\u00e4ngder<\/td><td class=''>1, 1,5, 2, 3, 6 m<\/td><\/tr><tr class=''><td class=''>Styvhet (SN)<\/td><td class=''>32000 upp till 1000000 N\/m\u00b2<\/td><\/tr><\/tbody><\/table><\/div><\/div>\n\n","protected":false},"excerpt":{"rendered":"","protected":false},"author":8,"featured_media":55129,"parent":0,"menu_order":14,"comment_status":"closed","ping_status":"closed","template":"","meta":{"_acf_changed":false,"footnotes":""},"class_list":["post-38689","page","type-page","status-publish","has-post-thumbnail","hentry"],"acf":[],"yoast_head":"<!-- This site is optimized with the Yoast SEO Premium plugin v27.3 (Yoast SEO v27.4) - https:\/\/yoast.com\/product\/yoast-seo-premium-wordpress\/ -->\n<title>Amiblu r\u00f6rtryckningsr\u00f6r<\/title>\n<meta name=\"description\" content=\"Med sin h\u00f6ga h\u00e5llfasthet, l\u00e4tta vikt, sl\u00e4ta inre och yttre yta, och l\u00e5nga livsl\u00e4ngd, \u00e4r Amiblu r\u00f6r perfekt l\u00e4mpade f\u00f6r schaktfria applikationer som r\u00f6rtryckning.\" \/>\n<meta name=\"robots\" content=\"index, follow, max-snippet:-1, max-image-preview:large, max-video-preview:-1\" \/>\n<link rel=\"canonical\" href=\"https:\/\/www.amiblu.com\/sv\/rortryckningsror\/\" \/>\n<meta property=\"og:locale\" content=\"sv_SE\" \/>\n<meta property=\"og:type\" content=\"article\" \/>\n<meta property=\"og:title\" content=\"R\u00f6rtryckningsr\u00f6r\" \/>\n<meta property=\"og:description\" content=\"Med sin h\u00f6ga h\u00e5llfasthet, l\u00e4tta vikt, sl\u00e4ta inre och yttre yta, och l\u00e5nga livsl\u00e4ngd, \u00e4r Amiblu r\u00f6r perfekt l\u00e4mpade f\u00f6r schaktfria applikationer som r\u00f6rtryckning.\" \/>\n<meta property=\"og:url\" content=\"https:\/\/www.amiblu.com\/sv\/rortryckningsror\/\" \/>\n<meta property=\"og:site_name\" content=\"Amiblu\" \/>\n<meta property=\"article:publisher\" content=\"https:\/\/www.facebook.com\/amiblupipes\" \/>\n<meta property=\"article:modified_time\" content=\"2023-03-16T10:51:28+00:00\" \/>\n<meta property=\"og:image\" content=\"https:\/\/www.amiblu.com\/wp-content\/uploads\/Amiblu-GRP-pipes-jacking-project-Crescenza-Rome.webp\" \/>\n\t<meta property=\"og:image:width\" content=\"1920\" \/>\n\t<meta property=\"og:image:height\" content=\"917\" \/>\n\t<meta property=\"og:image:type\" content=\"image\/webp\" \/>\n<meta name=\"twitter:card\" content=\"summary_large_image\" \/>\n<meta name=\"twitter:label1\" content=\"Ber\u00e4knad l\u00e4stid\" \/>\n\t<meta name=\"twitter:data1\" content=\"4 minuter\" \/>\n<script type=\"application\/ld+json\" class=\"yoast-schema-graph\">{\"@context\":\"https:\\\/\\\/schema.org\",\"@graph\":[{\"@type\":\"WebPage\",\"@id\":\"https:\\\/\\\/www.amiblu.com\\\/sv\\\/rortryckningsror\\\/\",\"url\":\"https:\\\/\\\/www.amiblu.com\\\/sv\\\/rortryckningsror\\\/\",\"name\":\"Amiblu r\u00f6rtryckningsr\u00f6r\",\"isPartOf\":{\"@id\":\"https:\\\/\\\/www.amiblu.com\\\/sv\\\/#website\"},\"primaryImageOfPage\":{\"@id\":\"https:\\\/\\\/www.amiblu.com\\\/sv\\\/rortryckningsror\\\/#primaryimage\"},\"image\":{\"@id\":\"https:\\\/\\\/www.amiblu.com\\\/sv\\\/rortryckningsror\\\/#primaryimage\"},\"thumbnailUrl\":\"https:\\\/\\\/www.amiblu.com\\\/wp-content\\\/uploads\\\/Amiblu-GRP-pipes-jacking-project-Crescenza-Rome.webp\",\"datePublished\":\"2021-07-14T11:28:09+00:00\",\"dateModified\":\"2023-03-16T10:51:28+00:00\",\"description\":\"Med sin h\u00f6ga h\u00e5llfasthet, l\u00e4tta vikt, sl\u00e4ta inre och yttre yta, och l\u00e5nga livsl\u00e4ngd, \u00e4r Amiblu r\u00f6r perfekt l\u00e4mpade f\u00f6r schaktfria applikationer som r\u00f6rtryckning.\",\"inLanguage\":\"sv-SE\",\"potentialAction\":[{\"@type\":\"ReadAction\",\"target\":[\"https:\\\/\\\/www.amiblu.com\\\/sv\\\/rortryckningsror\\\/\"]}]},{\"@type\":\"ImageObject\",\"inLanguage\":\"sv-SE\",\"@id\":\"https:\\\/\\\/www.amiblu.com\\\/sv\\\/rortryckningsror\\\/#primaryimage\",\"url\":\"https:\\\/\\\/www.amiblu.com\\\/wp-content\\\/uploads\\\/Amiblu-GRP-pipes-jacking-project-Crescenza-Rome.webp\",\"contentUrl\":\"https:\\\/\\\/www.amiblu.com\\\/wp-content\\\/uploads\\\/Amiblu-GRP-pipes-jacking-project-Crescenza-Rome.webp\",\"width\":1920,\"height\":917,\"caption\":\"Amiblu GRP pipes for jacking project Crescenza in Rome, Italy\"},{\"@type\":\"WebSite\",\"@id\":\"https:\\\/\\\/www.amiblu.com\\\/sv\\\/#website\",\"url\":\"https:\\\/\\\/www.amiblu.com\\\/sv\\\/\",\"name\":\"Amiblu\",\"description\":\"GFK-Rohrsysteme f\u00fcr Generationen\",\"publisher\":{\"@id\":\"https:\\\/\\\/www.amiblu.com\\\/sv\\\/#organization\"},\"potentialAction\":[{\"@type\":\"SearchAction\",\"target\":{\"@type\":\"EntryPoint\",\"urlTemplate\":\"https:\\\/\\\/www.amiblu.com\\\/sv\\\/?s={search_term_string}\"},\"query-input\":{\"@type\":\"PropertyValueSpecification\",\"valueRequired\":true,\"valueName\":\"search_term_string\"}}],\"inLanguage\":\"sv-SE\"},{\"@type\":\"Organization\",\"@id\":\"https:\\\/\\\/www.amiblu.com\\\/sv\\\/#organization\",\"name\":\"Amiblu Group\",\"url\":\"https:\\\/\\\/www.amiblu.com\\\/sv\\\/\",\"logo\":{\"@type\":\"ImageObject\",\"inLanguage\":\"sv-SE\",\"@id\":\"https:\\\/\\\/www.amiblu.com\\\/sv\\\/#\\\/schema\\\/logo\\\/image\\\/\",\"url\":\"https:\\\/\\\/www.amiblu.com\\\/wp-content\\\/uploads\\\/2021\\\/01\\\/Amiblu-logo-website-1.png\",\"contentUrl\":\"https:\\\/\\\/www.amiblu.com\\\/wp-content\\\/uploads\\\/2021\\\/01\\\/Amiblu-logo-website-1.png\",\"width\":201,\"height\":38,\"caption\":\"Amiblu Group\"},\"image\":{\"@id\":\"https:\\\/\\\/www.amiblu.com\\\/sv\\\/#\\\/schema\\\/logo\\\/image\\\/\"},\"sameAs\":[\"https:\\\/\\\/www.facebook.com\\\/amiblupipes\",\"https:\\\/\\\/www.youtube.com\\\/c\\\/Amiblu\",\"https:\\\/\\\/de.wikipedia.org\\\/wiki\\\/Amiblu\",\"https:\\\/\\\/www.linkedin.com\\\/company\\\/amiblupipes\\\/\"]}]}<\/script>\n<!-- \/ Yoast SEO Premium plugin. -->","yoast_head_json":{"title":"Amiblu r\u00f6rtryckningsr\u00f6r","description":"Med sin h\u00f6ga h\u00e5llfasthet, l\u00e4tta vikt, sl\u00e4ta inre och yttre yta, och l\u00e5nga livsl\u00e4ngd, \u00e4r Amiblu r\u00f6r perfekt l\u00e4mpade f\u00f6r schaktfria applikationer som r\u00f6rtryckning.","robots":{"index":"index","follow":"follow","max-snippet":"max-snippet:-1","max-image-preview":"max-image-preview:large","max-video-preview":"max-video-preview:-1"},"canonical":"https:\/\/www.amiblu.com\/sv\/rortryckningsror\/","og_locale":"sv_SE","og_type":"article","og_title":"R\u00f6rtryckningsr\u00f6r","og_description":"Med sin h\u00f6ga h\u00e5llfasthet, l\u00e4tta vikt, sl\u00e4ta inre och yttre yta, och l\u00e5nga livsl\u00e4ngd, \u00e4r Amiblu r\u00f6r perfekt l\u00e4mpade f\u00f6r schaktfria applikationer som r\u00f6rtryckning.","og_url":"https:\/\/www.amiblu.com\/sv\/rortryckningsror\/","og_site_name":"Amiblu","article_publisher":"https:\/\/www.facebook.com\/amiblupipes","article_modified_time":"2023-03-16T10:51:28+00:00","og_image":[{"width":1920,"height":917,"url":"https:\/\/www.amiblu.com\/wp-content\/uploads\/Amiblu-GRP-pipes-jacking-project-Crescenza-Rome.webp","type":"image\/webp"}],"twitter_card":"summary_large_image","twitter_misc":{"Ber\u00e4knad l\u00e4stid":"4 minuter"},"schema":{"@context":"https:\/\/schema.org","@graph":[{"@type":"WebPage","@id":"https:\/\/www.amiblu.com\/sv\/rortryckningsror\/","url":"https:\/\/www.amiblu.com\/sv\/rortryckningsror\/","name":"Amiblu r\u00f6rtryckningsr\u00f6r","isPartOf":{"@id":"https:\/\/www.amiblu.com\/sv\/#website"},"primaryImageOfPage":{"@id":"https:\/\/www.amiblu.com\/sv\/rortryckningsror\/#primaryimage"},"image":{"@id":"https:\/\/www.amiblu.com\/sv\/rortryckningsror\/#primaryimage"},"thumbnailUrl":"https:\/\/www.amiblu.com\/wp-content\/uploads\/Amiblu-GRP-pipes-jacking-project-Crescenza-Rome.webp","datePublished":"2021-07-14T11:28:09+00:00","dateModified":"2023-03-16T10:51:28+00:00","description":"Med sin h\u00f6ga h\u00e5llfasthet, l\u00e4tta vikt, sl\u00e4ta inre och yttre yta, och l\u00e5nga livsl\u00e4ngd, \u00e4r Amiblu r\u00f6r perfekt l\u00e4mpade f\u00f6r schaktfria applikationer som r\u00f6rtryckning.","inLanguage":"sv-SE","potentialAction":[{"@type":"ReadAction","target":["https:\/\/www.amiblu.com\/sv\/rortryckningsror\/"]}]},{"@type":"ImageObject","inLanguage":"sv-SE","@id":"https:\/\/www.amiblu.com\/sv\/rortryckningsror\/#primaryimage","url":"https:\/\/www.amiblu.com\/wp-content\/uploads\/Amiblu-GRP-pipes-jacking-project-Crescenza-Rome.webp","contentUrl":"https:\/\/www.amiblu.com\/wp-content\/uploads\/Amiblu-GRP-pipes-jacking-project-Crescenza-Rome.webp","width":1920,"height":917,"caption":"Amiblu GRP pipes for jacking project Crescenza in Rome, Italy"},{"@type":"WebSite","@id":"https:\/\/www.amiblu.com\/sv\/#website","url":"https:\/\/www.amiblu.com\/sv\/","name":"Amiblu","description":"GFK-Rohrsysteme f\u00fcr Generationen","publisher":{"@id":"https:\/\/www.amiblu.com\/sv\/#organization"},"potentialAction":[{"@type":"SearchAction","target":{"@type":"EntryPoint","urlTemplate":"https:\/\/www.amiblu.com\/sv\/?s={search_term_string}"},"query-input":{"@type":"PropertyValueSpecification","valueRequired":true,"valueName":"search_term_string"}}],"inLanguage":"sv-SE"},{"@type":"Organization","@id":"https:\/\/www.amiblu.com\/sv\/#organization","name":"Amiblu Group","url":"https:\/\/www.amiblu.com\/sv\/","logo":{"@type":"ImageObject","inLanguage":"sv-SE","@id":"https:\/\/www.amiblu.com\/sv\/#\/schema\/logo\/image\/","url":"https:\/\/www.amiblu.com\/wp-content\/uploads\/2021\/01\/Amiblu-logo-website-1.png","contentUrl":"https:\/\/www.amiblu.com\/wp-content\/uploads\/2021\/01\/Amiblu-logo-website-1.png","width":201,"height":38,"caption":"Amiblu Group"},"image":{"@id":"https:\/\/www.amiblu.com\/sv\/#\/schema\/logo\/image\/"},"sameAs":["https:\/\/www.facebook.com\/amiblupipes","https:\/\/www.youtube.com\/c\/Amiblu","https:\/\/de.wikipedia.org\/wiki\/Amiblu","https:\/\/www.linkedin.com\/company\/amiblupipes\/"]}]}},"_links":{"self":[{"href":"https:\/\/www.amiblu.com\/sv\/wp-json\/wp\/v2\/pages\/38689","targetHints":{"allow":["GET"]}}],"collection":[{"href":"https:\/\/www.amiblu.com\/sv\/wp-json\/wp\/v2\/pages"}],"about":[{"href":"https:\/\/www.amiblu.com\/sv\/wp-json\/wp\/v2\/types\/page"}],"author":[{"embeddable":true,"href":"https:\/\/www.amiblu.com\/sv\/wp-json\/wp\/v2\/users\/8"}],"replies":[{"embeddable":true,"href":"https:\/\/www.amiblu.com\/sv\/wp-json\/wp\/v2\/comments?post=38689"}],"version-history":[{"count":12,"href":"https:\/\/www.amiblu.com\/sv\/wp-json\/wp\/v2\/pages\/38689\/revisions"}],"predecessor-version":[{"id":56252,"href":"https:\/\/www.amiblu.com\/sv\/wp-json\/wp\/v2\/pages\/38689\/revisions\/56252"}],"wp:featuredmedia":[{"embeddable":true,"href":"https:\/\/www.amiblu.com\/sv\/wp-json\/wp\/v2\/media\/55129"}],"wp:attachment":[{"href":"https:\/\/www.amiblu.com\/sv\/wp-json\/wp\/v2\/media?parent=38689"}],"curies":[{"name":"wp","href":"https:\/\/api.w.org\/{rel}","templated":true}]}}